{"id":42988,"date":"2016-07-01T10:24:18","date_gmt":"2016-07-01T10:24:18","guid":{"rendered":"https:\/\/motorgenie.com\/gizlilik-politikasi\/"},"modified":"2024-07-09T14:57:45","modified_gmt":"2024-07-09T14:57:45","slug":"gizlilik-politikasi","status":"publish","type":"page","link":"https:\/\/motorgenie.com\/tr\/gizlilik-politikasi\/","title":{"rendered":"Gizlilik Politikas\u0131"},"content":{"rendered":"<p>[vc_row][vc_column][vc_row_inner][vc_column_inner][vc_column_text]<\/p>\n<div class=\"col-md-8 col-md-offset-2\">\n<p>Bu gizlilik politikas\u0131, &#8216;Ki\u015fisel olarak tan\u0131mlanabilir bilgilerinin&#8217; (PII) \u00e7evrimi\u00e7i olarak nas\u0131l kullan\u0131ld\u0131\u011f\u0131ndan endi\u015fe duyanlara daha iyi hizmet vermek i\u00e7in derlenmi\u015ftir. ABD gizlilik hukuku ve bilgi g\u00fcvenli\u011finde kullan\u0131ld\u0131\u011f\u0131 \u015fekliyle PII, tek bir ki\u015fiyi tan\u0131mlamak, ileti\u015fim kurmak veya yerini belirlemek ya da bir bireyi ba\u011flam i\u00e7inde tan\u0131mlamak i\u00e7in kendi ba\u015f\u0131na veya di\u011fer bilgilerle birlikte kullan\u0131labilen bilgilerdir. Ki\u015fisel Olarak Tan\u0131mlanabilir Bilgilerinizi web sitemize uygun olarak nas\u0131l toplad\u0131\u011f\u0131m\u0131z\u0131, kulland\u0131\u011f\u0131m\u0131z\u0131, korudu\u011fumuzu veya ba\u015fka \u015fekilde ele ald\u0131\u011f\u0131m\u0131z\u0131 net bir \u015fekilde anlamak i\u00e7in l\u00fctfen gizlilik politikam\u0131z\u0131 dikkatlice okuyun.<\/p>\n<p>&nbsp;<\/p>\n<h4>Blogumuzu, web sitemizi veya uygulamam\u0131z\u0131 ziyaret eden ki\u015filerden hangi ki\u015fisel bilgileri topluyoruz?<\/h4>\n<p>Sitemizde sipari\u015f verirken veya kay\u0131t olurken, uygun oldu\u011fu \u015fekilde, deneyiminize yard\u0131mc\u0131 olmak i\u00e7in ad\u0131n\u0131z\u0131, e-posta adresinizi veya di\u011fer ayr\u0131nt\u0131lar\u0131 girmeniz istenebilir.<\/p>\n<p>&nbsp;<\/p>\n<h4>Ne zaman bilgi topluyoruz?<\/h4>\n<p>Sitemize kay\u0131t oldu\u011funuzda, bir b\u00fcltene abone oldu\u011funuzda veya sitemize bilgi girdi\u011finizde sizden bilgi toplar\u0131z.<\/p>\n<p>&nbsp;<\/p>\n<h4>Bilgilerinizi nas\u0131l kullan\u0131yoruz?<\/h4>\n<p>Kay\u0131t oldu\u011funuzda, bir sat\u0131n alma i\u015flemi yapt\u0131\u011f\u0131n\u0131zda, b\u00fcltenimize kaydoldu\u011funuzda, bir ankete veya pazarlama ileti\u015fimine yan\u0131t verdi\u011finizde, web sitesinde gezindi\u011finizde veya di\u011fer baz\u0131 site \u00f6zelliklerini kulland\u0131\u011f\u0131n\u0131zda sizden toplad\u0131\u011f\u0131m\u0131z bilgileri a\u015fa\u011f\u0131daki \u015fekillerde kullanabiliriz:<\/p>\n<ul>\n<li>Kullan\u0131c\u0131 deneyimini ki\u015fiselle\u015ftirmek ve en \u00e7ok ilgilendi\u011finiz i\u00e7erik ve \u00fcr\u00fcn tekliflerini sunmam\u0131z\u0131 sa\u011flamak i\u00e7in.<\/li>\n<li>M\u00fc\u015fteri hizmetleri taleplerinize yan\u0131t verirken size daha iyi hizmet vermemizi sa\u011flamak i\u00e7in.<\/li>\n<li>Sipari\u015finiz veya di\u011fer \u00fcr\u00fcn ve hizmetlerle ilgili periyodik e-postalar g\u00f6ndermek i\u00e7in.<\/li>\n<\/ul>\n<p>&nbsp;<\/p>\n<h4>Ziyaret\u00e7i bilgilerini nas\u0131l koruyoruz?<\/h4>\n<p>Web sitemiz, sitemizi ziyaretinizi m\u00fcmk\u00fcn oldu\u011funca g\u00fcvenli hale getirmek i\u00e7in g\u00fcvenlik a\u00e7\u0131klar\u0131 ve bilinen g\u00fcvenlik a\u00e7\u0131klar\u0131 i\u00e7in d\u00fczenli olarak taranmaktad\u0131r.<\/p>\n<p>D\u00fczenli K\u00f6t\u00fc Ama\u00e7l\u0131 Yaz\u0131l\u0131m Taramas\u0131 kullan\u0131yoruz.<\/p>\n<p>Ki\u015fisel bilgileriniz g\u00fcvenli a\u011flar\u0131n arkas\u0131nda bulunur ve yaln\u0131zca bu t\u00fcr sistemlere \u00f6zel eri\u015fim haklar\u0131na sahip olan ve bilgileri gizli tutmas\u0131 gereken s\u0131n\u0131rl\u0131 say\u0131da ki\u015fi taraf\u0131ndan eri\u015filebilir. Ayr\u0131ca, verdi\u011finiz t\u00fcm hassas\/kredi bilgileri Secure Socket Layer (SSL) teknolojisi ile \u015fifrelenmektedir.<\/p>\n<p>Bir kullan\u0131c\u0131 ki\u015fisel bilgilerinizin g\u00fcvenli\u011fini korumak i\u00e7in bilgilerini girdi\u011finde, g\u00f6nderdi\u011finde veya bilgilerine eri\u015fti\u011finde \u00e7e\u015fitli g\u00fcvenlik \u00f6nlemleri uyguluyoruz.<\/p>\n<p>T\u00fcm i\u015flemler bir a\u011f ge\u00e7idi sa\u011flay\u0131c\u0131s\u0131 arac\u0131l\u0131\u011f\u0131yla i\u015flenir ve sunucular\u0131m\u0131zda saklanmaz veya i\u015flenmez.<\/p>\n<p>&nbsp;<\/p>\n<h4>&#8216;\u00c7erez&#8217; kullan\u0131yor muyuz?<\/h4>\n<p>Evet. \u00c7erezler, bir sitenin veya hizmet sa\u011flay\u0131c\u0131s\u0131n\u0131n Web taray\u0131c\u0131n\u0131z arac\u0131l\u0131\u011f\u0131yla (izin verirseniz) bilgisayar\u0131n\u0131z\u0131n sabit diskine aktard\u0131\u011f\u0131 ve sitenin veya hizmet sa\u011flay\u0131c\u0131s\u0131n\u0131n sistemlerinin taray\u0131c\u0131n\u0131z\u0131 tan\u0131mas\u0131n\u0131 ve belirli bilgileri yakalay\u0131p hat\u0131rlamas\u0131n\u0131 sa\u011flayan k\u00fc\u00e7\u00fck dosyalard\u0131r. \u00d6rne\u011fin, al\u0131\u015fveri\u015f sepetinizdeki \u00fcr\u00fcnleri hat\u0131rlamam\u0131za ve i\u015flememize yard\u0131mc\u0131 olmas\u0131 i\u00e7in \u00e7erezleri kullan\u0131r\u0131z. Ayr\u0131ca, \u00f6nceki veya mevcut site etkinli\u011finize dayal\u0131 olarak tercihlerinizi anlamam\u0131za yard\u0131mc\u0131 olmak i\u00e7in kullan\u0131l\u0131rlar, bu da size daha iyi hizmetler sunmam\u0131z\u0131 sa\u011flar. Ayr\u0131ca \u00e7erezleri, gelecekte daha iyi site deneyimleri ve ara\u00e7lar\u0131 sunabilmemiz i\u00e7in site trafi\u011fi ve site etkile\u015fimi hakk\u0131nda toplu veriler derlememize yard\u0131mc\u0131 olmak i\u00e7in kullan\u0131r\u0131z.<\/p>\n<p>&nbsp;<\/p>\n<h4>\u00c7erezleri \u015fu ama\u00e7larla kullan\u0131yoruz:<\/h4>\n<p><strong>  Gelecek ziyaretler i\u00e7in kullan\u0131c\u0131n\u0131n tercihlerini anlay\u0131n ve kaydedin.<\/strong><br \/>\nBilgisayar\u0131n\u0131z\u0131n her \u00e7erez g\u00f6nderildi\u011finde sizi uyarmas\u0131n\u0131 se\u00e7ebilir veya t\u00fcm \u00e7erezleri kapatmay\u0131 se\u00e7ebilirsiniz. Bunu taray\u0131c\u0131n\u0131z\u0131n (Internet Explorer gibi) ayarlar\u0131 arac\u0131l\u0131\u011f\u0131yla yapars\u0131n\u0131z. Her taray\u0131c\u0131 biraz farkl\u0131d\u0131r, bu nedenle \u00e7erezlerinizi de\u011fi\u015ftirmenin do\u011fru yolunu \u00f6\u011frenmek i\u00e7in taray\u0131c\u0131n\u0131z\u0131n Yard\u0131m men\u00fcs\u00fcne bak\u0131n.<\/p>\n<p>\u00c7erezleri devre d\u0131\u015f\u0131 b\u0131rak\u0131rsan\u0131z, baz\u0131 \u00f6zellikler devre d\u0131\u015f\u0131 kalacakt\u0131r Site deneyiminizi daha verimli hale getiren kullan\u0131c\u0131 deneyimini etkilemeyecek ve baz\u0131 hizmetlerimiz d\u00fczg\u00fcn \u00e7al\u0131\u015fmayacakt\u0131r.<\/p>\n<p>Ancak, yine de sipari\u015f verebilirsiniz .<\/p>\n<p>&nbsp;<\/p>\n<h4>\u00dc\u00e7\u00fcnc\u00fc Taraf A\u00e7\u0131klamas\u0131<\/h4>\n<p>Ki\u015fisel olarak tan\u0131mlanabilir bilgilerinizi satm\u0131yor, takas etmiyor veya ba\u015fka bir \u015fekilde d\u0131\u015f taraflara aktarm\u0131yoruz.<\/p>\n<p>&nbsp;<\/p>\n<h4>\u00dc\u00e7\u00fcnc\u00fc taraf ba\u011flant\u0131lar\u0131<\/h4>\n<p>Zaman zaman, kendi takdirimize ba\u011fl\u0131 olarak, web sitemize \u00fc\u00e7\u00fcnc\u00fc taraf \u00fcr\u00fcnleri veya hizmetleri dahil edebilir veya sunabiliriz. Bu \u00fc\u00e7\u00fcnc\u00fc taraf sitelerin ayr\u0131 ve ba\u011f\u0131ms\u0131z gizlilik politikalar\u0131 vard\u0131r. Bu nedenle, bu ba\u011flant\u0131l\u0131 sitelerin i\u00e7eri\u011fi ve faaliyetleri konusunda hi\u00e7bir sorumlulu\u011fumuz veya y\u00fck\u00fcml\u00fcl\u00fc\u011f\u00fcm\u00fcz bulunmamaktad\u0131r. Bununla birlikte, sitemizin b\u00fct\u00fcnl\u00fc\u011f\u00fcn\u00fc korumaya \u00e7al\u0131\u015f\u0131yor ve bu sitelerle ilgili her t\u00fcrl\u00fc geri bildirimi memnuniyetle kar\u015f\u0131l\u0131yoruz.<\/p>\n<p>&nbsp;<\/p>\n<h4>Google<\/h4>\n<p>Google&#8217;\u0131n reklamc\u0131l\u0131k gereksinimleri Google&#8217;\u0131n Reklamc\u0131l\u0131k \u0130lkeleri ile \u00f6zetlenebilir. Kullan\u0131c\u0131lar i\u00e7in olumlu bir deneyim sa\u011flamak \u00fczere uygulamaya konurlar.  <a href=\"https:\/\/support.google.com\/adwordspolicy\/answer\/1316548?hl=en\" target=\"_blank\" rel=\"noopener\"><a href=\"https:\/\/support.google.com\/adwordspolicy\/answer\/1316548?hl=en\">Google&#8217;\u0131n Reklam Politikas\u0131n\u0131 Okuyun<\/a><\/a><\/p>\n<p>Web sitemizde Google AdSense Reklamc\u0131l\u0131\u011f\u0131 kullan\u0131yoruz.<br \/>\nGoogle, \u00fc\u00e7\u00fcnc\u00fc taraf bir sat\u0131c\u0131 olarak sitemizde reklam sunmak i\u00e7in \u00e7erezleri kullan\u0131r. Google&#8217;\u0131n DART \u00e7erezini kullanmas\u0131, kullan\u0131c\u0131lar\u0131m\u0131za sitemize ve \u0130nternet&#8217;teki di\u011fer sitelere yapt\u0131klar\u0131 ziyaretlere dayal\u0131 olarak reklam sunmas\u0131n\u0131 sa\u011flar. Kullan\u0131c\u0131lar, Google reklam ve i\u00e7erik a\u011f\u0131 gizlilik politikas\u0131n\u0131 ziyaret ederek DART \u00e7erezinin kullan\u0131m\u0131n\u0131 devre d\u0131\u015f\u0131 b\u0131rakabilir.<\/p>\n<p>&nbsp;<\/p>\n<h4>A\u015fa\u011f\u0131dakileri uygulamaya koyduk:<\/h4>\n<p><strong>Demografi ve \u0130lgi Alanlar\u0131 Raporlamas\u0131<\/strong><\/p>\n<p>Google gibi \u00fc\u00e7\u00fcnc\u00fc taraf sat\u0131c\u0131larla birlikte, reklam g\u00f6sterimleriyle kullan\u0131c\u0131 etkile\u015fimlerine ve web sitemizle ilgili di\u011fer reklam hizmeti i\u015flevlerine ili\u015fkin verileri derlemek i\u00e7in birinci taraf \u00e7erezleri (Google Analytics \u00e7erezleri gibi) ve \u00fc\u00e7\u00fcnc\u00fc taraf \u00e7erezleri (DoubleClick \u00e7erezi gibi) veya di\u011fer \u00fc\u00e7\u00fcnc\u00fc taraf tan\u0131mlay\u0131c\u0131lar\u0131 birlikte kullan\u0131r\u0131z.<\/p>\n<p><strong>Vazge\u00e7mek:<\/strong><\/p>\n<p>Kullan\u0131c\u0131lar, Google Reklam Ayarlar\u0131 sayfas\u0131n\u0131 kullanarak Google&#8217;\u0131n size nas\u0131l reklam verece\u011fine ili\u015fkin tercihleri belirleyebilir. Alternatif olarak, Network Advertising initiative opt out sayfas\u0131n\u0131 ziyaret ederek veya Google Analytics Opt Out Browser eklentisini kullanarak kal\u0131c\u0131 olarak devre d\u0131\u015f\u0131 b\u0131rakabilirsiniz.<\/p>\n<p>&nbsp;<\/p>\n<h4>Kaliforniya \u00c7evrimi\u00e7i Gizlilik Koruma Yasas\u0131<\/h4>\n<p>CalOPPA, ticari web sitelerinin ve \u00e7evrimi\u00e7i hizmetlerin bir gizlilik politikas\u0131 yay\u0131nlamas\u0131n\u0131 gerektiren \u00fclkedeki ilk eyalet yasas\u0131d\u0131r. Yasan\u0131n kapsam\u0131 Kaliforniya&#8217;n\u0131n \u00e7ok \u00f6tesine uzanarak, Amerika Birle\u015fik Devletleri&#8217;nde (ve muhtemelen d\u00fcnyada) Kaliforniyal\u0131 t\u00fcketicilerden ki\u015fisel olarak tan\u0131mlanabilir bilgiler toplayan web siteleri i\u015fleten bir ki\u015fi veya \u015firketin, web sitesinde toplanan bilgileri ve bu bilgilerin payla\u015f\u0131ld\u0131\u011f\u0131 ki\u015fileri tam olarak belirten g\u00f6ze \u00e7arpan bir gizlilik politikas\u0131 yay\u0131nlamas\u0131n\u0131 ve bu politikaya uymas\u0131n\u0131 gerektirmektedir. &#8211; <a href=\"http:\/\/consumercal.org\/california-online-privacy-protection-act-caloppa\/#sthash.0FdRbT51.dpuf\" target=\"_blank\" rel=\"noopener\">Daha fazlas\u0131n\u0131 g\u00f6r.<\/a><\/p>\n<p>&nbsp;<\/p>\n<h4>CalOPPA&#8217;ya g\u00f6re a\u015fa\u011f\u0131dakileri kabul ediyoruz:<\/h4>\n<p>Kullan\u0131c\u0131lar sitemizi anonim olarak ziyaret edebilir<\/p>\n<p>Bu gizlilik politikas\u0131 olu\u015fturulduktan sonra, ana sayfam\u0131za veya asgari olarak web sitemize girdikten sonraki ilk \u00f6nemli sayfaya bir ba\u011flant\u0131 ekleyece\u011fiz.<\/p>\n<p>Gizlilik Politikas\u0131 ba\u011flant\u0131m\u0131z &#8216;Gizlilik&#8217; kelimesini i\u00e7erir ve yukar\u0131da belirtilen sayfada kolayca bulunabilir.<br \/>\nKullan\u0131c\u0131lar gizlilik politikas\u0131 de\u011fi\u015fikliklerinden haberdar edilecektir:<\/p>\n<p>&#8211; Gizlilik Politikas\u0131 <strong>Sayfam\u0131zda<\/strong> <\/p>\n<p>Kullan\u0131c\u0131lar ki\u015fisel bilgilerini de\u011fi\u015ftirebilirler:<\/p>\n<p>&#8211; Bize e-posta <strong>g\u00f6ndererek<\/strong> <\/p>\n<p>&#8211; Hesaplar\u0131na giri\u015f <strong>yaparak<\/strong> <\/p>\n<p>&nbsp;<\/p>\n<h4>Sitemiz takip etme sinyallerini nas\u0131l i\u015fliyor?<\/h4>\n<p>Bir Do Not Track (DNT) taray\u0131c\u0131 mekanizmas\u0131 mevcut oldu\u011funda sinyalleri takip etmeme ve izlememe, \u00e7erez yerle\u015ftirme veya reklam kullanmama onuruna sahibiz.<\/p>\n<p>&nbsp;<\/p>\n<h4>Sitemiz \u00fc\u00e7\u00fcnc\u00fc taraf davran\u0131\u015fsal izlemeye izin veriyor mu?<\/h4>\n<p>\u00dc\u00e7\u00fcnc\u00fc taraf davran\u0131\u015fsal takibine izin vermedi\u011fimizi de belirtmek \u00f6nemlidir<\/p>\n<p>&nbsp;<\/p>\n<h4>COPPA (\u00c7ocuklar\u0131n \u00c7evrimi\u00e7i Gizlili\u011fini Koruma Yasas\u0131)<\/h4>\n<p>Konu 13 ya\u015f\u0131ndan k\u00fc\u00e7\u00fck \u00e7ocuklardan ki\u015fisel bilgi toplanmas\u0131 oldu\u011funda, \u00c7ocuklar\u0131n \u00c7evrimi\u00e7i Gizlili\u011fini Koruma Yasas\u0131 (COPPA) kontrol\u00fc ebeveynlere vermektedir. \u00dclkenin t\u00fcketici koruma kurumu olan Federal Ticaret Komisyonu, web sitelerinin ve \u00e7evrimi\u00e7i hizmetlerin operat\u00f6rlerinin \u00e7ocuklar\u0131n \u00e7evrimi\u00e7i gizlili\u011fini ve g\u00fcvenli\u011fini korumak i\u00e7in ne yapmalar\u0131 gerekti\u011fini a\u00e7\u0131klayan COPPA Kural\u0131n\u0131 uygulamaktad\u0131r.<br \/>\n\u00d6zellikle 13 ya\u015f\u0131ndan k\u00fc\u00e7\u00fck \u00e7ocuklara pazarlama yapm\u0131yoruz.<\/p>\n<p>&nbsp;<\/p>\n<h4>Adil Bilgi Uygulamalar\u0131<\/h4>\n<p>Adil Bilgi Uygulamalar\u0131 \u0130lkeleri, Amerika Birle\u015fik Devletleri&#8217;nde gizlilik hukukunun bel kemi\u011fini olu\u015fturmaktad\u0131r ve i\u00e7erdi\u011fi kavramlar, d\u00fcnya \u00e7ap\u0131nda veri koruma yasalar\u0131n\u0131n geli\u015ftirilmesinde \u00f6nemli bir rol oynam\u0131\u015ft\u0131r. Adil Bilgi Uygulama \u0130lkelerini ve bunlar\u0131n nas\u0131l uygulanmas\u0131 gerekti\u011fini anlamak, ki\u015fisel bilgileri koruyan \u00e7e\u015fitli gizlilik yasalar\u0131na uymak i\u00e7in kritik \u00f6neme sahiptir.<\/p>\n<h4>Adil Bilgi Uygulamalar\u0131 ile uyumlu olmak i\u00e7in, bir veri ihlalinin meydana gelmesi durumunda a\u015fa\u011f\u0131daki duyarl\u0131 eylemi ger\u00e7ekle\u015ftirece\u011fiz:<\/h4>\n<p>Kullan\u0131c\u0131lar\u0131 e-posta yoluyla bilgilendirece\u011fiz<\/p>\n<p>&#8211; 1 i\u015f g\u00fcn\u00fc <strong>i\u00e7erisinde<\/strong><br \/>\nAyr\u0131ca, bireylerin yasalara uymayan veri toplay\u0131c\u0131lar\u0131 ve i\u015fleyicilerine kar\u015f\u0131 yasal olarak uygulanabilir haklar\u0131n\u0131 takip etme hakk\u0131na sahip olmalar\u0131n\u0131 gerektiren bireysel tazminat ilkesini de kabul ediyoruz. Bu ilke yaln\u0131zca bireylerin veri kullan\u0131c\u0131lar\u0131na kar\u015f\u0131 uygulanabilir haklara sahip olmas\u0131n\u0131 de\u011fil, ayn\u0131 zamanda bireylerin veri i\u015fleyenlerin uyumsuzluklar\u0131n\u0131 soru\u015fturmak ve\/veya kovu\u015fturmak i\u00e7in mahkemelere veya bir devlet kurumuna ba\u015fvurabilmesini de gerektirir.<\/p>\n<p>&nbsp;<\/p>\n<h4>CAN SPAM Yasas\u0131<\/h4>\n<p>CAN-SPAM Yasas\u0131, ticari e-posta i\u00e7in kurallar\u0131 belirleyen, ticari mesajlar i\u00e7in gereklilikleri ortaya koyan, al\u0131c\u0131lara e-postalar\u0131n kendilerine g\u00f6nderilmesini durdurma hakk\u0131 veren ve ihlaller i\u00e7in sert cezalar \u00f6ng\u00f6ren bir yasad\u0131r.<\/p>\n<p>&nbsp;<\/p>\n<h4>E-posta adresinizi \u015fu ama\u00e7larla topluyoruz:<\/h4>\n<p>&#8211; Bilgi <strong>g\u00f6nderin<\/strong>, sorulara yan\u0131t verin ve\/veya di\u011fer talepleri veya sorular\u0131 yan\u0131tlay\u0131n.<\/p>\n<p>&#8211; Posta listemize <strong>pazarlama<\/strong> yapmak veya orijinal i\u015flem ger\u00e7ekle\u015ftikten sonra m\u00fc\u015fterilerimize e-posta g\u00f6ndermeye devam etmek<\/p>\n<p>&nbsp;<\/p>\n<h4>CANSPAM ile uyumlu olmak i\u00e7in a\u015fa\u011f\u0131dakileri kabul ediyoruz:<\/h4>\n<p>&#8211; Yanl\u0131\u015f veya yan\u0131lt\u0131c\u0131 konular veya e-posta adresleri <strong>KULLANMAYIN<\/strong> <\/p>\n<p>&#8211; Mesaj\u0131 makul bir \u015fekilde reklam olarak <strong>tan\u0131mlay\u0131n<\/strong> <\/p>\n<p>&#8211; \u0130\u015f veya tesis merkezimizin fiziksel adresini <strong>ekleyin<\/strong> <\/p>\n<p>&#8211; Kullan\u0131l\u0131yorsa, \u00fc\u00e7\u00fcnc\u00fc taraf e-posta pazarlama hizmetlerini uyumluluk a\u00e7\u0131s\u0131ndan <strong>izleyin<\/strong>.<\/p>\n<p>&#8211; <strong>Opt-out\/abonelikten<\/strong> \u00e7\u0131kma taleplerini h\u0131zl\u0131ca yerine getirin<\/p>\n<p>&#8211; Kullan\u0131c\u0131lar\u0131n her e-postan\u0131n alt\u0131ndaki ba\u011flant\u0131y\u0131 kullanarak abonelikten \u00e7\u0131kmalar\u0131na <strong>izin verin<\/strong> <\/p>\n<p>&nbsp;<\/p>\n<h4>Herhangi bir zamanda gelecekteki e-postalar\u0131 almaktan vazge\u00e7mek isterseniz, bize \u015fu adresten e-posta g\u00f6nderebilirsiniz<\/h4>\n<p>&#8211; Her e-postan\u0131n alt\u0131ndaki talimatlar\u0131 <strong>izleyin<\/strong>.<\/p>\n<p>ve sizi derhal <strong> T\u00dcM <\/strong> yaz\u0131\u015fmalardan \u00e7\u0131karaca\u011f\u0131z.<\/p>\n<p>&nbsp;<\/p>\n<h4>Bize Ula\u015f\u0131n<\/h4>\n<p>Bu gizlilik politikas\u0131 ile ilgili herhangi bir sorunuz varsa, a\u015fa\u011f\u0131daki bilgileri kullanarak bizimle ileti\u015fime ge\u00e7ebilirsiniz.<\/p>\n<p>\u015e\u0130RKET\u0130N\u0130Z<\/p>\n<p>ADRES 1<\/p>\n<p>ADRES 2<\/p>\n<p>\u015eEHIR, EYALET, POSTA KODU<\/p>\n<\/div>\n<p>[\/vc_column_text][\/vc_column_inner][\/vc_row_inner][\/vc_column][\/vc_row]<\/p>\n","protected":false},"excerpt":{"rendered":"<p>[vc_row][vc_column][vc_row_inner][vc_column_inner][vc_column_text] Bu gizlilik politikas\u0131, &#8216;Ki\u015fisel olarak tan\u0131mlanabilir bilgilerinin&#8217; (PII) \u00e7evrimi\u00e7i olarak nas\u0131l kullan\u0131ld\u0131\u011f\u0131ndan endi\u015fe duyanlara daha iyi hizmet vermek i\u00e7in derlenmi\u015ftir. ABD gizlilik hukuku ve bilgi g\u00fcvenli\u011finde kullan\u0131ld\u0131\u011f\u0131 \u015fekliyle PII, tek bir ki\u015fiyi tan\u0131mlamak, ileti\u015fim kurmak veya yerini belirlemek ya da bir bireyi ba\u011flam i\u00e7inde tan\u0131mlamak i\u00e7in kendi ba\u015f\u0131na veya di\u011fer bilgilerle birlikte kullan\u0131labilen bilgilerdir. [&hellip;]<\/p>\n","protected":false},"author":1,"featured_media":0,"parent":0,"menu_order":0,"comment_status":"closed","ping_status":"closed","template":"fullwidth-page.php","meta":{"footnotes":""},"class_list":["post-42988","page","type-page","status-publish","hentry"],"yoast_head":"<!-- This site is optimized with the Yoast SEO plugin v21.7 - https:\/\/yoast.com\/wordpress\/plugins\/seo\/ -->\n<title>Gizlilik Politikas\u0131 - Motor Genie<\/title>\n<meta name=\"robots\" content=\"index, follow, max-snippet:-1, max-image-preview:large, max-video-preview:-1\" \/>\n<link rel=\"canonical\" href=\"https:\/\/motorgenie.com\/tr\/gizlilik-politikasi\/\" \/>\n<meta property=\"og:locale\" content=\"tr_TR\" \/>\n<meta property=\"og:type\" content=\"article\" \/>\n<meta property=\"og:title\" content=\"Gizlilik Politikas\u0131 - Motor Genie\" \/>\n<meta property=\"og:description\" content=\"[vc_row][vc_column][vc_row_inner][vc_column_inner][vc_column_text] Bu gizlilik politikas\u0131, &#8216;Ki\u015fisel olarak tan\u0131mlanabilir bilgilerinin&#8217; (PII) \u00e7evrimi\u00e7i olarak nas\u0131l kullan\u0131ld\u0131\u011f\u0131ndan endi\u015fe duyanlara daha iyi hizmet vermek i\u00e7in derlenmi\u015ftir. ABD gizlilik hukuku ve bilgi g\u00fcvenli\u011finde kullan\u0131ld\u0131\u011f\u0131 \u015fekliyle PII, tek bir ki\u015fiyi tan\u0131mlamak, ileti\u015fim kurmak veya yerini belirlemek ya da bir bireyi ba\u011flam i\u00e7inde tan\u0131mlamak i\u00e7in kendi ba\u015f\u0131na veya di\u011fer bilgilerle birlikte kullan\u0131labilen bilgilerdir. [&hellip;]\" \/>\n<meta property=\"og:url\" content=\"https:\/\/motorgenie.com\/tr\/gizlilik-politikasi\/\" \/>\n<meta property=\"og:site_name\" content=\"Motor Genie\" \/>\n<meta property=\"article:modified_time\" content=\"2024-07-09T14:57:45+00:00\" \/>\n<meta property=\"og:image\" content=\"https:\/\/motorgenie.com\/wp-content\/uploads\/2023\/11\/mg-splash.jpg\" \/>\n\t<meta property=\"og:image:width\" content=\"1200\" \/>\n\t<meta property=\"og:image:height\" content=\"630\" \/>\n\t<meta property=\"og:image:type\" content=\"image\/jpeg\" \/>\n<meta name=\"twitter:card\" content=\"summary_large_image\" \/>\n<meta name=\"twitter:label1\" content=\"Tahmini okuma s\u00fcresi\" \/>\n\t<meta name=\"twitter:data1\" content=\"9 dakika\" \/>\n<script type=\"application\/ld+json\" class=\"yoast-schema-graph\">{\"@context\":\"https:\/\/schema.org\",\"@graph\":[{\"@type\":\"WebPage\",\"@id\":\"https:\/\/motorgenie.com\/tr\/gizlilik-politikasi\/\",\"url\":\"https:\/\/motorgenie.com\/tr\/gizlilik-politikasi\/\",\"name\":\"Gizlilik Politikas\u0131 - Motor Genie\",\"isPartOf\":{\"@id\":\"https:\/\/motorgenie.com\/tr\/#website\"},\"datePublished\":\"2016-07-01T10:24:18+00:00\",\"dateModified\":\"2024-07-09T14:57:45+00:00\",\"breadcrumb\":{\"@id\":\"https:\/\/motorgenie.com\/tr\/gizlilik-politikasi\/#breadcrumb\"},\"inLanguage\":\"tr\",\"potentialAction\":[{\"@type\":\"ReadAction\",\"target\":[\"https:\/\/motorgenie.com\/tr\/gizlilik-politikasi\/\"]}]},{\"@type\":\"BreadcrumbList\",\"@id\":\"https:\/\/motorgenie.com\/tr\/gizlilik-politikasi\/#breadcrumb\",\"itemListElement\":[{\"@type\":\"ListItem\",\"position\":1,\"name\":\"Home\",\"item\":\"https:\/\/motorgenie.com\/tr\/ev\/\"},{\"@type\":\"ListItem\",\"position\":2,\"name\":\"Gizlilik Politikas\u0131\"}]},{\"@type\":\"WebSite\",\"@id\":\"https:\/\/motorgenie.com\/tr\/#website\",\"url\":\"https:\/\/motorgenie.com\/tr\/\",\"name\":\"Motor Genie\",\"description\":\"\",\"publisher\":{\"@id\":\"https:\/\/motorgenie.com\/tr\/#organization\"},\"potentialAction\":[{\"@type\":\"SearchAction\",\"target\":{\"@type\":\"EntryPoint\",\"urlTemplate\":\"https:\/\/motorgenie.com\/tr\/?s={search_term_string}\"},\"query-input\":\"required name=search_term_string\"}],\"inLanguage\":\"tr\"},{\"@type\":\"Organization\",\"@id\":\"https:\/\/motorgenie.com\/tr\/#organization\",\"name\":\"Motor Genie\",\"url\":\"https:\/\/motorgenie.com\/tr\/\",\"logo\":{\"@type\":\"ImageObject\",\"inLanguage\":\"tr\",\"@id\":\"https:\/\/motorgenie.com\/tr\/#\/schema\/logo\/image\/\",\"url\":\"https:\/\/motorgenie.com\/wp-content\/uploads\/2023\/11\/Untitled.jpeg\",\"contentUrl\":\"https:\/\/motorgenie.com\/wp-content\/uploads\/2023\/11\/Untitled.jpeg\",\"width\":640,\"height\":640,\"caption\":\"Motor Genie\"},\"image\":{\"@id\":\"https:\/\/motorgenie.com\/tr\/#\/schema\/logo\/image\/\"}}]}<\/script>\n<!-- \/ Yoast SEO plugin. -->","yoast_head_json":{"title":"Gizlilik Politikas\u0131 - Motor Genie","robots":{"index":"index","follow":"follow","max-snippet":"max-snippet:-1","max-image-preview":"max-image-preview:large","max-video-preview":"max-video-preview:-1"},"canonical":"https:\/\/motorgenie.com\/tr\/gizlilik-politikasi\/","og_locale":"tr_TR","og_type":"article","og_title":"Gizlilik Politikas\u0131 - Motor Genie","og_description":"[vc_row][vc_column][vc_row_inner][vc_column_inner][vc_column_text] Bu gizlilik politikas\u0131, &#8216;Ki\u015fisel olarak tan\u0131mlanabilir bilgilerinin&#8217; (PII) \u00e7evrimi\u00e7i olarak nas\u0131l kullan\u0131ld\u0131\u011f\u0131ndan endi\u015fe duyanlara daha iyi hizmet vermek i\u00e7in derlenmi\u015ftir. ABD gizlilik hukuku ve bilgi g\u00fcvenli\u011finde kullan\u0131ld\u0131\u011f\u0131 \u015fekliyle PII, tek bir ki\u015fiyi tan\u0131mlamak, ileti\u015fim kurmak veya yerini belirlemek ya da bir bireyi ba\u011flam i\u00e7inde tan\u0131mlamak i\u00e7in kendi ba\u015f\u0131na veya di\u011fer bilgilerle birlikte kullan\u0131labilen bilgilerdir. [&hellip;]","og_url":"https:\/\/motorgenie.com\/tr\/gizlilik-politikasi\/","og_site_name":"Motor Genie","article_modified_time":"2024-07-09T14:57:45+00:00","og_image":[{"width":1200,"height":630,"url":"https:\/\/motorgenie.com\/wp-content\/uploads\/2023\/11\/mg-splash.jpg","type":"image\/jpeg"}],"twitter_card":"summary_large_image","twitter_misc":{"Tahmini okuma s\u00fcresi":"9 dakika"},"schema":{"@context":"https:\/\/schema.org","@graph":[{"@type":"WebPage","@id":"https:\/\/motorgenie.com\/tr\/gizlilik-politikasi\/","url":"https:\/\/motorgenie.com\/tr\/gizlilik-politikasi\/","name":"Gizlilik Politikas\u0131 - Motor Genie","isPartOf":{"@id":"https:\/\/motorgenie.com\/tr\/#website"},"datePublished":"2016-07-01T10:24:18+00:00","dateModified":"2024-07-09T14:57:45+00:00","breadcrumb":{"@id":"https:\/\/motorgenie.com\/tr\/gizlilik-politikasi\/#breadcrumb"},"inLanguage":"tr","potentialAction":[{"@type":"ReadAction","target":["https:\/\/motorgenie.com\/tr\/gizlilik-politikasi\/"]}]},{"@type":"BreadcrumbList","@id":"https:\/\/motorgenie.com\/tr\/gizlilik-politikasi\/#breadcrumb","itemListElement":[{"@type":"ListItem","position":1,"name":"Home","item":"https:\/\/motorgenie.com\/tr\/ev\/"},{"@type":"ListItem","position":2,"name":"Gizlilik Politikas\u0131"}]},{"@type":"WebSite","@id":"https:\/\/motorgenie.com\/tr\/#website","url":"https:\/\/motorgenie.com\/tr\/","name":"Motor Genie","description":"","publisher":{"@id":"https:\/\/motorgenie.com\/tr\/#organization"},"potentialAction":[{"@type":"SearchAction","target":{"@type":"EntryPoint","urlTemplate":"https:\/\/motorgenie.com\/tr\/?s={search_term_string}"},"query-input":"required name=search_term_string"}],"inLanguage":"tr"},{"@type":"Organization","@id":"https:\/\/motorgenie.com\/tr\/#organization","name":"Motor Genie","url":"https:\/\/motorgenie.com\/tr\/","logo":{"@type":"ImageObject","inLanguage":"tr","@id":"https:\/\/motorgenie.com\/tr\/#\/schema\/logo\/image\/","url":"https:\/\/motorgenie.com\/wp-content\/uploads\/2023\/11\/Untitled.jpeg","contentUrl":"https:\/\/motorgenie.com\/wp-content\/uploads\/2023\/11\/Untitled.jpeg","width":640,"height":640,"caption":"Motor Genie"},"image":{"@id":"https:\/\/motorgenie.com\/tr\/#\/schema\/logo\/image\/"}}]}},"_links":{"self":[{"href":"https:\/\/motorgenie.com\/tr\/wp-json\/wp\/v2\/pages\/42988","targetHints":{"allow":["GET"]}}],"collection":[{"href":"https:\/\/motorgenie.com\/tr\/wp-json\/wp\/v2\/pages"}],"about":[{"href":"https:\/\/motorgenie.com\/tr\/wp-json\/wp\/v2\/types\/page"}],"author":[{"embeddable":true,"href":"https:\/\/motorgenie.com\/tr\/wp-json\/wp\/v2\/users\/1"}],"replies":[{"embeddable":true,"href":"https:\/\/motorgenie.com\/tr\/wp-json\/wp\/v2\/comments?post=42988"}],"version-history":[{"count":8,"href":"https:\/\/motorgenie.com\/tr\/wp-json\/wp\/v2\/pages\/42988\/revisions"}],"predecessor-version":[{"id":43222,"href":"https:\/\/motorgenie.com\/tr\/wp-json\/wp\/v2\/pages\/42988\/revisions\/43222"}],"wp:attachment":[{"href":"https:\/\/motorgenie.com\/tr\/wp-json\/wp\/v2\/media?parent=42988"}],"curies":[{"name":"wp","href":"https:\/\/api.w.org\/{rel}","templated":true}]}}