{"id":43690,"date":"2016-07-01T10:24:18","date_gmt":"2016-07-01T10:24:18","guid":{"rendered":"https:\/\/motorgenie.com\/politica-de-confidentialitate\/"},"modified":"2024-10-30T14:38:51","modified_gmt":"2024-10-30T14:38:51","slug":"politica-de-confidentialitate","status":"publish","type":"page","link":"https:\/\/motorgenie.com\/ro\/politica-de-confidentialitate\/","title":{"rendered":"Politica de confiden\u021bialitate"},"content":{"rendered":"<p>[vc_row][vc_column][vc_row_inner][vc_column_inner][vc_column_text]<\/p>\n<div class=\"col-md-8 col-md-offset-2\">\n<p>Aceast\u0103 politic\u0103 de confiden\u021bialitate a fost elaborat\u0103 pentru a-i servi mai bine pe cei care sunt preocupa\u021bi de modul \u00een care sunt utilizate online &#8220;informa\u021biile personale identificabile&#8221; (PII). IIP, astfel cum sunt utilizate \u00een legisla\u021bia privind confiden\u021bialitatea \u0219i securitatea informa\u021biilor din SUA, sunt informa\u021bii care pot fi utilizate singure sau \u00eempreun\u0103 cu alte informa\u021bii pentru a identifica, contacta sau localiza o singur\u0103 persoan\u0103 sau pentru a identifica o persoan\u0103 \u00een context. V\u0103 rug\u0103m s\u0103 citi\u021bi cu aten\u021bie politica noastr\u0103 de confiden\u021bialitate pentru a \u00een\u021belege clar modul \u00een care colect\u0103m, utiliz\u0103m, protej\u0103m sau trat\u0103m \u00een alt mod informa\u021biile dvs. de identificare personal\u0103 \u00een conformitate cu site-ul nostru web.  <\/p>\n<p>&nbsp;<\/p>\n<h4>Ce informa\u021bii personale colect\u0103m de la persoanele care ne viziteaz\u0103 blogul, site-ul sau aplica\u021bia?<\/h4>\n<p>Atunci c\u00e2nd comanda\u021bi sau v\u0103 \u00eenregistra\u021bi pe site-ul nostru, dup\u0103 caz, vi se poate cere s\u0103 v\u0103 introduce\u021bi numele, adresa de e-mail sau alte detalii pentru a v\u0103 ajuta \u00een experien\u021ba dumneavoastr\u0103.<\/p>\n<p>&nbsp;<\/p>\n<h4>C\u00e2nd colect\u0103m informa\u021bii?<\/h4>\n<p>Colect\u0103m informa\u021bii de la dvs. atunci c\u00e2nd v\u0103 \u00eenregistra\u021bi pe site-ul nostru, v\u0103 abona\u021bi la un buletin informativ sau introduce\u021bi informa\u021bii pe site-ul nostru.<\/p>\n<p>&nbsp;<\/p>\n<h4>Cum folosim informa\u021biile dumneavoastr\u0103?<\/h4>\n<p>Putem utiliza informa\u021biile pe care le colect\u0103m de la dvs. atunci c\u00e2nd v\u0103 \u00eenregistra\u021bi, efectua\u021bi o achizi\u021bie, v\u0103 \u00eenscrie\u021bi la buletinul nostru informativ, r\u0103spunde\u021bi la un sondaj sau la o comunicare de marketing, naviga\u021bi pe site sau utiliza\u021bi anumite alte caracteristici ale site-ului \u00een urm\u0103toarele moduri:<\/p>\n<ul>\n<li>Pentru a personaliza experien\u021ba utilizatorului \u0219i pentru a ne permite s\u0103 oferim tipul de con\u021binut \u0219i ofertele de produse de care sunte\u021bi cel mai interesat.<\/li>\n<li>Pentru a ne permite s\u0103 v\u0103 oferim servicii mai bune, r\u0103spunz\u00e2nd solicit\u0103rilor dvs. de servicii pentru clien\u021bi.<\/li>\n<li>Pentru a trimite e-mailuri periodice privind comanda dvs. sau alte produse \u0219i servicii.<\/li>\n<\/ul>\n<p>&nbsp;<\/p>\n<h4>Cum protej\u0103m informa\u021biile vizitatorilor?<\/h4>\n<p>Site-ul nostru este scanat \u00een mod regulat pentru a depista lacunele de securitate \u0219i vulnerabilit\u0103\u021bile cunoscute, pentru a face vizita dvs. pe site-ul nostru c\u00e2t mai sigur\u0103 posibil. Utiliz\u0103m \u00een mod regulat scanarea Malware. Informa\u021biile dvs. personale se afl\u0103 \u00een spatele unor re\u021bele securizate \u0219i sunt accesibile numai unui num\u0103r limitat de persoane care au drepturi speciale de acces la astfel de sisteme \u0219i care trebuie s\u0103 p\u0103streze confiden\u021bialitatea informa\u021biilor. \u00cen plus, toate informa\u021biile sensibile\/de credit pe care le furniza\u021bi sunt criptate prin tehnologia Secure Socket Layer (SSL). Implement\u0103m o serie de m\u0103suri de securitate atunci c\u00e2nd un utilizator introduce, transmite sau acceseaz\u0103 informa\u021biile sale pentru a men\u021bine siguran\u021ba informa\u021biilor dvs. personale. Toate tranzac\u021biile sunt procesate prin intermediul unui furnizor de gateway \u0219i nu sunt stocate sau procesate pe serverele noastre.<\/p>\n<p>&nbsp;<\/p>\n<h4>Utiliz\u0103m &#8220;module cookie&#8221;?<\/h4>\n<p>Da. Modulele cookie sunt fi\u0219iere de mici dimensiuni pe care un site sau furnizorul s\u0103u de servicii le transfer\u0103 pe hard diskul computerului dumneavoastr\u0103 prin intermediul browserului dumneavoastr\u0103 web (dac\u0103 permite\u021bi acest lucru) \u0219i care permit sistemelor site-ului sau furnizorului de servicii s\u0103 recunoasc\u0103 browserul dumneavoastr\u0103 \u0219i s\u0103 capteze \u0219i s\u0103 re\u021bin\u0103 anumite informa\u021bii. De exemplu, utiliz\u0103m module cookie pentru a ne ajuta s\u0103 re\u021binem \u0219i s\u0103 proces\u0103m articolele din co\u0219ul dvs. de cump\u0103r\u0103turi. Acestea sunt, de asemenea, utilizate pentru a ne ajuta s\u0103 v\u0103 \u00een\u021belegem preferin\u021bele pe baza activit\u0103\u021bii anterioare sau actuale pe site, ceea ce ne permite s\u0103 v\u0103 oferim servicii \u00eembun\u0103t\u0103\u021bite. De asemenea, utiliz\u0103m module cookie pentru a ne ajuta s\u0103 compil\u0103m date agregate despre traficul pe site \u0219i interac\u021biunea cu site-ul, astfel \u00eenc\u00e2t s\u0103 putem oferi experien\u021be \u0219i instrumente mai bune pe site \u00een viitor.    <\/p>\n<p>&nbsp;<\/p>\n<h4>Utiliz\u0103m module cookie pentru:<\/h4>\n<p> <strong> \u00cen\u021belegerea \u0219i salvarea preferin\u021belor utilizatorului pentru vizitele viitoare.<\/strong><br \/>\nPute\u021bi alege ca computerul dvs. s\u0103 v\u0103 avertizeze de fiecare dat\u0103 c\u00e2nd este trimis un cookie sau pute\u021bi alege s\u0103 dezactiva\u021bi toate cookie-urile. Pute\u021bi face acest lucru prin set\u0103rile browserului dvs. (cum ar fi Internet Explorer). Fiecare browser este pu\u021bin diferit, a\u0219a c\u0103 consulta\u021bi meniul de ajutor al browserului dvs. pentru a afla modul corect de modificare a modulelor cookie. Dac\u0103 dezactiva\u021bi cookie-urile off, unele caracteristici vor fi dezactivate Nu va afecta experien\u021ba utilizatorilor care fac experien\u021ba site-ul mai eficient \u0219i unele dintre serviciile noastre nu vor func\u021biona corect. Cu toate acestea, pute\u021bi plasa \u00een continuare comenzi .  <\/p>\n<p>&nbsp;<\/p>\n<h4>Dezv\u0103luirea informa\u021biilor de c\u0103tre ter\u021bi<\/h4>\n<p>Nu vindem, nu comercializ\u0103m \u0219i nu transfer\u0103m \u00een alt mod c\u0103tre p\u0103r\u021bi externe informa\u021biile dvs. de identificare personal\u0103.<\/p>\n<p>&nbsp;<\/p>\n<h4>Leg\u0103turi cu ter\u021be p\u0103r\u021bi<\/h4>\n<p>Ocazional, la discre\u021bia noastr\u0103, putem include sau oferi produse sau servicii ale unor ter\u021be p\u0103r\u021bi pe site-ul nostru. Aceste site-uri ter\u021be au politici de confiden\u021bialitate separate \u0219i independente. Prin urmare, nu avem nicio responsabilitate sau r\u0103spundere pentru con\u021binutul \u0219i activit\u0103\u021bile acestor site-uri legate. Cu toate acestea, \u00eencerc\u0103m s\u0103 protej\u0103m integritatea site-ului nostru \u0219i salut\u0103m orice feedback cu privire la aceste site-uri.   <\/p>\n<p>&nbsp;<\/p>\n<h4>Google<\/h4>\n<p>Cerin\u021bele de publicitate ale Google pot fi rezumate prin Principiile de publicitate ale Google. Acestea sunt puse \u00een aplicare pentru a oferi o experien\u021b\u0103 pozitiv\u0103 utilizatorilor.   <a href=\"https:\/\/support.google.com\/adwordspolicy\/answer\/1316548?hl=en\" target=\"_blank\" rel=\"noopener\">Citi\u021bi Politica privind anun\u021burile Google<\/a><\/p>\n<p>Utiliz\u0103m publicitate Google AdSense pe site-ul nostru.<br \/>\nGoogle, \u00een calitate de furnizor ter\u021b, utilizeaz\u0103 module cookie pentru a difuza anun\u021buri pe site-ul nostru. Utilizarea cookie-ului DART de c\u0103tre Google \u00eei permite s\u0103 difuzeze anun\u021buri c\u0103tre utilizatorii no\u0219tri pe baza vizitei lor pe site-ul nostru \u0219i pe alte site-uri de pe Internet. Utilizatorii pot renun\u021ba la utilizarea cookie-ului DART vizit\u00e2nd politica de confiden\u021bialitate a re\u021belei de anun\u021buri \u0219i con\u021binut Google.  <\/p>\n<p>&nbsp;<\/p>\n<h4>Am implementat urm\u0103toarele:<\/h4>\n<p><strong>Raportarea demografic\u0103 \u0219i a intereselor<\/strong><\/p>\n<p>\u00cempreun\u0103 cu furnizori ter\u021bi, cum ar fi Google, utiliz\u0103m module cookie de prim\u0103 parte (cum ar fi modulele cookie Google Analytics) \u0219i module cookie de ter\u021b\u0103 parte (cum ar fi modulele cookie DoubleClick) sau al\u021bi identificatori de ter\u021b\u0103 parte pentru a compila date privind interac\u021biunile utilizatorilor cu impresiile publicitare \u0219i alte func\u021bii de servicii publicitare legate de site-ul nostru.<\/p>\n<p><strong>Renun\u021barea:<\/strong><\/p>\n<p>Utilizatorii pot seta preferin\u021bele pentru modul \u00een care Google v\u0103 face publicitate utiliz\u00e2nd pagina Set\u0103ri Google Ad. Alternativ, pute\u021bi renun\u021ba vizit\u00e2nd pagina de renun\u021bare a ini\u021biativei Network Advertising sau utiliz\u00e2nd permanent add-on-ul Google Analytics Opt Out Browser. <\/p>\n<p>&nbsp;<\/p>\n<h4>Legea privind protec\u021bia vie\u021bii private online din California<\/h4>\n<p>CalOPPA este prima lege de stat din \u021bar\u0103 care oblig\u0103 site-urile comerciale \u0219i serviciile online s\u0103 publice o politic\u0103 de confiden\u021bialitate. Domeniul de aplicare al legii se extinde dincolo de California \u0219i impune oric\u0103rei persoane sau companii din Statele Unite (\u0219i, posibil, din \u00eentreaga lume) care opereaz\u0103 site-uri web care colecteaz\u0103 informa\u021bii de identificare personal\u0103 de la consumatorii din California s\u0103 publice pe site-ul s\u0103u web o politic\u0103 de confiden\u021bialitate vizibil\u0103, care s\u0103 indice exact informa\u021biile colectate \u0219i persoanele cu care sunt partajate, \u0219i s\u0103 respecte aceast\u0103 politic\u0103. &#8211; <a href=\"http:\/\/consumercal.org\/california-online-privacy-protection-act-caloppa\/#sthash.0FdRbT51.dpuf\" target=\"_blank\" rel=\"noopener\">A se vedea mai mult.<\/a>  <\/p>\n<p>&nbsp;<\/p>\n<h4>\u00cen conformitate cu CalOPPA, suntem de acord cu urm\u0103toarele:<\/h4>\n<p>Utilizatorii pot vizita site-ul nostru \u00een mod anonim Odat\u0103 creat\u0103 aceast\u0103 politic\u0103 de confiden\u021bialitate, vom ad\u0103uga un link c\u0103tre aceasta pe pagina noastr\u0103 principal\u0103 sau, cel pu\u021bin, pe prima pagin\u0103 semnificativ\u0103 dup\u0103 intrarea pe site-ul nostru. Linkul c\u0103tre politica noastr\u0103 de confiden\u021bialitate include cuv\u00e2ntul &#8220;Confiden\u021bialitate&#8221; \u0219i poate fi g\u0103sit cu u\u0219urin\u021b\u0103 pe pagina specificat\u0103 mai sus.<br \/>\nUtilizatorii vor fi notifica\u021bi cu privire la orice modificare a politicii de confiden\u021bialitate: &#8211; <strong>Pe<\/strong> pagina noastr\u0103 privind politica de confiden\u021bialitate Utilizatorii au posibilitatea de a-\u0219i modifica informa\u021biile personale: &#8211; <strong>Prin<\/strong> trimiterea unui e-mail c\u0103tre noi <strong>&#8211;<\/strong> Prin conectarea la contul lor<\/p>\n<p>&nbsp;<\/p>\n<h4>Cum gestioneaz\u0103 site-ul nostru semnalele do not track?<\/h4>\n<p>Noi onor\u0103m semnalele &#8220;nu urm\u0103rim&#8221; \u0219i nu urm\u0103rim, nu plant\u0103m module cookie \u0219i nu folosim publicitate atunci c\u00e2nd exist\u0103 un mecanism de navigare DNT (Do Not Track).<\/p>\n<p>&nbsp;<\/p>\n<h4>Site-ul nostru permite urm\u0103rirea comportamental\u0103 ter\u021b\u0103 parte?<\/h4>\n<p>De asemenea, este important s\u0103 re\u021bine\u021bi c\u0103 nu permitem urm\u0103rirea comportamental\u0103 de c\u0103tre ter\u021be p\u0103r\u021bi<\/p>\n<p>&nbsp;<\/p>\n<h4>COPPA (Legea privind protec\u021bia vie\u021bii private online a copiilor)<\/h4>\n<p>\u00cen ceea ce prive\u0219te colectarea de informa\u021bii personale de la copiii sub 13 ani, Legea privind protec\u021bia vie\u021bii private online a copiilor (COPPA) ofer\u0103 p\u0103rin\u021bilor controlul. Comisia Federal\u0103 pentru Comer\u021b, agen\u021bia na\u021bional\u0103 de protec\u021bie a consumatorilor, pune \u00een aplicare regula COPPA, care precizeaz\u0103 ce trebuie s\u0103 fac\u0103 operatorii de site-uri web \u0219i servicii online pentru a proteja confiden\u021bialitatea \u0219i siguran\u021ba online a copiilor.<br \/>\nNu comercializ\u0103m \u00een mod specific pentru copiii sub 13 ani. <\/p>\n<p>&nbsp;<\/p>\n<h4>Practici corecte de informare<\/h4>\n<p>Principiile practicilor corecte \u00een materie de informa\u021bii constituie coloana vertebral\u0103 a legisla\u021biei privind protec\u021bia vie\u021bii private \u00een Statele Unite, iar conceptele pe care le includ au jucat un rol semnificativ \u00een dezvoltarea legisla\u021biei privind protec\u021bia datelor \u00een \u00eentreaga lume. \u00cen\u021belegerea principiilor privind practicile corecte de informare \u0219i a modului \u00een care acestea ar trebui puse \u00een aplicare este esen\u021bial\u0103 pentru respectarea diverselor legi privind confiden\u021bialitatea care protejeaz\u0103 informa\u021biile personale. <\/p>\n<h4>Pentru a fi \u00een conformitate cu practicile corecte de informare, vom lua urm\u0103toarele m\u0103suri de r\u0103spuns, \u00een cazul \u00een care are loc o \u00eenc\u0103lcare a securit\u0103\u021bii datelor:<\/h4>\n<p>Vom notifica utilizatorii prin e-mail <strong>&#8211;<\/strong> \u00cen termen de o zi lucr\u0103toare<br \/>\nDe asemenea, suntem de acord cu principiul recursului individual, care prevede c\u0103 persoanele fizice au dreptul de a exercita drepturi executorii \u00eempotriva colectorilor \u0219i procesatorilor de date care nu respect\u0103 legea. Acest principiu impune nu numai ca persoanele fizice s\u0103 aib\u0103 drepturi executorii \u00eempotriva utilizatorilor de date, ci \u0219i ca persoanele fizice s\u0103 poat\u0103 recurge la instan\u021be sau la o agen\u021bie guvernamental\u0103 pentru a investiga \u0219i\/sau urm\u0103ri \u00een justi\u021bie nerespectarea legisla\u021biei de c\u0103tre procesatorii de date.<\/p>\n<p>&nbsp;<\/p>\n<h4>Legea CAN SPAM<\/h4>\n<p>Legea CAN-SPAM este o lege care stabile\u0219te regulile pentru e-mailurile comerciale, stabile\u0219te cerin\u021be pentru mesajele comerciale, ofer\u0103 destinatarilor dreptul de a nu le mai fi trimise e-mailuri \u0219i prevede sanc\u021biuni severe pentru \u00eenc\u0103lc\u0103ri.<\/p>\n<p>&nbsp;<\/p>\n<h4>Colect\u0103m adresa dvs. de e-mail pentru a:<\/h4>\n<p>&#8211; <strong>Trimiterea<\/strong> de informa\u021bii, r\u0103spunsul la \u00eentreb\u0103ri \u0219i\/sau alte solicit\u0103ri sau \u00eentreb\u0103ri. &#8211; <strong>Comercializarea<\/strong> c\u0103tre lista noastr\u0103 de coresponden\u021b\u0103 sau continuarea trimiterii de e-mailuri c\u0103tre clien\u021bii no\u0219tri dup\u0103 ce tranzac\u021bia ini\u021bial\u0103 a avut loc<\/p>\n<p>&nbsp;<\/p>\n<h4>Pentru a fi \u00een conformitate cu CANSPAM, suntem de acord cu urm\u0103toarele:<\/h4>\n<p>&#8211; <strong>NU<\/strong> folosi\u021bi subiecte sau adrese de e-mail false sau \u00een\u0219el\u0103toare <strong>&#8211;<\/strong> Identifica\u021bi mesajul ca fiind o reclam\u0103 \u00eentr-un mod rezonabil <strong>&#8211;<\/strong> Include\u021bi adresa fizic\u0103 a sediului nostru comercial sau al site-ului <strong>&#8211;<\/strong> Monitoriza\u021bi conformitatea serviciilor de marketing prin e-mail ale ter\u021bilor, dac\u0103 se utilizeaz\u0103 unul. &#8211; <strong>onorarea<\/strong> rapid\u0103 a cererilor de renun\u021bare\/dezabonare <strong>&#8211;<\/strong> permiterea utilizatorilor s\u0103 se dezaboneze prin utilizarea linkului din partea de jos a fiec\u0103rui e-mail<\/p>\n<p>&nbsp;<\/p>\n<h4>Dac\u0103 dori\u021bi \u00een orice moment s\u0103 v\u0103 dezabona\u021bi de la primirea de e-mailuri viitoare, ne pute\u021bi trimite un e-mail la<\/h4>\n<p>&#8211; <strong>Urma\u021bi<\/strong> instruc\u021biunile din partea de jos a fiec\u0103rui e-mail. \u0219i v\u0103 vom elimina imediat din <strong> TOAT\u0102 <\/strong> coresponden\u021ba.<\/p>\n<p>&nbsp;<\/p>\n<h4>Contacta\u021bi-ne<\/h4>\n<p>Dac\u0103 exist\u0103 \u00eentreb\u0103ri cu privire la aceast\u0103 politic\u0103 de confiden\u021bialitate, ne pute\u021bi contacta folosind informa\u021biile de mai jos. ADRESA COMPANIEI DVS. 1 ADRESA 2 ORA\u0218, STAT, COD PO\u0218TAL<\/p>\n<\/div>\n<p>[\/vc_column_text][\/vc_column_inner][\/vc_row_inner][\/vc_column][\/vc_row]<\/p>\n","protected":false},"excerpt":{"rendered":"<p>[vc_row][vc_column][vc_row_inner][vc_column_inner][vc_column_text] Aceast\u0103 politic\u0103 de confiden\u021bialitate a fost elaborat\u0103 pentru a-i servi mai bine pe cei care sunt preocupa\u021bi de modul \u00een care sunt utilizate online &#8220;informa\u021biile personale identificabile&#8221; (PII). IIP, astfel cum sunt utilizate \u00een legisla\u021bia privind confiden\u021bialitatea \u0219i securitatea informa\u021biilor din SUA, sunt informa\u021bii care pot fi utilizate singure sau \u00eempreun\u0103 cu alte informa\u021bii [&hellip;]<\/p>\n","protected":false},"author":1,"featured_media":0,"parent":0,"menu_order":0,"comment_status":"closed","ping_status":"closed","template":"fullwidth-page.php","meta":{"footnotes":""},"class_list":["post-43690","page","type-page","status-publish","hentry"],"yoast_head":"<!-- This site is optimized with the Yoast SEO plugin v21.7 - https:\/\/yoast.com\/wordpress\/plugins\/seo\/ -->\n<title>Politica de confiden\u021bialitate - Motor Genie<\/title>\n<meta name=\"robots\" content=\"index, follow, max-snippet:-1, max-image-preview:large, max-video-preview:-1\" \/>\n<link rel=\"canonical\" href=\"https:\/\/motorgenie.com\/ro\/politica-de-confidentialitate\/\" \/>\n<meta property=\"og:locale\" content=\"ro_RO\" \/>\n<meta property=\"og:type\" content=\"article\" \/>\n<meta property=\"og:title\" content=\"Politica de confiden\u021bialitate - Motor Genie\" \/>\n<meta property=\"og:description\" content=\"[vc_row][vc_column][vc_row_inner][vc_column_inner][vc_column_text] Aceast\u0103 politic\u0103 de confiden\u021bialitate a fost elaborat\u0103 pentru a-i servi mai bine pe cei care sunt preocupa\u021bi de modul \u00een care sunt utilizate online &#8220;informa\u021biile personale identificabile&#8221; (PII). IIP, astfel cum sunt utilizate \u00een legisla\u021bia privind confiden\u021bialitatea \u0219i securitatea informa\u021biilor din SUA, sunt informa\u021bii care pot fi utilizate singure sau \u00eempreun\u0103 cu alte informa\u021bii [&hellip;]\" \/>\n<meta property=\"og:url\" content=\"https:\/\/motorgenie.com\/ro\/politica-de-confidentialitate\/\" \/>\n<meta property=\"og:site_name\" content=\"Motor Genie\" \/>\n<meta property=\"article:modified_time\" content=\"2024-10-30T14:38:51+00:00\" \/>\n<meta property=\"og:image\" content=\"https:\/\/motorgenie.com\/wp-content\/uploads\/2023\/11\/mg-splash.jpg\" \/>\n\t<meta property=\"og:image:width\" content=\"1200\" \/>\n\t<meta property=\"og:image:height\" content=\"630\" \/>\n\t<meta property=\"og:image:type\" content=\"image\/jpeg\" \/>\n<meta name=\"twitter:card\" content=\"summary_large_image\" \/>\n<meta name=\"twitter:label1\" content=\"Timp estimat pentru citire\" \/>\n\t<meta name=\"twitter:data1\" content=\"10 minute\" \/>\n<script type=\"application\/ld+json\" class=\"yoast-schema-graph\">{\"@context\":\"https:\/\/schema.org\",\"@graph\":[{\"@type\":\"WebPage\",\"@id\":\"https:\/\/motorgenie.com\/ro\/politica-de-confidentialitate\/\",\"url\":\"https:\/\/motorgenie.com\/ro\/politica-de-confidentialitate\/\",\"name\":\"Politica de confiden\u021bialitate - Motor Genie\",\"isPartOf\":{\"@id\":\"https:\/\/motorgenie.com\/ro\/#website\"},\"datePublished\":\"2016-07-01T10:24:18+00:00\",\"dateModified\":\"2024-10-30T14:38:51+00:00\",\"breadcrumb\":{\"@id\":\"https:\/\/motorgenie.com\/ro\/politica-de-confidentialitate\/#breadcrumb\"},\"inLanguage\":\"ro-RO\",\"potentialAction\":[{\"@type\":\"ReadAction\",\"target\":[\"https:\/\/motorgenie.com\/ro\/politica-de-confidentialitate\/\"]}]},{\"@type\":\"BreadcrumbList\",\"@id\":\"https:\/\/motorgenie.com\/ro\/politica-de-confidentialitate\/#breadcrumb\",\"itemListElement\":[{\"@type\":\"ListItem\",\"position\":1,\"name\":\"Home\",\"item\":\"https:\/\/motorgenie.com\/ro\/acasa\/\"},{\"@type\":\"ListItem\",\"position\":2,\"name\":\"Politica de confiden\u021bialitate\"}]},{\"@type\":\"WebSite\",\"@id\":\"https:\/\/motorgenie.com\/ro\/#website\",\"url\":\"https:\/\/motorgenie.com\/ro\/\",\"name\":\"Motor Genie\",\"description\":\"\",\"publisher\":{\"@id\":\"https:\/\/motorgenie.com\/ro\/#organization\"},\"potentialAction\":[{\"@type\":\"SearchAction\",\"target\":{\"@type\":\"EntryPoint\",\"urlTemplate\":\"https:\/\/motorgenie.com\/ro\/?s={search_term_string}\"},\"query-input\":\"required name=search_term_string\"}],\"inLanguage\":\"ro-RO\"},{\"@type\":\"Organization\",\"@id\":\"https:\/\/motorgenie.com\/ro\/#organization\",\"name\":\"Motor Genie\",\"url\":\"https:\/\/motorgenie.com\/ro\/\",\"logo\":{\"@type\":\"ImageObject\",\"inLanguage\":\"ro-RO\",\"@id\":\"https:\/\/motorgenie.com\/ro\/#\/schema\/logo\/image\/\",\"url\":\"https:\/\/motorgenie.com\/wp-content\/uploads\/2023\/11\/Untitled.jpeg\",\"contentUrl\":\"https:\/\/motorgenie.com\/wp-content\/uploads\/2023\/11\/Untitled.jpeg\",\"width\":640,\"height\":640,\"caption\":\"Motor Genie\"},\"image\":{\"@id\":\"https:\/\/motorgenie.com\/ro\/#\/schema\/logo\/image\/\"}}]}<\/script>\n<!-- \/ Yoast SEO plugin. -->","yoast_head_json":{"title":"Politica de confiden\u021bialitate - Motor Genie","robots":{"index":"index","follow":"follow","max-snippet":"max-snippet:-1","max-image-preview":"max-image-preview:large","max-video-preview":"max-video-preview:-1"},"canonical":"https:\/\/motorgenie.com\/ro\/politica-de-confidentialitate\/","og_locale":"ro_RO","og_type":"article","og_title":"Politica de confiden\u021bialitate - Motor Genie","og_description":"[vc_row][vc_column][vc_row_inner][vc_column_inner][vc_column_text] Aceast\u0103 politic\u0103 de confiden\u021bialitate a fost elaborat\u0103 pentru a-i servi mai bine pe cei care sunt preocupa\u021bi de modul \u00een care sunt utilizate online &#8220;informa\u021biile personale identificabile&#8221; (PII). IIP, astfel cum sunt utilizate \u00een legisla\u021bia privind confiden\u021bialitatea \u0219i securitatea informa\u021biilor din SUA, sunt informa\u021bii care pot fi utilizate singure sau \u00eempreun\u0103 cu alte informa\u021bii [&hellip;]","og_url":"https:\/\/motorgenie.com\/ro\/politica-de-confidentialitate\/","og_site_name":"Motor Genie","article_modified_time":"2024-10-30T14:38:51+00:00","og_image":[{"width":1200,"height":630,"url":"https:\/\/motorgenie.com\/wp-content\/uploads\/2023\/11\/mg-splash.jpg","type":"image\/jpeg"}],"twitter_card":"summary_large_image","twitter_misc":{"Timp estimat pentru citire":"10 minute"},"schema":{"@context":"https:\/\/schema.org","@graph":[{"@type":"WebPage","@id":"https:\/\/motorgenie.com\/ro\/politica-de-confidentialitate\/","url":"https:\/\/motorgenie.com\/ro\/politica-de-confidentialitate\/","name":"Politica de confiden\u021bialitate - Motor Genie","isPartOf":{"@id":"https:\/\/motorgenie.com\/ro\/#website"},"datePublished":"2016-07-01T10:24:18+00:00","dateModified":"2024-10-30T14:38:51+00:00","breadcrumb":{"@id":"https:\/\/motorgenie.com\/ro\/politica-de-confidentialitate\/#breadcrumb"},"inLanguage":"ro-RO","potentialAction":[{"@type":"ReadAction","target":["https:\/\/motorgenie.com\/ro\/politica-de-confidentialitate\/"]}]},{"@type":"BreadcrumbList","@id":"https:\/\/motorgenie.com\/ro\/politica-de-confidentialitate\/#breadcrumb","itemListElement":[{"@type":"ListItem","position":1,"name":"Home","item":"https:\/\/motorgenie.com\/ro\/acasa\/"},{"@type":"ListItem","position":2,"name":"Politica de confiden\u021bialitate"}]},{"@type":"WebSite","@id":"https:\/\/motorgenie.com\/ro\/#website","url":"https:\/\/motorgenie.com\/ro\/","name":"Motor Genie","description":"","publisher":{"@id":"https:\/\/motorgenie.com\/ro\/#organization"},"potentialAction":[{"@type":"SearchAction","target":{"@type":"EntryPoint","urlTemplate":"https:\/\/motorgenie.com\/ro\/?s={search_term_string}"},"query-input":"required name=search_term_string"}],"inLanguage":"ro-RO"},{"@type":"Organization","@id":"https:\/\/motorgenie.com\/ro\/#organization","name":"Motor Genie","url":"https:\/\/motorgenie.com\/ro\/","logo":{"@type":"ImageObject","inLanguage":"ro-RO","@id":"https:\/\/motorgenie.com\/ro\/#\/schema\/logo\/image\/","url":"https:\/\/motorgenie.com\/wp-content\/uploads\/2023\/11\/Untitled.jpeg","contentUrl":"https:\/\/motorgenie.com\/wp-content\/uploads\/2023\/11\/Untitled.jpeg","width":640,"height":640,"caption":"Motor Genie"},"image":{"@id":"https:\/\/motorgenie.com\/ro\/#\/schema\/logo\/image\/"}}]}},"_links":{"self":[{"href":"https:\/\/motorgenie.com\/ro\/wp-json\/wp\/v2\/pages\/43690","targetHints":{"allow":["GET"]}}],"collection":[{"href":"https:\/\/motorgenie.com\/ro\/wp-json\/wp\/v2\/pages"}],"about":[{"href":"https:\/\/motorgenie.com\/ro\/wp-json\/wp\/v2\/types\/page"}],"author":[{"embeddable":true,"href":"https:\/\/motorgenie.com\/ro\/wp-json\/wp\/v2\/users\/1"}],"replies":[{"embeddable":true,"href":"https:\/\/motorgenie.com\/ro\/wp-json\/wp\/v2\/comments?post=43690"}],"version-history":[{"count":1,"href":"https:\/\/motorgenie.com\/ro\/wp-json\/wp\/v2\/pages\/43690\/revisions"}],"predecessor-version":[{"id":43717,"href":"https:\/\/motorgenie.com\/ro\/wp-json\/wp\/v2\/pages\/43690\/revisions\/43717"}],"wp:attachment":[{"href":"https:\/\/motorgenie.com\/ro\/wp-json\/wp\/v2\/media?parent=43690"}],"curies":[{"name":"wp","href":"https:\/\/api.w.org\/{rel}","templated":true}]}}