{"id":1914,"date":"2016-07-01T10:24:18","date_gmt":"2016-07-01T10:24:18","guid":{"rendered":"https:\/\/motorgenie.com\/politica-de-privacidade\/"},"modified":"2024-01-02T21:22:00","modified_gmt":"2024-01-02T21:22:00","slug":"politica-de-privacidade","status":"publish","type":"page","link":"https:\/\/motorgenie.com\/pt-br\/politica-de-privacidade\/","title":{"rendered":"Pol\u00edtica de privacidade"},"content":{"rendered":"<p>[vc_row][vc_column][vc_row_inner][vc_column_inner][vc_column_text]<\/p>\n<div class=\"col-md-8 col-md-offset-2\">\n<p>Esta pol\u00edtica de privacidade foi compilada para melhor atender \u00e0queles que est\u00e3o preocupados com a forma como suas &#8220;informa\u00e7\u00f5es de identifica\u00e7\u00e3o pessoal&#8221; (PII) est\u00e3o sendo usadas on-line. As PII, conforme usadas na lei de privacidade e seguran\u00e7a da informa\u00e7\u00e3o dos EUA, s\u00e3o informa\u00e7\u00f5es que podem ser usadas isoladamente ou com outras informa\u00e7\u00f5es para identificar, contatar ou localizar uma \u00fanica pessoa, ou para identificar um indiv\u00edduo no contexto. Leia atentamente nossa pol\u00edtica de privacidade para entender claramente como coletamos, usamos, protegemos ou tratamos suas Informa\u00e7\u00f5es Pessoais Identific\u00e1veis de acordo com nosso site.<\/p>\n<p>&nbsp;<\/p>\n<h4>Quais informa\u00e7\u00f5es pessoais coletamos das pessoas que visitam nosso blog, site ou aplicativo?<\/h4>\n<p>Ao fazer um pedido ou registrar-se em nosso site, conforme apropriado, pode ser solicitado que voc\u00ea digite seu nome, endere\u00e7o de e-mail ou outros detalhes para ajud\u00e1-lo em sua experi\u00eancia.<\/p>\n<p>&nbsp;<\/p>\n<h4>Quando coletamos informa\u00e7\u00f5es?<\/h4>\n<p>Coletamos suas informa\u00e7\u00f5es quando voc\u00ea se registra em nosso site, assina um boletim informativo ou insere informa\u00e7\u00f5es em nosso site.<\/p>\n<p>&nbsp;<\/p>\n<h4>Como usamos suas informa\u00e7\u00f5es?<\/h4>\n<p>Podemos usar as informa\u00e7\u00f5es que coletamos quando voc\u00ea se registra, faz uma compra, se inscreve em nosso boletim informativo, responde a uma pesquisa ou comunica\u00e7\u00e3o de marketing, navega no site ou usa outros recursos do site das seguintes maneiras:<\/p>\n<ul>\n<li>Para personalizar a experi\u00eancia do usu\u00e1rio e permitir que forne\u00e7amos o tipo de conte\u00fado e as ofertas de produtos que mais lhe interessam.<\/li>\n<li>Para que possamos atend\u00ea-lo melhor, respondendo \u00e0s suas solicita\u00e7\u00f5es de atendimento ao cliente.<\/li>\n<li>Para enviar e-mails peri\u00f3dicos sobre seu pedido ou outros produtos e servi\u00e7os.<\/li>\n<\/ul>\n<p>&nbsp;<\/p>\n<h4>Como protegemos as informa\u00e7\u00f5es dos visitantes?<\/h4>\n<p>Nosso site \u00e9 verificado regularmente em busca de falhas de seguran\u00e7a e vulnerabilidades conhecidas para que sua visita ao nosso site seja a mais segura poss\u00edvel.<\/p>\n<p>Usamos a verifica\u00e7\u00e3o regular de malware.<\/p>\n<p>Suas informa\u00e7\u00f5es pessoais est\u00e3o contidas em redes seguras e s\u00f3 podem ser acessadas por um n\u00famero limitado de pessoas que t\u00eam direitos especiais de acesso a esses sistemas e s\u00e3o obrigadas a manter as informa\u00e7\u00f5es confidenciais. Al\u00e9m disso, todas as informa\u00e7\u00f5es confidenciais\/de cr\u00e9dito que voc\u00ea fornece s\u00e3o criptografadas por meio da tecnologia Secure Socket Layer (SSL).<\/p>\n<p>Implementamos uma s\u00e9rie de medidas de seguran\u00e7a quando um usu\u00e1rio insere, envia ou acessa suas informa\u00e7\u00f5es para manter a seguran\u00e7a de suas informa\u00e7\u00f5es pessoais.<\/p>\n<p>Todas as transa\u00e7\u00f5es s\u00e3o processadas por meio de um provedor de gateway e n\u00e3o s\u00e3o armazenadas ou processadas em nossos servidores.<\/p>\n<p>&nbsp;<\/p>\n<h4>N\u00f3s usamos &#8220;cookies&#8221;?<\/h4>\n<p>Sim. Cookies s\u00e3o pequenos arquivos que um site ou seu provedor de servi\u00e7os transfere para o disco r\u00edgido do seu computador por meio do navegador da Web (se voc\u00ea permitir), o que permite que os sistemas do site ou do provedor de servi\u00e7os reconhe\u00e7am seu navegador e capturem e lembrem determinadas informa\u00e7\u00f5es. Por exemplo, usamos cookies para nos ajudar a lembrar e processar os itens em seu carrinho de compras. Eles tamb\u00e9m s\u00e3o usados para nos ajudar a entender suas prefer\u00eancias com base em atividades anteriores ou atuais no site, o que nos permite oferecer servi\u00e7os aprimorados. Tamb\u00e9m usamos cookies para nos ajudar a compilar dados agregados sobre o tr\u00e1fego e a intera\u00e7\u00e3o no site, para que possamos oferecer melhores experi\u00eancias e ferramentas no futuro.<\/p>\n<p>&nbsp;<\/p>\n<h4>Usamos cookies para:<\/h4>\n<p><strong>  Compreender e salvar as prefer\u00eancias do usu\u00e1rio para visitas futuras.<\/strong><br \/>\nVoc\u00ea pode optar por fazer com que seu computador o avise sempre que um cookie estiver sendo enviado ou pode optar por desativar todos os cookies. Isso \u00e9 feito por meio das configura\u00e7\u00f5es do navegador (como o Internet Explorer). Cada navegador \u00e9 um pouco diferente, portanto, consulte o menu Ajuda do seu navegador para saber a maneira correta de modificar os cookies.<\/p>\n<p>Se voc\u00ea desativar os cookies, alguns recursos ser\u00e3o desativados. Isso n\u00e3o afetar\u00e1 a experi\u00eancia dos usu\u00e1rios que tornam a experi\u00eancia no site mais eficiente e alguns de nossos servi\u00e7os n\u00e3o funcionar\u00e3o corretamente.<\/p>\n<p>No entanto, voc\u00ea ainda pode fazer pedidos.<\/p>\n<p>&nbsp;<\/p>\n<h4>Divulga\u00e7\u00e3o de terceiros<\/h4>\n<p>N\u00e3o vendemos, trocamos ou transferimos de outra forma para terceiros suas informa\u00e7\u00f5es de identifica\u00e7\u00e3o pessoal.<\/p>\n<p>&nbsp;<\/p>\n<h4>Links de terceiros<\/h4>\n<p>Ocasionalmente, a nosso crit\u00e9rio, podemos incluir ou oferecer produtos ou servi\u00e7os de terceiros em nosso site. Esses sites de terceiros t\u00eam pol\u00edticas de privacidade separadas e independentes. Portanto, n\u00e3o temos nenhuma responsabilidade ou obriga\u00e7\u00e3o pelo conte\u00fado e pelas atividades desses sites vinculados. No entanto, procuramos proteger a integridade de nosso site e agradecemos qualquer feedback sobre esses sites.<\/p>\n<p>&nbsp;<\/p>\n<h4>Google<\/h4>\n<p>Os requisitos de publicidade do Google podem ser resumidos nos Princ\u00edpios de publicidade do Google. Eles s\u00e3o colocados em pr\u00e1tica para proporcionar uma experi\u00eancia positiva aos usu\u00e1rios.  <a href=\"https:\/\/support.google.com\/adwordspolicy\/answer\/1316548?hl=en\" target=\"_blank\" rel=\"noopener\">Leia a Pol\u00edtica de an\u00fancios do Google<\/a><\/p>\n<p>Usamos a publicidade do Google AdSense em nosso site.<br \/>\nO Google, como fornecedor de terceiros, usa cookies para veicular an\u00fancios em nosso site. O uso do cookie DART pelo Google permite que ele veicule an\u00fancios para nossos usu\u00e1rios com base em suas visitas ao nosso site e a outros sites na Internet. Os usu\u00e1rios podem desativar o uso do cookie DART visitando a pol\u00edtica de privacidade da rede de conte\u00fado e an\u00fancios do Google.<\/p>\n<p>&nbsp;<\/p>\n<h4>Implementamos o seguinte:<\/h4>\n<p><strong>Relat\u00f3rios demogr\u00e1ficos e de interesses<\/strong><\/p>\n<p>N\u00f3s, juntamente com fornecedores terceirizados, como o Google, usamos cookies prim\u00e1rios (como os cookies do Google Analytics) e cookies de terceiros (como o cookie da DoubleClick) ou outros identificadores de terceiros para compilar dados referentes \u00e0s intera\u00e7\u00f5es do usu\u00e1rio com impress\u00f5es de an\u00fancios e outras fun\u00e7\u00f5es de servi\u00e7o de an\u00fancios relacionadas ao nosso site.<\/p>\n<p><strong>Optando por n\u00e3o participar:<\/strong><\/p>\n<p>Os usu\u00e1rios podem definir prefer\u00eancias sobre como o Google anuncia para voc\u00ea usando a p\u00e1gina Configura\u00e7\u00f5es de an\u00fancios do Google. Como alternativa, voc\u00ea pode optar por n\u00e3o participar visitando a p\u00e1gina de desativa\u00e7\u00e3o da Network Advertising Initiative ou usando permanentemente o complemento do navegador para desativa\u00e7\u00e3o do Google Analytics.<\/p>\n<p>&nbsp;<\/p>\n<h4>Lei de prote\u00e7\u00e3o \u00e0 privacidade on-line da Calif\u00f3rnia<\/h4>\n<p>A CalOPPA \u00e9 a primeira lei estadual do pa\u00eds a exigir que sites comerciais e servi\u00e7os on-line publiquem uma pol\u00edtica de privacidade. O alcance da lei vai muito al\u00e9m da Calif\u00f3rnia, exigindo que uma pessoa ou empresa nos Estados Unidos (e possivelmente no mundo todo) que opere sites que coletem informa\u00e7\u00f5es pessoalmente identific\u00e1veis de consumidores da Calif\u00f3rnia publique uma pol\u00edtica de privacidade vis\u00edvel em seu site, informando exatamente as informa\u00e7\u00f5es que est\u00e3o sendo coletadas e os indiv\u00edduos com os quais est\u00e3o sendo compartilhadas, e que cumpra essa pol\u00edtica. &#8211; <a href=\"http:\/\/consumercal.org\/california-online-privacy-protection-act-caloppa\/#sthash.0FdRbT51.dpuf\" target=\"_blank\" rel=\"noopener\">Veja mais.<\/a><\/p>\n<p>&nbsp;<\/p>\n<h4>De acordo com a CalOPPA, concordamos com o seguinte:<\/h4>\n<p>Os usu\u00e1rios podem visitar nosso site de forma an\u00f4nima<\/p>\n<p>Assim que essa pol\u00edtica de privacidade for criada, adicionaremos um link para ela em nossa p\u00e1gina inicial ou, no m\u00ednimo, na primeira p\u00e1gina significativa ap\u00f3s entrar em nosso site.<\/p>\n<p>Nosso link da Pol\u00edtica de Privacidade inclui a palavra &#8220;Privacidade&#8221; e pode ser facilmente encontrado na p\u00e1gina especificada acima.<br \/>\nOs usu\u00e1rios ser\u00e3o notificados sobre qualquer altera\u00e7\u00e3o na pol\u00edtica de privacidade:<\/p>\n<p>&#8211; <strong>Em<\/strong> nossa p\u00e1gina de Pol\u00edtica de Privacidade<\/p>\n<p>Os usu\u00e1rios podem alterar suas informa\u00e7\u00f5es pessoais:<\/p>\n<p>&#8211; <strong>Enviando-nos<\/strong> um e-mail<\/p>\n<p>&#8211; <strong>Ao<\/strong> fazer login em sua conta<\/p>\n<p>&nbsp;<\/p>\n<h4>Como nosso site lida com sinais de n\u00e3o rastreamento?<\/h4>\n<p>Honramos o fato de n\u00e3o rastrear sinais e n\u00e3o rastrear, plantar cookies ou usar publicidade quando um mecanismo de navegador Do Not Track (DNT) estiver em vigor.<\/p>\n<p>&nbsp;<\/p>\n<h4>Nosso site permite o rastreamento comportamental de terceiros?<\/h4>\n<p>Tamb\u00e9m \u00e9 importante observar que n\u00e3o permitimos o rastreamento comportamental de terceiros<\/p>\n<p>&nbsp;<\/p>\n<h4>COPPA (Lei de Prote\u00e7\u00e3o \u00e0 Privacidade Online das Crian\u00e7as)<\/h4>\n<p>Quando se trata da coleta de informa\u00e7\u00f5es pessoais de crian\u00e7as menores de 13 anos, a COPPA (Children&#8217;s Online Privacy Protection Act) coloca os pais no controle. A Federal Trade Commission, a ag\u00eancia de prote\u00e7\u00e3o ao consumidor do pa\u00eds, aplica a Regra COPPA, que define o que as operadoras de sites e servi\u00e7os on-line devem fazer para proteger a privacidade e a seguran\u00e7a das crian\u00e7as on-line.<br \/>\nN\u00e3o comercializamos especificamente para crian\u00e7as menores de 13 anos.<\/p>\n<p>&nbsp;<\/p>\n<h4>Pr\u00e1ticas justas de informa\u00e7\u00e3o<\/h4>\n<p>Os Princ\u00edpios de Pr\u00e1ticas Justas de Informa\u00e7\u00e3o formam a espinha dorsal da lei de privacidade nos Estados Unidos e os conceitos que eles incluem t\u00eam desempenhado um papel significativo no desenvolvimento de leis de prote\u00e7\u00e3o de dados em todo o mundo. Compreender os Princ\u00edpios de Pr\u00e1ticas Justas de Informa\u00e7\u00e3o e como eles devem ser implementados \u00e9 fundamental para cumprir as v\u00e1rias leis de privacidade que protegem as informa\u00e7\u00f5es pessoais.<\/p>\n<h4>Para estarmos alinhados com as Pr\u00e1ticas Justas de Informa\u00e7\u00e3o, tomaremos as seguintes medidas responsivas, caso ocorra uma viola\u00e7\u00e3o de dados:<\/h4>\n<p>Notificaremos os usu\u00e1rios por e-mail<\/p>\n<p>&#8211; <strong>Dentro de<\/strong> 1 dia \u00fatil<br \/>\nTamb\u00e9m concordamos com o princ\u00edpio de repara\u00e7\u00e3o individual, que exige que os indiv\u00edduos tenham o direito de buscar direitos legalmente aplic\u00e1veis contra coletores e processadores de dados que n\u00e3o cumpram a lei. Esse princ\u00edpio exige n\u00e3o apenas que os indiv\u00edduos tenham direitos aplic\u00e1veis contra os usu\u00e1rios de dados, mas tamb\u00e9m que os indiv\u00edduos recorram aos tribunais ou a uma ag\u00eancia governamental para investigar e\/ou processar a n\u00e3o conformidade dos processadores de dados.<\/p>\n<p>&nbsp;<\/p>\n<h4>Lei CAN SPAM<\/h4>\n<p>A Lei CAN-SPAM \u00e9 uma lei que define as regras para e-mail comercial, estabelece requisitos para mensagens comerciais, d\u00e1 aos destinat\u00e1rios o direito de impedir que e-mails sejam enviados a eles e define penalidades severas para viola\u00e7\u00f5es.<\/p>\n<p>&nbsp;<\/p>\n<h4>Coletamos seu endere\u00e7o de e-mail para:<\/h4>\n<p>&#8211; <strong>Enviar<\/strong> informa\u00e7\u00f5es, responder a consultas e\/ou outras solicita\u00e7\u00f5es ou perguntas.<\/p>\n<p>&#8211; <strong>Comercializar<\/strong> para nossa lista de mala direta ou continuar a enviar e-mails para nossos clientes ap\u00f3s a transa\u00e7\u00e3o original ter ocorrido<\/p>\n<p>&nbsp;<\/p>\n<h4>Para estar de acordo com a CANSPAM, concordamos com o seguinte:<\/h4>\n<p>&#8211; <strong>N\u00c3O<\/strong> usar assuntos ou endere\u00e7os de e-mail falsos ou enganosos<\/p>\n<p>&#8211; <strong>Identificar<\/strong> a mensagem como um an\u00fancio de alguma forma razo\u00e1vel<\/p>\n<p>&#8211; <strong>Incluir<\/strong> o endere\u00e7o f\u00edsico de nossa sede comercial ou local<\/p>\n<p>&#8211; <strong>Monitore<\/strong> os servi\u00e7os de marketing por e-mail de terceiros quanto \u00e0 conformidade, caso sejam utilizados.<\/p>\n<p>&#8211; <strong>Atenda<\/strong> rapidamente \u00e0s solicita\u00e7\u00f5es de opt-out\/cancelamento de assinatura<\/p>\n<p>&#8211; <strong>Permitir que<\/strong> os usu\u00e1rios cancelem a assinatura usando o link na parte inferior de cada e-mail<\/p>\n<p>&nbsp;<\/p>\n<h4>Se, a qualquer momento, desejar cancelar o recebimento de futuros e-mails, envie-nos um e-mail para<\/h4>\n<p>&#8211; <strong>Siga<\/strong> as instru\u00e7\u00f5es na parte inferior de cada e-mail.<\/p>\n<p>e n\u00f3s o removeremos imediatamente de <strong> TODA a <\/strong> correspond\u00eancia.<\/p>\n<p>&nbsp;<\/p>\n<h4>Como entrar em contato conosco<\/h4>\n<p>Se tiver alguma d\u00favida sobre esta pol\u00edtica de privacidade, entre em contato conosco usando as informa\u00e7\u00f5es abaixo.<\/p>\n<p>SUA EMPRESA<\/p>\n<p>ENDERE\u00c7O 1<\/p>\n<p>ENDERE\u00c7O 2<\/p>\n<p>CIDADE, ESTADO, CEP<\/p>\n<\/div>\n<p>[\/vc_column_text][\/vc_column_inner][\/vc_row_inner][\/vc_column][\/vc_row]<\/p>\n","protected":false},"excerpt":{"rendered":"<p>[vc_row][vc_column][vc_row_inner][vc_column_inner][vc_column_text] Esta pol\u00edtica de privacidade foi compilada para melhor atender \u00e0queles que est\u00e3o preocupados com a forma como suas &#8220;informa\u00e7\u00f5es de identifica\u00e7\u00e3o pessoal&#8221; (PII) est\u00e3o sendo usadas on-line. As PII, conforme usadas na lei de privacidade e seguran\u00e7a da informa\u00e7\u00e3o dos EUA, s\u00e3o informa\u00e7\u00f5es que podem ser usadas isoladamente ou com outras informa\u00e7\u00f5es para identificar, [&hellip;]<\/p>\n","protected":false},"author":1,"featured_media":0,"parent":0,"menu_order":0,"comment_status":"closed","ping_status":"closed","template":"fullwidth-page.php","meta":{"footnotes":""},"class_list":["post-1914","page","type-page","status-publish","hentry"],"yoast_head":"<!-- This site is optimized with the Yoast SEO plugin v21.7 - https:\/\/yoast.com\/wordpress\/plugins\/seo\/ -->\n<title>Pol\u00edtica de privacidade - Motor Genie<\/title>\n<meta name=\"robots\" content=\"index, follow, max-snippet:-1, max-image-preview:large, max-video-preview:-1\" \/>\n<link rel=\"canonical\" href=\"https:\/\/motorgenie.com\/pt-br\/politica-de-privacidade\/\" \/>\n<meta property=\"og:locale\" content=\"pt_BR\" \/>\n<meta property=\"og:type\" content=\"article\" \/>\n<meta property=\"og:title\" content=\"Pol\u00edtica de privacidade - Motor Genie\" \/>\n<meta property=\"og:description\" content=\"[vc_row][vc_column][vc_row_inner][vc_column_inner][vc_column_text] Esta pol\u00edtica de privacidade foi compilada para melhor atender \u00e0queles que est\u00e3o preocupados com a forma como suas &#8220;informa\u00e7\u00f5es de identifica\u00e7\u00e3o pessoal&#8221; (PII) est\u00e3o sendo usadas on-line. As PII, conforme usadas na lei de privacidade e seguran\u00e7a da informa\u00e7\u00e3o dos EUA, s\u00e3o informa\u00e7\u00f5es que podem ser usadas isoladamente ou com outras informa\u00e7\u00f5es para identificar, [&hellip;]\" \/>\n<meta property=\"og:url\" content=\"https:\/\/motorgenie.com\/pt-br\/politica-de-privacidade\/\" \/>\n<meta property=\"og:site_name\" content=\"Motor Genie\" \/>\n<meta property=\"article:modified_time\" content=\"2024-01-02T21:22:00+00:00\" \/>\n<meta property=\"og:image\" content=\"https:\/\/motorgenie.com\/wp-content\/uploads\/2023\/11\/mg-splash.jpg\" \/>\n\t<meta property=\"og:image:width\" content=\"1200\" \/>\n\t<meta property=\"og:image:height\" content=\"630\" \/>\n\t<meta property=\"og:image:type\" content=\"image\/jpeg\" \/>\n<meta name=\"twitter:card\" content=\"summary_large_image\" \/>\n<meta name=\"twitter:label1\" content=\"Est. tempo de leitura\" \/>\n\t<meta name=\"twitter:data1\" content=\"10 minutos\" \/>\n<script type=\"application\/ld+json\" class=\"yoast-schema-graph\">{\"@context\":\"https:\/\/schema.org\",\"@graph\":[{\"@type\":\"WebPage\",\"@id\":\"https:\/\/motorgenie.com\/pt-br\/politica-de-privacidade\/\",\"url\":\"https:\/\/motorgenie.com\/pt-br\/politica-de-privacidade\/\",\"name\":\"Pol\u00edtica de privacidade - Motor Genie\",\"isPartOf\":{\"@id\":\"https:\/\/motorgenie.com\/pt-br\/#website\"},\"datePublished\":\"2016-07-01T10:24:18+00:00\",\"dateModified\":\"2024-01-02T21:22:00+00:00\",\"breadcrumb\":{\"@id\":\"https:\/\/motorgenie.com\/pt-br\/politica-de-privacidade\/#breadcrumb\"},\"inLanguage\":\"pt-BR\",\"potentialAction\":[{\"@type\":\"ReadAction\",\"target\":[\"https:\/\/motorgenie.com\/pt-br\/politica-de-privacidade\/\"]}]},{\"@type\":\"BreadcrumbList\",\"@id\":\"https:\/\/motorgenie.com\/pt-br\/politica-de-privacidade\/#breadcrumb\",\"itemListElement\":[{\"@type\":\"ListItem\",\"position\":1,\"name\":\"Home\",\"item\":\"https:\/\/motorgenie.com\/pt-br\/inicio\/\"},{\"@type\":\"ListItem\",\"position\":2,\"name\":\"Pol\u00edtica de privacidade\"}]},{\"@type\":\"WebSite\",\"@id\":\"https:\/\/motorgenie.com\/pt-br\/#website\",\"url\":\"https:\/\/motorgenie.com\/pt-br\/\",\"name\":\"Motor Genie\",\"description\":\"\",\"publisher\":{\"@id\":\"https:\/\/motorgenie.com\/pt-br\/#organization\"},\"potentialAction\":[{\"@type\":\"SearchAction\",\"target\":{\"@type\":\"EntryPoint\",\"urlTemplate\":\"https:\/\/motorgenie.com\/pt-br\/?s={search_term_string}\"},\"query-input\":\"required name=search_term_string\"}],\"inLanguage\":\"pt-BR\"},{\"@type\":\"Organization\",\"@id\":\"https:\/\/motorgenie.com\/pt-br\/#organization\",\"name\":\"Motor Genie\",\"url\":\"https:\/\/motorgenie.com\/pt-br\/\",\"logo\":{\"@type\":\"ImageObject\",\"inLanguage\":\"pt-BR\",\"@id\":\"https:\/\/motorgenie.com\/pt-br\/#\/schema\/logo\/image\/\",\"url\":\"https:\/\/motorgenie.com\/wp-content\/uploads\/2023\/11\/Untitled.jpeg\",\"contentUrl\":\"https:\/\/motorgenie.com\/wp-content\/uploads\/2023\/11\/Untitled.jpeg\",\"width\":640,\"height\":640,\"caption\":\"Motor Genie\"},\"image\":{\"@id\":\"https:\/\/motorgenie.com\/pt-br\/#\/schema\/logo\/image\/\"}}]}<\/script>\n<!-- \/ Yoast SEO plugin. -->","yoast_head_json":{"title":"Pol\u00edtica de privacidade - Motor Genie","robots":{"index":"index","follow":"follow","max-snippet":"max-snippet:-1","max-image-preview":"max-image-preview:large","max-video-preview":"max-video-preview:-1"},"canonical":"https:\/\/motorgenie.com\/pt-br\/politica-de-privacidade\/","og_locale":"pt_BR","og_type":"article","og_title":"Pol\u00edtica de privacidade - Motor Genie","og_description":"[vc_row][vc_column][vc_row_inner][vc_column_inner][vc_column_text] Esta pol\u00edtica de privacidade foi compilada para melhor atender \u00e0queles que est\u00e3o preocupados com a forma como suas &#8220;informa\u00e7\u00f5es de identifica\u00e7\u00e3o pessoal&#8221; (PII) est\u00e3o sendo usadas on-line. As PII, conforme usadas na lei de privacidade e seguran\u00e7a da informa\u00e7\u00e3o dos EUA, s\u00e3o informa\u00e7\u00f5es que podem ser usadas isoladamente ou com outras informa\u00e7\u00f5es para identificar, [&hellip;]","og_url":"https:\/\/motorgenie.com\/pt-br\/politica-de-privacidade\/","og_site_name":"Motor Genie","article_modified_time":"2024-01-02T21:22:00+00:00","og_image":[{"width":1200,"height":630,"url":"https:\/\/motorgenie.com\/wp-content\/uploads\/2023\/11\/mg-splash.jpg","type":"image\/jpeg"}],"twitter_card":"summary_large_image","twitter_misc":{"Est. tempo de leitura":"10 minutos"},"schema":{"@context":"https:\/\/schema.org","@graph":[{"@type":"WebPage","@id":"https:\/\/motorgenie.com\/pt-br\/politica-de-privacidade\/","url":"https:\/\/motorgenie.com\/pt-br\/politica-de-privacidade\/","name":"Pol\u00edtica de privacidade - Motor Genie","isPartOf":{"@id":"https:\/\/motorgenie.com\/pt-br\/#website"},"datePublished":"2016-07-01T10:24:18+00:00","dateModified":"2024-01-02T21:22:00+00:00","breadcrumb":{"@id":"https:\/\/motorgenie.com\/pt-br\/politica-de-privacidade\/#breadcrumb"},"inLanguage":"pt-BR","potentialAction":[{"@type":"ReadAction","target":["https:\/\/motorgenie.com\/pt-br\/politica-de-privacidade\/"]}]},{"@type":"BreadcrumbList","@id":"https:\/\/motorgenie.com\/pt-br\/politica-de-privacidade\/#breadcrumb","itemListElement":[{"@type":"ListItem","position":1,"name":"Home","item":"https:\/\/motorgenie.com\/pt-br\/inicio\/"},{"@type":"ListItem","position":2,"name":"Pol\u00edtica de privacidade"}]},{"@type":"WebSite","@id":"https:\/\/motorgenie.com\/pt-br\/#website","url":"https:\/\/motorgenie.com\/pt-br\/","name":"Motor Genie","description":"","publisher":{"@id":"https:\/\/motorgenie.com\/pt-br\/#organization"},"potentialAction":[{"@type":"SearchAction","target":{"@type":"EntryPoint","urlTemplate":"https:\/\/motorgenie.com\/pt-br\/?s={search_term_string}"},"query-input":"required name=search_term_string"}],"inLanguage":"pt-BR"},{"@type":"Organization","@id":"https:\/\/motorgenie.com\/pt-br\/#organization","name":"Motor Genie","url":"https:\/\/motorgenie.com\/pt-br\/","logo":{"@type":"ImageObject","inLanguage":"pt-BR","@id":"https:\/\/motorgenie.com\/pt-br\/#\/schema\/logo\/image\/","url":"https:\/\/motorgenie.com\/wp-content\/uploads\/2023\/11\/Untitled.jpeg","contentUrl":"https:\/\/motorgenie.com\/wp-content\/uploads\/2023\/11\/Untitled.jpeg","width":640,"height":640,"caption":"Motor Genie"},"image":{"@id":"https:\/\/motorgenie.com\/pt-br\/#\/schema\/logo\/image\/"}}]}},"_links":{"self":[{"href":"https:\/\/motorgenie.com\/pt-br\/wp-json\/wp\/v2\/pages\/1914","targetHints":{"allow":["GET"]}}],"collection":[{"href":"https:\/\/motorgenie.com\/pt-br\/wp-json\/wp\/v2\/pages"}],"about":[{"href":"https:\/\/motorgenie.com\/pt-br\/wp-json\/wp\/v2\/types\/page"}],"author":[{"embeddable":true,"href":"https:\/\/motorgenie.com\/pt-br\/wp-json\/wp\/v2\/users\/1"}],"replies":[{"embeddable":true,"href":"https:\/\/motorgenie.com\/pt-br\/wp-json\/wp\/v2\/comments?post=1914"}],"version-history":[{"count":8,"href":"https:\/\/motorgenie.com\/pt-br\/wp-json\/wp\/v2\/pages\/1914\/revisions"}],"predecessor-version":[{"id":2014,"href":"https:\/\/motorgenie.com\/pt-br\/wp-json\/wp\/v2\/pages\/1914\/revisions\/2014"}],"wp:attachment":[{"href":"https:\/\/motorgenie.com\/pt-br\/wp-json\/wp\/v2\/media?parent=1914"}],"curies":[{"name":"wp","href":"https:\/\/api.w.org\/{rel}","templated":true}]}}