{"id":43668,"date":"2016-07-01T10:24:18","date_gmt":"2016-07-01T10:24:18","guid":{"rendered":"https:\/\/motorgenie.com\/polityka-prywatnosci\/"},"modified":"2024-10-30T14:38:51","modified_gmt":"2024-10-30T14:38:51","slug":"polityka-prywatnosci","status":"publish","type":"page","link":"https:\/\/motorgenie.com\/pl\/polityka-prywatnosci\/","title":{"rendered":"Polityka prywatno\u015bci"},"content":{"rendered":"<p>[vc_row][vc_column][vc_row_inner][vc_column_inner][vc_column_text]<\/p>\n<div class=\"col-md-8 col-md-offset-2\">\n<p>Niniejsza polityka prywatno\u015bci zosta\u0142a opracowana, aby lepiej s\u0142u\u017cy\u0107 tym, kt\u00f3rzy s\u0105 zaniepokojeni tym, w jaki spos\u00f3b ich &#8220;dane osobowe&#8221; (PII) s\u0105 wykorzystywane online. PII, zgodnie z ameryka\u0144skim prawem dotycz\u0105cym prywatno\u015bci i bezpiecze\u0144stwa informacji, to informacje, kt\u00f3re mog\u0105 by\u0107 wykorzystane samodzielnie lub z innymi informacjami do identyfikacji, kontaktu lub zlokalizowania pojedynczej osoby lub do identyfikacji osoby w kontek\u015bcie. Prosimy o uwa\u017cne zapoznanie si\u0119 z nasz\u0105 polityk\u0105 prywatno\u015bci, aby dok\u0142adnie zrozumie\u0107, w jaki spos\u00f3b gromadzimy, wykorzystujemy, chronimy lub w inny spos\u00f3b post\u0119pujemy z danymi osobowymi u\u017cytkownika zgodnie z nasz\u0105 witryn\u0105 internetow\u0105.  <\/p>\n<p>&nbsp;<\/p>\n<h4>Jakie dane osobowe zbieramy od os\u00f3b odwiedzaj\u0105cych nasz blog, stron\u0119 internetow\u0105 lub aplikacj\u0119?<\/h4>\n<p>Podczas sk\u0142adania zam\u00f3wienia lub rejestracji w naszej witrynie, w stosownych przypadkach, u\u017cytkownik mo\u017ce zosta\u0107 poproszony o podanie swojego imienia i nazwiska, adresu e-mail lub innych danych, kt\u00f3re pomog\u0105 mu w korzystaniu z witryny.<\/p>\n<p>&nbsp;<\/p>\n<h4>Kiedy zbieramy informacje?<\/h4>\n<p>Zbieramy informacje od u\u017cytkownika podczas rejestracji w naszej witrynie, subskrypcji biuletynu lub wprowadzania informacji w naszej witrynie.<\/p>\n<p>&nbsp;<\/p>\n<h4>Jak wykorzystujemy informacje o u\u017cytkowniku?<\/h4>\n<p>Mo\u017cemy wykorzystywa\u0107 informacje, kt\u00f3re zbieramy od u\u017cytkownika podczas rejestracji, dokonywania zakupu, zapisywania si\u0119 do naszego newslettera, odpowiadania na ankiet\u0119 lub komunikacj\u0119 marketingow\u0105, surfowania po witrynie lub korzystania z niekt\u00f3rych innych funkcji witryny w nast\u0119puj\u0105cy spos\u00f3b:<\/p>\n<ul>\n<li>Aby spersonalizowa\u0107 do\u015bwiadczenia u\u017cytkownika i umo\u017cliwi\u0107 nam dostarczanie tre\u015bci i produkt\u00f3w, kt\u00f3rymi u\u017cytkownik jest najbardziej zainteresowany.<\/li>\n<li>Umo\u017cliwienie nam lepszej obs\u0142ugi u\u017cytkownika w zakresie odpowiadania na zg\u0142oszenia obs\u0142ugi klienta.<\/li>\n<li>Wysy\u0142anie okresowych wiadomo\u015bci e-mail dotycz\u0105cych zam\u00f3wienia lub innych produkt\u00f3w i us\u0142ug.<\/li>\n<\/ul>\n<p>&nbsp;<\/p>\n<h4>Jak chronimy informacje o odwiedzaj\u0105cych?<\/h4>\n<p>Nasza witryna jest regularnie skanowana pod k\u0105tem luk w zabezpieczeniach i znanych s\u0142abych punkt\u00f3w, aby zapewni\u0107 jak najwi\u0119ksze bezpiecze\u0144stwo odwiedzin. Stosujemy regularne skanowanie pod k\u0105tem z\u0142o\u015bliwego oprogramowania. Dane osobowe u\u017cytkownika znajduj\u0105 si\u0119 za zabezpieczonymi sieciami i s\u0105 dost\u0119pne tylko dla ograniczonej liczby os\u00f3b, kt\u00f3re maj\u0105 specjalne prawa dost\u0119pu do takich system\u00f3w i s\u0105 zobowi\u0105zane do zachowania poufno\u015bci tych informacji. Ponadto wszystkie wra\u017cliwe\/kredytowe informacje s\u0105 szyfrowane za pomoc\u0105 technologii Secure Socket Layer (SSL). Wdra\u017camy r\u00f3\u017cne \u015brodki bezpiecze\u0144stwa, gdy u\u017cytkownik wprowadza, przesy\u0142a lub uzyskuje dost\u0119p do swoich informacji w celu zachowania bezpiecze\u0144stwa danych osobowych. Wszystkie transakcje s\u0105 przetwarzane za po\u015brednictwem dostawcy bramy i nie s\u0105 przechowywane ani przetwarzane na naszych serwerach.<\/p>\n<p>&nbsp;<\/p>\n<h4>Czy u\u017cywamy plik\u00f3w cookie?<\/h4>\n<p>Tak. Pliki cookie to ma\u0142e pliki, kt\u00f3re witryna lub jej us\u0142ugodawca przesy\u0142a na dysk twardy komputera u\u017cytkownika za po\u015brednictwem przegl\u0105darki internetowej (je\u015bli u\u017cytkownik na to zezwala), co umo\u017cliwia systemom witryny lub us\u0142ugodawcy rozpoznanie przegl\u0105darki u\u017cytkownika oraz przechwycenie i zapami\u0119tanie okre\u015blonych informacji. Na przyk\u0142ad u\u017cywamy plik\u00f3w cookie, aby pom\u00f3c nam zapami\u0119ta\u0107 i przetworzy\u0107 produkty w koszyku. S\u0105 one r\u00f3wnie\u017c u\u017cywane, aby pom\u00f3c nam zrozumie\u0107 preferencje u\u017cytkownika w oparciu o poprzedni\u0105 lub bie\u017c\u0105c\u0105 aktywno\u015b\u0107 w witrynie, co umo\u017cliwia nam \u015bwiadczenie lepszych us\u0142ug. U\u017cywamy r\u00f3wnie\u017c plik\u00f3w cookie, aby pom\u00f3c nam skompilowa\u0107 zbiorcze dane dotycz\u0105ce ruchu w witrynie i interakcji z witryn\u0105, aby\u015bmy mogli oferowa\u0107 lepsze do\u015bwiadczenia i narz\u0119dzia w przysz\u0142o\u015bci.    <\/p>\n<p>&nbsp;<\/p>\n<h4>U\u017cywamy plik\u00f3w cookie do:<\/h4>\n<p> <strong> Zrozumienie i zapisanie preferencji u\u017cytkownika na potrzeby przysz\u0142ych wizyt.<\/strong><br \/>\nU\u017cytkownik mo\u017ce wybra\u0107, czy jego komputer ma go ostrzega\u0107 za ka\u017cdym razem, gdy wysy\u0142any jest plik cookie, czy te\u017c mo\u017ce wy\u0142\u0105czy\u0107 wszystkie pliki cookie. Mo\u017cna to zrobi\u0107 za pomoc\u0105 ustawie\u0144 przegl\u0105darki (np. Internet Explorer). Ka\u017cda przegl\u0105darka jest nieco inna, wi\u0119c nale\u017cy zapozna\u0107 si\u0119 z menu Pomoc przegl\u0105darki, aby pozna\u0107 prawid\u0142owy spos\u00f3b modyfikowania plik\u00f3w cookie. Je\u015bli wy\u0142\u0105czysz pliki cookie, niekt\u00f3re funkcje zostan\u0105 wy\u0142\u0105czone. Nie wp\u0142ynie to na do\u015bwiadczenia u\u017cytkownik\u00f3w, kt\u00f3re sprawiaj\u0105, \u017ce korzystanie z witryny jest bardziej wydajne, a niekt\u00f3re z naszych us\u0142ug nie b\u0119d\u0105 dzia\u0142a\u0107 poprawnie. Nadal jednak mo\u017cna sk\u0142ada\u0107 zam\u00f3wienia.  <\/p>\n<p>&nbsp;<\/p>\n<h4>Ujawnienie informacji przez stron\u0119 trzeci\u0105<\/h4>\n<p>Nie sprzedajemy, nie wymieniamy ani w \u017caden inny spos\u00f3b nie przekazujemy podmiotom zewn\u0119trznym danych osobowych u\u017cytkownik\u00f3w.<\/p>\n<p>&nbsp;<\/p>\n<h4>Linki stron trzecich<\/h4>\n<p>Od czasu do czasu, wed\u0142ug naszego uznania, mo\u017cemy w\u0142\u0105cza\u0107 lub oferowa\u0107 produkty lub us\u0142ugi stron trzecich na naszej stronie internetowej. Te witryny os\u00f3b trzecich maj\u0105 oddzielne i niezale\u017cne polityki prywatno\u015bci. W zwi\u0105zku z tym nie ponosimy odpowiedzialno\u015bci za tre\u015bci i dzia\u0142ania tych witryn. Niemniej jednak staramy si\u0119 chroni\u0107 integralno\u015b\u0107 naszej witryny i z zadowoleniem przyjmujemy wszelkie opinie na temat tych witryn.   <\/p>\n<p>&nbsp;<\/p>\n<h4>Google<\/h4>\n<p>Wymagania reklamowe Google mo\u017cna podsumowa\u0107 w Zasadach reklamowych Google. Zosta\u0142y one wprowadzone w celu zapewnienia u\u017cytkownikom pozytywnych do\u015bwiadcze\u0144.   <a href=\"https:\/\/support.google.com\/adwordspolicy\/answer\/1316548?hl=en\" target=\"_blank\" rel=\"noopener\">Przeczytaj zasady dotycz\u0105ce reklam Google<\/a><\/p>\n<p>Na naszej stronie internetowej korzystamy z reklam Google AdSense.<br \/>\nGoogle, jako dostawca zewn\u0119trzny, wykorzystuje pliki cookie do wy\u015bwietlania reklam w naszej witrynie. Korzystanie przez Google z pliku cookie DART umo\u017cliwia wy\u015bwietlanie reklam naszym u\u017cytkownikom na podstawie ich wizyt w naszej witrynie i innych witrynach w Internecie. U\u017cytkownicy mog\u0105 zrezygnowa\u0107 z u\u017cywania plik\u00f3w cookie DART, odwiedzaj\u0105c polityk\u0119 prywatno\u015bci sieci reklamowej i tre\u015bci Google.  <\/p>\n<p>&nbsp;<\/p>\n<h4>Wdro\u017cyli\u015bmy nast\u0119puj\u0105ce rozwi\u0105zania:<\/h4>\n<p><strong>Raportowanie danych demograficznych i zainteresowa\u0144<\/strong><\/p>\n<p>Wraz z zewn\u0119trznymi dostawcami, takimi jak Google, wykorzystujemy w\u0142asne pliki cookie (takie jak pliki cookie Google Analytics) i pliki cookie stron trzecich (takie jak plik cookie DoubleClick) lub inne identyfikatory stron trzecich w celu kompilowania danych dotycz\u0105cych interakcji u\u017cytkownika z wy\u015bwietleniami reklam i innymi funkcjami us\u0142ug reklamowych w odniesieniu do naszej witryny.<\/p>\n<p><strong>Rezygnacja:<\/strong><\/p>\n<p>U\u017cytkownicy mog\u0105 ustawi\u0107 preferencje dotycz\u0105ce sposobu reklamowania si\u0119 przez Google za pomoc\u0105 strony Ustawienia reklam Google. Alternatywnie mo\u017cna zrezygnowa\u0107, odwiedzaj\u0105c stron\u0119 rezygnacji z inicjatywy Network Advertising lub na sta\u0142e korzystaj\u0105c z dodatku do przegl\u0105darki Google Analytics Opt Out Browser. <\/p>\n<p>&nbsp;<\/p>\n<h4>Kalifornijska ustawa o ochronie prywatno\u015bci w Internecie<\/h4>\n<p>CalOPPA jest pierwszym prawem stanowym w kraju, kt\u00f3re wymaga od komercyjnych stron internetowych i us\u0142ug online publikowania polityki prywatno\u015bci. Zasi\u0119g ustawy wykracza daleko poza Kaliforni\u0119, wymagaj\u0105c od osoby lub firmy w Stanach Zjednoczonych (i prawdopodobnie na ca\u0142ym \u015bwiecie), kt\u00f3ra prowadzi strony internetowe zbieraj\u0105ce dane osobowe od konsument\u00f3w z Kalifornii, zamieszczenia na swojej stronie internetowej widocznej polityki prywatno\u015bci okre\u015blaj\u0105cej dok\u0142adnie gromadzone informacje i osoby, kt\u00f3rym s\u0105 one udost\u0119pniane, oraz przestrzegania tej polityki. &#8211; <a href=\"http:\/\/consumercal.org\/california-online-privacy-protection-act-caloppa\/#sthash.0FdRbT51.dpuf\" target=\"_blank\" rel=\"noopener\">Zobacz wi\u0119cej.<\/a>  <\/p>\n<p>&nbsp;<\/p>\n<h4>Zgodnie z CalOPPA zgadzamy si\u0119 na nast\u0119puj\u0105ce warunki:<\/h4>\n<p>U\u017cytkownicy mog\u0105 odwiedza\u0107 nasz\u0105 witryn\u0119 anonimowo Po utworzeniu niniejszej polityki prywatno\u015bci dodamy link do niej na naszej stronie g\u0142\u00f3wnej lub przynajmniej na pierwszej znacz\u0105cej stronie po wej\u015bciu na nasz\u0105 witryn\u0119. Link do naszej polityki prywatno\u015bci zawiera s\u0142owo &#8220;Prywatno\u015b\u0107&#8221; i mo\u017cna go \u0142atwo znale\u017a\u0107 na stronie okre\u015blonej powy\u017cej.<br \/>\nU\u017cytkownicy b\u0119d\u0105 powiadamiani o wszelkich zmianach w polityce prywatno\u015bci: &#8211; <strong>Na<\/strong> naszej stronie polityki prywatno\u015bci u\u017cytkownicy mog\u0105 zmieni\u0107 swoje dane osobowe: &#8211; <strong>wysy\u0142aj\u0105c<\/strong> do nas wiadomo\u015b\u0107 e-mail <strong>&#8211;<\/strong> loguj\u0105c si\u0119 na swoje konto<\/p>\n<p>&nbsp;<\/p>\n<h4>W jaki spos\u00f3b nasza witryna obs\u0142uguje sygna\u0142y &#8220;nie \u015bled\u017a&#8221;?<\/h4>\n<p>Honorujemy sygna\u0142y &#8220;nie \u015bled\u017a&#8221; i nie \u015bledzimy, nie umieszczamy plik\u00f3w cookie ani nie korzystamy z reklam, gdy w przegl\u0105darce dzia\u0142a mechanizm Do Not Track (DNT).<\/p>\n<p>&nbsp;<\/p>\n<h4>Czy nasza witryna zezwala na \u015bledzenie zachowa\u0144 przez osoby trzecie?<\/h4>\n<p>Wa\u017cne jest r\u00f3wnie\u017c, aby pami\u0119ta\u0107, \u017ce nie zezwalamy na \u015bledzenie zachowa\u0144 stron trzecich<\/p>\n<p>&nbsp;<\/p>\n<h4>COPPA (ustawa o ochronie prywatno\u015bci dzieci w Internecie)<\/h4>\n<p>Je\u015bli chodzi o gromadzenie danych osobowych od dzieci poni\u017cej 13 roku \u017cycia, ustawa o ochronie prywatno\u015bci dzieci w Internecie (COPPA) daje rodzicom kontrol\u0119. Federalna Komisja Handlu, krajowa agencja ochrony konsument\u00f3w, egzekwuje zasad\u0119 COPPA, kt\u00f3ra okre\u015bla, co operatorzy stron internetowych i us\u0142ug online musz\u0105 zrobi\u0107, aby chroni\u0107 prywatno\u015b\u0107 i bezpiecze\u0144stwo dzieci w Internecie.<br \/>\nNie prowadzimy sprzeda\u017cy specjalnie dla dzieci poni\u017cej 13 roku \u017cycia. <\/p>\n<p>&nbsp;<\/p>\n<h4>Uczciwe praktyki informacyjne<\/h4>\n<p>Zasady Uczciwych Praktyk Informacyjnych stanowi\u0105 podstaw\u0119 prawa ochrony prywatno\u015bci w Stanach Zjednoczonych, a zawarte w nich koncepcje odegra\u0142y znacz\u0105c\u0105 rol\u0119 w rozwoju przepis\u00f3w o ochronie danych na ca\u0142ym \u015bwiecie. Zrozumienie Zasad Uczciwych Praktyk Informacyjnych i sposobu ich wdro\u017cenia ma kluczowe znaczenie dla przestrzegania r\u00f3\u017cnych przepis\u00f3w dotycz\u0105cych prywatno\u015bci, kt\u00f3re chroni\u0105 dane osobowe. <\/p>\n<h4>Aby zachowa\u0107 zgodno\u015b\u0107 z uczciwymi praktykami informacyjnymi, podejmiemy nast\u0119puj\u0105ce dzia\u0142ania w przypadku naruszenia danych:<\/h4>\n<p>Powiadomimy u\u017cytkownik\u00f3w poczt\u0105 elektroniczn\u0105 <strong>&#8211;<\/strong> w ci\u0105gu 1 dnia roboczego<br \/>\nZgadzamy si\u0119 r\u00f3wnie\u017c na zasad\u0119 indywidualnego dochodzenia roszcze\u0144, kt\u00f3ra wymaga, aby osoby fizyczne mia\u0142y prawo do dochodzenia prawnie egzekwowalnych praw wobec podmiot\u00f3w gromadz\u0105cych i przetwarzaj\u0105cych dane, kt\u00f3re nie przestrzegaj\u0105 prawa. Zasada ta wymaga nie tylko, aby osoby fizyczne mia\u0142y egzekwowalne prawa wobec u\u017cytkownik\u00f3w danych, ale tak\u017ce, aby osoby fizyczne mog\u0142y odwo\u0142ywa\u0107 si\u0119 do s\u0105d\u00f3w lub agencji rz\u0105dowych w celu zbadania i\/lub \u015bcigania niezgodno\u015bci z przepisami przez podmioty przetwarzaj\u0105ce dane.<\/p>\n<p>&nbsp;<\/p>\n<h4>Ustawa CAN SPAM<\/h4>\n<p>Ustawa CAN-SPAM to prawo, kt\u00f3re okre\u015bla zasady dotycz\u0105ce komercyjnych wiadomo\u015bci e-mail, ustanawia wymagania dotycz\u0105ce wiadomo\u015bci komercyjnych, daje odbiorcom prawo do wstrzymania wysy\u0142ania do nich wiadomo\u015bci e-mail i okre\u015bla surowe kary za naruszenia.<\/p>\n<p>&nbsp;<\/p>\n<h4>Gromadzimy adres e-mail u\u017cytkownika w celu:<\/h4>\n<p>&#8211; <strong>Wysy\u0142anie<\/strong> informacji, odpowiadanie na zapytania i\/lub inne pro\u015bby lub pytania. &#8211; <strong>Marketing<\/strong> do naszej listy mailingowej lub dalsze wysy\u0142anie wiadomo\u015bci e-mail do naszych klient\u00f3w po dokonaniu pierwotnej transakcji.<\/p>\n<p>&nbsp;<\/p>\n<h4>Aby zachowa\u0107 zgodno\u015b\u0107 z CANSPAM, wyra\u017camy zgod\u0119 na poni\u017csze warunki:<\/h4>\n<p>&#8211; <strong>NIE<\/strong> u\u017cywa\u0107 fa\u0142szywych lub wprowadzaj\u0105cych w b\u0142\u0105d temat\u00f3w lub adres\u00f3w e-mail <strong>&#8211;<\/strong> identyfikowa\u0107 wiadomo\u015bci jako reklamy w rozs\u0105dny spos\u00f3b <strong>&#8211;<\/strong> zawiera\u0107 fizyczny adres siedziby naszej firmy lub witryny <strong>&#8211;<\/strong> monitorowa\u0107 us\u0142ugi e-mail marketingu stron trzecich pod k\u0105tem zgodno\u015bci, je\u015bli s\u0105 u\u017cywane. &#8211; Szybkie <strong>honorowanie<\/strong> pr\u00f3\u015bb o rezygnacj\u0119 z subskrypcji <strong>&#8211;<\/strong> Umo\u017cliwienie u\u017cytkownikom rezygnacji z subskrypcji za pomoc\u0105 linku znajduj\u0105cego si\u0119 na dole ka\u017cdej wiadomo\u015bci e-mail.<\/p>\n<p>&nbsp;<\/p>\n<h4>Je\u015bli w dowolnym momencie chcesz zrezygnowa\u0107 z otrzymywania przysz\u0142ych wiadomo\u015bci e-mail, mo\u017cesz wys\u0142a\u0107 do nas wiadomo\u015b\u0107 e-mail na adres<\/h4>\n<p>&#8211; <strong>Post\u0119puj<\/strong> zgodnie z instrukcjami na dole ka\u017cdej wiadomo\u015bci e-mail, a my niezw\u0142ocznie usuniemy Ci\u0119 ze <strong> WSZYSTKIEJ <\/strong> korespondencji.<\/p>\n<p>&nbsp;<\/p>\n<h4>Kontakt z nami<\/h4>\n<p>W przypadku jakichkolwiek pyta\u0144 dotycz\u0105cych niniejszej polityki prywatno\u015bci mo\u017cna skontaktowa\u0107 si\u0119 z nami, korzystaj\u0105c z poni\u017cszych informacji. YOURCOMPANY ADRES 1 ADRES 2 MIASTO, STAN, KOD POCZTOWY<\/p>\n<\/div>\n<p>[\/vc_column_text][\/vc_column_inner][\/vc_row_inner][\/vc_column][\/vc_row]<\/p>\n","protected":false},"excerpt":{"rendered":"<p>[vc_row][vc_column][vc_row_inner][vc_column_inner][vc_column_text] Niniejsza polityka prywatno\u015bci zosta\u0142a opracowana, aby lepiej s\u0142u\u017cy\u0107 tym, kt\u00f3rzy s\u0105 zaniepokojeni tym, w jaki spos\u00f3b ich &#8220;dane osobowe&#8221; (PII) s\u0105 wykorzystywane online. PII, zgodnie z ameryka\u0144skim prawem dotycz\u0105cym prywatno\u015bci i bezpiecze\u0144stwa informacji, to informacje, kt\u00f3re mog\u0105 by\u0107 wykorzystane samodzielnie lub z innymi informacjami do identyfikacji, kontaktu lub zlokalizowania pojedynczej osoby lub do identyfikacji [&hellip;]<\/p>\n","protected":false},"author":1,"featured_media":0,"parent":0,"menu_order":0,"comment_status":"closed","ping_status":"closed","template":"fullwidth-page.php","meta":{"footnotes":""},"class_list":["post-43668","page","type-page","status-publish","hentry"],"yoast_head":"<!-- This site is optimized with the Yoast SEO plugin v21.7 - https:\/\/yoast.com\/wordpress\/plugins\/seo\/ -->\n<title>Polityka prywatno\u015bci - Motor Genie<\/title>\n<meta name=\"robots\" content=\"index, follow, max-snippet:-1, max-image-preview:large, max-video-preview:-1\" \/>\n<link rel=\"canonical\" href=\"https:\/\/motorgenie.com\/pl\/polityka-prywatnosci\/\" \/>\n<meta property=\"og:locale\" content=\"pl_PL\" \/>\n<meta property=\"og:type\" content=\"article\" \/>\n<meta property=\"og:title\" content=\"Polityka prywatno\u015bci - Motor Genie\" \/>\n<meta property=\"og:description\" content=\"[vc_row][vc_column][vc_row_inner][vc_column_inner][vc_column_text] Niniejsza polityka prywatno\u015bci zosta\u0142a opracowana, aby lepiej s\u0142u\u017cy\u0107 tym, kt\u00f3rzy s\u0105 zaniepokojeni tym, w jaki spos\u00f3b ich &#8220;dane osobowe&#8221; (PII) s\u0105 wykorzystywane online. PII, zgodnie z ameryka\u0144skim prawem dotycz\u0105cym prywatno\u015bci i bezpiecze\u0144stwa informacji, to informacje, kt\u00f3re mog\u0105 by\u0107 wykorzystane samodzielnie lub z innymi informacjami do identyfikacji, kontaktu lub zlokalizowania pojedynczej osoby lub do identyfikacji [&hellip;]\" \/>\n<meta property=\"og:url\" content=\"https:\/\/motorgenie.com\/pl\/polityka-prywatnosci\/\" \/>\n<meta property=\"og:site_name\" content=\"Motor Genie\" \/>\n<meta property=\"article:modified_time\" content=\"2024-10-30T14:38:51+00:00\" \/>\n<meta property=\"og:image\" content=\"https:\/\/motorgenie.com\/wp-content\/uploads\/2023\/11\/mg-splash.jpg\" \/>\n\t<meta property=\"og:image:width\" content=\"1200\" \/>\n\t<meta property=\"og:image:height\" content=\"630\" \/>\n\t<meta property=\"og:image:type\" content=\"image\/jpeg\" \/>\n<meta name=\"twitter:card\" content=\"summary_large_image\" \/>\n<meta name=\"twitter:label1\" content=\"Szacowany czas czytania\" \/>\n\t<meta name=\"twitter:data1\" content=\"9 minut\" \/>\n<script type=\"application\/ld+json\" class=\"yoast-schema-graph\">{\"@context\":\"https:\/\/schema.org\",\"@graph\":[{\"@type\":\"WebPage\",\"@id\":\"https:\/\/motorgenie.com\/pl\/polityka-prywatnosci\/\",\"url\":\"https:\/\/motorgenie.com\/pl\/polityka-prywatnosci\/\",\"name\":\"Polityka prywatno\u015bci - Motor Genie\",\"isPartOf\":{\"@id\":\"https:\/\/motorgenie.com\/pl\/#website\"},\"datePublished\":\"2016-07-01T10:24:18+00:00\",\"dateModified\":\"2024-10-30T14:38:51+00:00\",\"breadcrumb\":{\"@id\":\"https:\/\/motorgenie.com\/pl\/polityka-prywatnosci\/#breadcrumb\"},\"inLanguage\":\"pl-PL\",\"potentialAction\":[{\"@type\":\"ReadAction\",\"target\":[\"https:\/\/motorgenie.com\/pl\/polityka-prywatnosci\/\"]}]},{\"@type\":\"BreadcrumbList\",\"@id\":\"https:\/\/motorgenie.com\/pl\/polityka-prywatnosci\/#breadcrumb\",\"itemListElement\":[{\"@type\":\"ListItem\",\"position\":1,\"name\":\"Home\",\"item\":\"https:\/\/motorgenie.com\/pl\/strona-glowna\/\"},{\"@type\":\"ListItem\",\"position\":2,\"name\":\"Polityka prywatno\u015bci\"}]},{\"@type\":\"WebSite\",\"@id\":\"https:\/\/motorgenie.com\/pl\/#website\",\"url\":\"https:\/\/motorgenie.com\/pl\/\",\"name\":\"Motor Genie\",\"description\":\"\",\"publisher\":{\"@id\":\"https:\/\/motorgenie.com\/pl\/#organization\"},\"potentialAction\":[{\"@type\":\"SearchAction\",\"target\":{\"@type\":\"EntryPoint\",\"urlTemplate\":\"https:\/\/motorgenie.com\/pl\/?s={search_term_string}\"},\"query-input\":\"required name=search_term_string\"}],\"inLanguage\":\"pl-PL\"},{\"@type\":\"Organization\",\"@id\":\"https:\/\/motorgenie.com\/pl\/#organization\",\"name\":\"Motor Genie\",\"url\":\"https:\/\/motorgenie.com\/pl\/\",\"logo\":{\"@type\":\"ImageObject\",\"inLanguage\":\"pl-PL\",\"@id\":\"https:\/\/motorgenie.com\/pl\/#\/schema\/logo\/image\/\",\"url\":\"https:\/\/motorgenie.com\/wp-content\/uploads\/2023\/11\/Untitled.jpeg\",\"contentUrl\":\"https:\/\/motorgenie.com\/wp-content\/uploads\/2023\/11\/Untitled.jpeg\",\"width\":640,\"height\":640,\"caption\":\"Motor Genie\"},\"image\":{\"@id\":\"https:\/\/motorgenie.com\/pl\/#\/schema\/logo\/image\/\"}}]}<\/script>\n<!-- \/ Yoast SEO plugin. -->","yoast_head_json":{"title":"Polityka prywatno\u015bci - Motor Genie","robots":{"index":"index","follow":"follow","max-snippet":"max-snippet:-1","max-image-preview":"max-image-preview:large","max-video-preview":"max-video-preview:-1"},"canonical":"https:\/\/motorgenie.com\/pl\/polityka-prywatnosci\/","og_locale":"pl_PL","og_type":"article","og_title":"Polityka prywatno\u015bci - Motor Genie","og_description":"[vc_row][vc_column][vc_row_inner][vc_column_inner][vc_column_text] Niniejsza polityka prywatno\u015bci zosta\u0142a opracowana, aby lepiej s\u0142u\u017cy\u0107 tym, kt\u00f3rzy s\u0105 zaniepokojeni tym, w jaki spos\u00f3b ich &#8220;dane osobowe&#8221; (PII) s\u0105 wykorzystywane online. PII, zgodnie z ameryka\u0144skim prawem dotycz\u0105cym prywatno\u015bci i bezpiecze\u0144stwa informacji, to informacje, kt\u00f3re mog\u0105 by\u0107 wykorzystane samodzielnie lub z innymi informacjami do identyfikacji, kontaktu lub zlokalizowania pojedynczej osoby lub do identyfikacji [&hellip;]","og_url":"https:\/\/motorgenie.com\/pl\/polityka-prywatnosci\/","og_site_name":"Motor Genie","article_modified_time":"2024-10-30T14:38:51+00:00","og_image":[{"width":1200,"height":630,"url":"https:\/\/motorgenie.com\/wp-content\/uploads\/2023\/11\/mg-splash.jpg","type":"image\/jpeg"}],"twitter_card":"summary_large_image","twitter_misc":{"Szacowany czas czytania":"9 minut"},"schema":{"@context":"https:\/\/schema.org","@graph":[{"@type":"WebPage","@id":"https:\/\/motorgenie.com\/pl\/polityka-prywatnosci\/","url":"https:\/\/motorgenie.com\/pl\/polityka-prywatnosci\/","name":"Polityka prywatno\u015bci - Motor Genie","isPartOf":{"@id":"https:\/\/motorgenie.com\/pl\/#website"},"datePublished":"2016-07-01T10:24:18+00:00","dateModified":"2024-10-30T14:38:51+00:00","breadcrumb":{"@id":"https:\/\/motorgenie.com\/pl\/polityka-prywatnosci\/#breadcrumb"},"inLanguage":"pl-PL","potentialAction":[{"@type":"ReadAction","target":["https:\/\/motorgenie.com\/pl\/polityka-prywatnosci\/"]}]},{"@type":"BreadcrumbList","@id":"https:\/\/motorgenie.com\/pl\/polityka-prywatnosci\/#breadcrumb","itemListElement":[{"@type":"ListItem","position":1,"name":"Home","item":"https:\/\/motorgenie.com\/pl\/strona-glowna\/"},{"@type":"ListItem","position":2,"name":"Polityka prywatno\u015bci"}]},{"@type":"WebSite","@id":"https:\/\/motorgenie.com\/pl\/#website","url":"https:\/\/motorgenie.com\/pl\/","name":"Motor Genie","description":"","publisher":{"@id":"https:\/\/motorgenie.com\/pl\/#organization"},"potentialAction":[{"@type":"SearchAction","target":{"@type":"EntryPoint","urlTemplate":"https:\/\/motorgenie.com\/pl\/?s={search_term_string}"},"query-input":"required name=search_term_string"}],"inLanguage":"pl-PL"},{"@type":"Organization","@id":"https:\/\/motorgenie.com\/pl\/#organization","name":"Motor Genie","url":"https:\/\/motorgenie.com\/pl\/","logo":{"@type":"ImageObject","inLanguage":"pl-PL","@id":"https:\/\/motorgenie.com\/pl\/#\/schema\/logo\/image\/","url":"https:\/\/motorgenie.com\/wp-content\/uploads\/2023\/11\/Untitled.jpeg","contentUrl":"https:\/\/motorgenie.com\/wp-content\/uploads\/2023\/11\/Untitled.jpeg","width":640,"height":640,"caption":"Motor Genie"},"image":{"@id":"https:\/\/motorgenie.com\/pl\/#\/schema\/logo\/image\/"}}]}},"_links":{"self":[{"href":"https:\/\/motorgenie.com\/pl\/wp-json\/wp\/v2\/pages\/43668","targetHints":{"allow":["GET"]}}],"collection":[{"href":"https:\/\/motorgenie.com\/pl\/wp-json\/wp\/v2\/pages"}],"about":[{"href":"https:\/\/motorgenie.com\/pl\/wp-json\/wp\/v2\/types\/page"}],"author":[{"embeddable":true,"href":"https:\/\/motorgenie.com\/pl\/wp-json\/wp\/v2\/users\/1"}],"replies":[{"embeddable":true,"href":"https:\/\/motorgenie.com\/pl\/wp-json\/wp\/v2\/comments?post=43668"}],"version-history":[{"count":1,"href":"https:\/\/motorgenie.com\/pl\/wp-json\/wp\/v2\/pages\/43668\/revisions"}],"predecessor-version":[{"id":43689,"href":"https:\/\/motorgenie.com\/pl\/wp-json\/wp\/v2\/pages\/43668\/revisions\/43689"}],"wp:attachment":[{"href":"https:\/\/motorgenie.com\/pl\/wp-json\/wp\/v2\/media?parent=43668"}],"curies":[{"name":"wp","href":"https:\/\/api.w.org\/{rel}","templated":true}]}}