{"id":1859,"date":"2016-07-01T10:24:18","date_gmt":"2016-07-01T10:24:18","guid":{"rendered":"https:\/\/motorgenie.com\/informativa-sulla-privacy\/"},"modified":"2024-01-02T21:20:33","modified_gmt":"2024-01-02T21:20:33","slug":"informativa-sulla-privacy","status":"publish","type":"page","link":"https:\/\/motorgenie.com\/it\/informativa-sulla-privacy\/","title":{"rendered":"Informativa sulla privacy"},"content":{"rendered":"<p>[vc_row][vc_column][vc_row_inner][vc_column_inner][vc_column_text]<\/p>\n<div class=\"col-md-8 col-md-offset-2\">\n<p>La presente informativa sulla privacy \u00e8 stata redatta per servire al meglio coloro che sono preoccupati di come le loro &#8220;informazioni di identificazione personale&#8221; (PII) vengono utilizzate online. Le PII, come utilizzate nella legislazione statunitense sulla privacy e sulla sicurezza delle informazioni, sono informazioni che possono essere utilizzate da sole o con altre informazioni per identificare, contattare o localizzare una singola persona, o per identificare un individuo in un contesto. Si prega di leggere attentamente la nostra politica sulla privacy per comprendere chiaramente come raccogliamo, utilizziamo, proteggiamo o gestiamo in altro modo le vostre informazioni di identificazione personale in conformit\u00e0 con il nostro sito web.<\/p>\n<p>&nbsp;<\/p>\n<h4>Quali informazioni personali raccogliamo dalle persone che visitano il nostro blog, sito web o app?<\/h4>\n<p>Al momento dell&#8217;ordine o della registrazione sul nostro sito, a seconda dei casi, potrebbe esservi chiesto di inserire il vostro nome, il vostro indirizzo e-mail o altri dettagli per aiutarvi nella vostra esperienza.<\/p>\n<p>&nbsp;<\/p>\n<h4>Quando raccogliamo le informazioni?<\/h4>\n<p>Raccogliamo informazioni da voi quando vi registrate sul nostro sito, vi iscrivete a una newsletter o inserite informazioni sul nostro sito.<\/p>\n<p>&nbsp;<\/p>\n<h4>Come utilizziamo le vostre informazioni?<\/h4>\n<p>Possiamo utilizzare le informazioni che raccogliamo quando vi registrate, fate un acquisto, vi iscrivete alla nostra newsletter, rispondete a un sondaggio o a una comunicazione di marketing, navigate sul sito web o utilizzate alcune altre funzioni del sito nei seguenti modi:<\/p>\n<ul>\n<li>Per personalizzare l&#8217;esperienza dell&#8217;utente e consentirci di fornire il tipo di contenuti e offerte di prodotti a cui l&#8217;utente \u00e8 maggiormente interessato.<\/li>\n<li>Per consentirci di offrire un servizio migliore in risposta alle vostre richieste di assistenza clienti.<\/li>\n<li>Per inviare e-mail periodiche riguardanti il vostro ordine o altri prodotti e servizi.<\/li>\n<\/ul>\n<p>&nbsp;<\/p>\n<h4>Come proteggiamo le informazioni dei visitatori?<\/h4>\n<p>Il nostro sito web viene scansionato regolarmente per individuare eventuali falle di sicurezza e vulnerabilit\u00e0 note, al fine di rendere la vostra visita al nostro sito il pi\u00f9 sicura possibile.<\/p>\n<p>Utilizziamo regolarmente la scansione del malware.<\/p>\n<p>Le informazioni personali dell&#8217;utente sono contenute in reti protette e sono accessibili solo da un numero limitato di persone che hanno diritti di accesso speciali a tali sistemi e sono tenute a mantenere riservate le informazioni. Inoltre, tutte le informazioni sensibili\/di credito fornite dall&#8217;utente sono criptate tramite la tecnologia Secure Socket Layer (SSL).<\/p>\n<p>Implementiamo una serie di misure di sicurezza quando un utente inserisce, invia o accede alle sue informazioni per mantenere la sicurezza dei suoi dati personali.<\/p>\n<p>Tutte le transazioni vengono elaborate attraverso un fornitore di gateway e non vengono memorizzate o elaborate sui nostri server.<\/p>\n<p>&nbsp;<\/p>\n<h4>Utilizziamo i &#8220;cookie&#8221;?<\/h4>\n<p>S\u00ec. I cookie sono piccoli file che un sito o il suo fornitore di servizi trasferisce sul disco rigido del computer dell&#8217;utente attraverso il browser Web (se l&#8217;utente lo consente) e che permettono ai sistemi del sito o del fornitore di servizi di riconoscere il browser dell&#8217;utente e di acquisire e ricordare determinate informazioni. Ad esempio, utilizziamo i cookie per aiutarci a ricordare ed elaborare gli articoli presenti nel vostro carrello. Vengono inoltre utilizzati per aiutarci a capire le preferenze dell&#8217;utente in base all&#8217;attivit\u00e0 precedente o attuale del sito, il che ci consente di fornirgli servizi migliori. Utilizziamo i cookie anche per aiutarci a compilare dati aggregati sul traffico e sull&#8217;interazione del sito, in modo da poter offrire esperienze e strumenti migliori in futuro.<\/p>\n<p>&nbsp;<\/p>\n<h4>Utilizziamo i cookie per:<\/h4>\n<p><strong>  Comprendere e salvare le preferenze dell&#8217;utente per le visite future.<\/strong><br \/>\nL&#8217;utente pu\u00f2 scegliere di farsi avvisare dal computer ogni volta che viene inviato un cookie, oppure pu\u00f2 scegliere di disattivare tutti i cookie. Questo avviene attraverso le impostazioni del browser (come Internet Explorer). Ogni browser \u00e8 leggermente diverso, quindi consultate il menu Aiuto del vostro browser per conoscere il modo corretto di modificare i cookie.<\/p>\n<p>Se si disattivano i cookie, alcune funzioni saranno disabilitate. Non influiranno sull&#8217;esperienza degli utenti che rendono l&#8217;esperienza del sito pi\u00f9 efficiente e alcuni dei nostri servizi non funzioneranno correttamente.<\/p>\n<p>Tuttavia, \u00e8 ancora possibile effettuare ordini .<\/p>\n<p>&nbsp;<\/p>\n<h4>Divulgazione di terzi<\/h4>\n<p>Non vendiamo, scambiamo o trasferiamo in altro modo a terzi le vostre informazioni di identificazione personale.<\/p>\n<p>&nbsp;<\/p>\n<h4>Link di terze parti<\/h4>\n<p>Occasionalmente, a nostra discrezione, possiamo includere o offrire prodotti o servizi di terzi sul nostro sito web. Questi siti di terze parti hanno politiche sulla privacy separate e indipendenti. Pertanto, non abbiamo alcuna responsabilit\u00e0 per il contenuto e le attivit\u00e0 di questi siti collegati. Ciononostante, cerchiamo di proteggere l&#8217;integrit\u00e0 del nostro sito e accogliamo con favore qualsiasi feedback su questi siti.<\/p>\n<p>&nbsp;<\/p>\n<h4>Google<\/h4>\n<p>I requisiti pubblicitari di Google possono essere riassunti dai Principi pubblicitari di Google. Vengono messe in atto per fornire un&#8217;esperienza positiva agli utenti.  <a href=\"https:\/\/support.google.com\/adwordspolicy\/answer\/1316548?hl=en\" target=\"_blank\" rel=\"noopener\">Leggi l&#8217;informativa sugli annunci di Google<\/a><\/p>\n<p>Sul nostro sito web utilizziamo la pubblicit\u00e0 di Google AdSense.<br \/>\nGoogle, in qualit\u00e0 di fornitore di terze parti, utilizza i cookie per pubblicare annunci sul nostro sito. L&#8217;utilizzo del cookie DART da parte di Google consente di pubblicare annunci per i nostri utenti in base alle loro visite al nostro sito e ad altri siti Internet. Gli utenti possono rinunciare all&#8217;utilizzo del cookie DART visitando l&#8217;informativa sulla privacy della rete pubblicitaria e dei contenuti di Google.<\/p>\n<p>&nbsp;<\/p>\n<h4>Abbiamo implementato quanto segue:<\/h4>\n<p><strong>Segnalazione di dati demografici e interessi<\/strong><\/p>\n<p>Insieme a fornitori terzi, come Google, utilizziamo cookie di prima parte (come i cookie di Google Analytics) e cookie di terze parti (come il cookie DoubleClick) o altri identificatori di terze parti per raccogliere dati relativi alle interazioni degli utenti con le impressioni pubblicitarie e altre funzioni del servizio pubblicitario in relazione al nostro sito web.<\/p>\n<p><strong>Opting out:<\/strong><\/p>\n<p>Gli utenti possono impostare le preferenze per le modalit\u00e0 di pubblicit\u00e0 di Google utilizzando la pagina Impostazioni annunci di Google. In alternativa, \u00e8 possibile rinunciare visitando la pagina di opt-out della Network Advertising Initiative o utilizzando in modo permanente l&#8217;add on del browser Google Analytics Opt Out.<\/p>\n<p>&nbsp;<\/p>\n<h4>Legge sulla protezione della privacy online in California<\/h4>\n<p>Il CalOPPA \u00e8 la prima legge statale a richiedere ai siti web commerciali e ai servizi online di pubblicare un&#8217;informativa sulla privacy. La portata della legge si estende ben oltre la California, richiedendo a qualsiasi persona o societ\u00e0 negli Stati Uniti (e plausibilmente in tutto il mondo) che gestisce siti web che raccolgono informazioni di identificazione personale da consumatori californiani di pubblicare sul proprio sito web un&#8217;informativa sulla privacy ben visibile che indichi esattamente le informazioni raccolte e le persone con cui vengono condivise, e di attenersi a tale informativa. &#8211; <a href=\"http:\/\/consumercal.org\/california-online-privacy-protection-act-caloppa\/#sthash.0FdRbT51.dpuf\" target=\"_blank\" rel=\"noopener\">Vedi altro.<\/a><\/p>\n<p>&nbsp;<\/p>\n<h4>Secondo il CalOPPA, accettiamo quanto segue:<\/h4>\n<p>Gli utenti possono visitare il nostro sito in modo anonimo<\/p>\n<p>Una volta creata l&#8217;informativa sulla privacy, aggiungeremo un link ad essa sulla nostra home page, o come minimo sulla prima pagina significativa dopo essere entrati nel nostro sito web.<\/p>\n<p>Il nostro link all&#8217;Informativa sulla privacy include la parola &#8220;Privacy&#8221; ed \u00e8 facilmente reperibile nella pagina specificata sopra.<br \/>\nGli utenti saranno informati di eventuali modifiche alla politica sulla privacy:<\/p>\n<p>&#8211; <strong>Sulla<\/strong> nostra pagina dell&#8217;Informativa sulla privacy<\/p>\n<p>Gli utenti possono modificare le proprie informazioni personali:<\/p>\n<p>&#8211; Inviandoci un<strong>&#8216;<\/strong> e-mail<\/p>\n<p>&#8211; <strong>Accedendo<\/strong> al proprio account<\/p>\n<p>&nbsp;<\/p>\n<h4>In che modo il nostro sito gestisce i segnali &#8220;do not track&#8221;?<\/h4>\n<p>Noi onoriamo i segnali di non tracciamento e non tracciamo, impiantiamo cookie o utilizziamo pubblicit\u00e0 quando \u00e8 attivo un meccanismo di non tracciamento (DNT) del browser.<\/p>\n<p>&nbsp;<\/p>\n<h4>Il nostro sito consente il tracciamento comportamentale da parte di terzi?<\/h4>\n<p>\u00c8 inoltre importante notare che non consentiamo il tracciamento comportamentale da parte di terzi.<\/p>\n<p>&nbsp;<\/p>\n<h4>COPPA (Children Online Privacy Protection Act)<\/h4>\n<p>Per quanto riguarda la raccolta di informazioni personali da parte di bambini di et\u00e0 inferiore ai 13 anni, il Children&#8217;s Online Privacy Protection Act (COPPA) mette i genitori sotto controllo. La Federal Trade Commission, l&#8217;agenzia nazionale per la protezione dei consumatori, applica la regola COPPA, che stabilisce cosa devono fare gli operatori di siti web e servizi online per proteggere la privacy e la sicurezza dei bambini online.<br \/>\nNon commercializziamo in modo specifico per i bambini di et\u00e0 inferiore ai 13 anni.<\/p>\n<p>&nbsp;<\/p>\n<h4>Pratiche di informazione corretta<\/h4>\n<p>I Fair Information Practices Principles costituiscono la spina dorsale della legge sulla privacy negli Stati Uniti e i concetti in essi contenuti hanno svolto un ruolo significativo nello sviluppo delle leggi sulla protezione dei dati in tutto il mondo. La comprensione dei Fair Information Practice Principles e della loro applicazione \u00e8 fondamentale per rispettare le varie leggi sulla privacy che proteggono le informazioni personali.<\/p>\n<h4>Al fine di essere in linea con le Fair Information Practices, adotteremo le seguenti misure di risposta, nel caso in cui si verifichi una violazione dei dati:<\/h4>\n<p>Avviseremo gli utenti via e-mail<\/p>\n<p>&#8211; <strong>Entro<\/strong> 1 giorno lavorativo<br \/>\nSiamo inoltre d&#8217;accordo con il principio del ricorso individuale, che prevede che le persone abbiano il diritto di far valere i propri diritti contro i raccoglitori e i responsabili del trattamento dei dati che non rispettano la legge. Questo principio richiede non solo che le persone abbiano diritti azionabili nei confronti degli utenti dei dati, ma anche che possano ricorrere ai tribunali o a un&#8217;agenzia governativa per indagare e\/o perseguire la non conformit\u00e0 da parte dei responsabili del trattamento.<\/p>\n<p>&nbsp;<\/p>\n<h4>Legge CAN SPAM<\/h4>\n<p>Il CAN-SPAM Act \u00e8 una legge che stabilisce le regole per le e-mail commerciali, stabilisce i requisiti per i messaggi commerciali, d\u00e0 ai destinatari il diritto di far cessare l&#8217;invio di e-mail e prevede severe sanzioni in caso di violazione.<\/p>\n<p>&nbsp;<\/p>\n<h4>Raccogliamo il vostro indirizzo e-mail al fine di:<\/h4>\n<p>&#8211; <strong>Inviare<\/strong> informazioni, rispondere alle richieste di informazioni e\/o ad altre richieste o domande.<\/p>\n<p>&#8211; <strong>commercializzare<\/strong> la nostra mailing list o continuare a inviare email ai nostri clienti dopo che la transazione originale \u00e8 avvenuta<\/p>\n<p>&nbsp;<\/p>\n<h4>Per essere in regola con il CANSPAM accettiamo quanto segue:<\/h4>\n<p>&#8211; <strong>NON<\/strong> utilizzare soggetti o indirizzi e-mail falsi o fuorvianti.<\/p>\n<p>&#8211; <strong>Identificare<\/strong> il messaggio come pubblicit\u00e0 in modo ragionevole.<\/p>\n<p>&#8211; <strong>Includere l<\/strong> &#8216;indirizzo fisico della sede della nostra attivit\u00e0 o del nostro sito<\/p>\n<p>&#8211; <strong>Monitorare<\/strong> la conformit\u00e0 dei servizi di email marketing di terze parti, se utilizzati.<\/p>\n<p>&#8211; <strong>Accogliete<\/strong> rapidamente le richieste di opt-out\/annullamento dell&#8217;iscrizione<\/p>\n<p>&#8211; <strong>Consentire<\/strong> agli utenti di annullare l&#8217;iscrizione utilizzando il link in fondo a ogni e-mail.<\/p>\n<p>&nbsp;<\/p>\n<h4>Se in qualsiasi momento si desidera annullare l&#8217;iscrizione alla ricezione di future e-mail, \u00e8 possibile inviare un&#8217;e-mail a<\/h4>\n<p>&#8211; <strong>Seguite<\/strong> le istruzioni in fondo a ogni e-mail.<\/p>\n<p>e noi vi elimineremo prontamente da <strong> TUTTA <\/strong> la corrispondenza.<\/p>\n<p>&nbsp;<\/p>\n<h4>Contattateci<\/h4>\n<p>In caso di domande relative alla presente informativa sulla privacy, \u00e8 possibile contattarci utilizzando le informazioni riportate di seguito.<\/p>\n<p>LA TUA SOCIET\u00c0<\/p>\n<p>INDIRIZZO 1<\/p>\n<p>INDIRIZZO 2<\/p>\n<p>CITT\u00c0, STATO, CAP<\/p>\n<\/div>\n<p>[\/vc_column_text][\/vc_column_inner][\/vc_row_inner][\/vc_column][\/vc_row]<\/p>\n","protected":false},"excerpt":{"rendered":"<p>[vc_row][vc_column][vc_row_inner][vc_column_inner][vc_column_text] La presente informativa sulla privacy \u00e8 stata redatta per servire al meglio coloro che sono preoccupati di come le loro &#8220;informazioni di identificazione personale&#8221; (PII) vengono utilizzate online. Le PII, come utilizzate nella legislazione statunitense sulla privacy e sulla sicurezza delle informazioni, sono informazioni che possono essere utilizzate da sole o con altre informazioni [&hellip;]<\/p>\n","protected":false},"author":1,"featured_media":0,"parent":0,"menu_order":0,"comment_status":"closed","ping_status":"closed","template":"fullwidth-page.php","meta":{"footnotes":""},"class_list":["post-1859","page","type-page","status-publish","hentry"],"yoast_head":"<!-- This site is optimized with the Yoast SEO plugin v21.7 - https:\/\/yoast.com\/wordpress\/plugins\/seo\/ -->\n<title>Informativa sulla privacy - Motor Genie<\/title>\n<meta name=\"robots\" content=\"index, follow, max-snippet:-1, max-image-preview:large, max-video-preview:-1\" \/>\n<link rel=\"canonical\" href=\"https:\/\/motorgenie.com\/it\/informativa-sulla-privacy\/\" \/>\n<meta property=\"og:locale\" content=\"it_IT\" \/>\n<meta property=\"og:type\" content=\"article\" \/>\n<meta property=\"og:title\" content=\"Informativa sulla privacy - Motor Genie\" \/>\n<meta property=\"og:description\" content=\"[vc_row][vc_column][vc_row_inner][vc_column_inner][vc_column_text] La presente informativa sulla privacy \u00e8 stata redatta per servire al meglio coloro che sono preoccupati di come le loro &#8220;informazioni di identificazione personale&#8221; (PII) vengono utilizzate online. Le PII, come utilizzate nella legislazione statunitense sulla privacy e sulla sicurezza delle informazioni, sono informazioni che possono essere utilizzate da sole o con altre informazioni [&hellip;]\" \/>\n<meta property=\"og:url\" content=\"https:\/\/motorgenie.com\/it\/informativa-sulla-privacy\/\" \/>\n<meta property=\"og:site_name\" content=\"Motor Genie\" \/>\n<meta property=\"article:modified_time\" content=\"2024-01-02T21:20:33+00:00\" \/>\n<meta property=\"og:image\" content=\"https:\/\/motorgenie.com\/wp-content\/uploads\/2023\/11\/mg-splash.jpg\" \/>\n\t<meta property=\"og:image:width\" content=\"1200\" \/>\n\t<meta property=\"og:image:height\" content=\"630\" \/>\n\t<meta property=\"og:image:type\" content=\"image\/jpeg\" \/>\n<meta name=\"twitter:card\" content=\"summary_large_image\" \/>\n<meta name=\"twitter:label1\" content=\"Tempo di lettura stimato\" \/>\n\t<meta name=\"twitter:data1\" content=\"9 minuti\" \/>\n<script type=\"application\/ld+json\" class=\"yoast-schema-graph\">{\"@context\":\"https:\/\/schema.org\",\"@graph\":[{\"@type\":\"WebPage\",\"@id\":\"https:\/\/motorgenie.com\/it\/informativa-sulla-privacy\/\",\"url\":\"https:\/\/motorgenie.com\/it\/informativa-sulla-privacy\/\",\"name\":\"Informativa sulla privacy - Motor Genie\",\"isPartOf\":{\"@id\":\"https:\/\/motorgenie.com\/it\/#website\"},\"datePublished\":\"2016-07-01T10:24:18+00:00\",\"dateModified\":\"2024-01-02T21:20:33+00:00\",\"breadcrumb\":{\"@id\":\"https:\/\/motorgenie.com\/it\/informativa-sulla-privacy\/#breadcrumb\"},\"inLanguage\":\"it-IT\",\"potentialAction\":[{\"@type\":\"ReadAction\",\"target\":[\"https:\/\/motorgenie.com\/it\/informativa-sulla-privacy\/\"]}]},{\"@type\":\"BreadcrumbList\",\"@id\":\"https:\/\/motorgenie.com\/it\/informativa-sulla-privacy\/#breadcrumb\",\"itemListElement\":[{\"@type\":\"ListItem\",\"position\":1,\"name\":\"Home\",\"item\":\"https:\/\/motorgenie.com\/it\/casa\/\"},{\"@type\":\"ListItem\",\"position\":2,\"name\":\"Informativa sulla privacy\"}]},{\"@type\":\"WebSite\",\"@id\":\"https:\/\/motorgenie.com\/it\/#website\",\"url\":\"https:\/\/motorgenie.com\/it\/\",\"name\":\"Motor Genie\",\"description\":\"\",\"publisher\":{\"@id\":\"https:\/\/motorgenie.com\/it\/#organization\"},\"potentialAction\":[{\"@type\":\"SearchAction\",\"target\":{\"@type\":\"EntryPoint\",\"urlTemplate\":\"https:\/\/motorgenie.com\/it\/?s={search_term_string}\"},\"query-input\":\"required name=search_term_string\"}],\"inLanguage\":\"it-IT\"},{\"@type\":\"Organization\",\"@id\":\"https:\/\/motorgenie.com\/it\/#organization\",\"name\":\"Motor Genie\",\"url\":\"https:\/\/motorgenie.com\/it\/\",\"logo\":{\"@type\":\"ImageObject\",\"inLanguage\":\"it-IT\",\"@id\":\"https:\/\/motorgenie.com\/it\/#\/schema\/logo\/image\/\",\"url\":\"https:\/\/motorgenie.com\/wp-content\/uploads\/2023\/11\/Untitled.jpeg\",\"contentUrl\":\"https:\/\/motorgenie.com\/wp-content\/uploads\/2023\/11\/Untitled.jpeg\",\"width\":640,\"height\":640,\"caption\":\"Motor Genie\"},\"image\":{\"@id\":\"https:\/\/motorgenie.com\/it\/#\/schema\/logo\/image\/\"}}]}<\/script>\n<!-- \/ Yoast SEO plugin. -->","yoast_head_json":{"title":"Informativa sulla privacy - Motor Genie","robots":{"index":"index","follow":"follow","max-snippet":"max-snippet:-1","max-image-preview":"max-image-preview:large","max-video-preview":"max-video-preview:-1"},"canonical":"https:\/\/motorgenie.com\/it\/informativa-sulla-privacy\/","og_locale":"it_IT","og_type":"article","og_title":"Informativa sulla privacy - Motor Genie","og_description":"[vc_row][vc_column][vc_row_inner][vc_column_inner][vc_column_text] La presente informativa sulla privacy \u00e8 stata redatta per servire al meglio coloro che sono preoccupati di come le loro &#8220;informazioni di identificazione personale&#8221; (PII) vengono utilizzate online. Le PII, come utilizzate nella legislazione statunitense sulla privacy e sulla sicurezza delle informazioni, sono informazioni che possono essere utilizzate da sole o con altre informazioni [&hellip;]","og_url":"https:\/\/motorgenie.com\/it\/informativa-sulla-privacy\/","og_site_name":"Motor Genie","article_modified_time":"2024-01-02T21:20:33+00:00","og_image":[{"width":1200,"height":630,"url":"https:\/\/motorgenie.com\/wp-content\/uploads\/2023\/11\/mg-splash.jpg","type":"image\/jpeg"}],"twitter_card":"summary_large_image","twitter_misc":{"Tempo di lettura stimato":"9 minuti"},"schema":{"@context":"https:\/\/schema.org","@graph":[{"@type":"WebPage","@id":"https:\/\/motorgenie.com\/it\/informativa-sulla-privacy\/","url":"https:\/\/motorgenie.com\/it\/informativa-sulla-privacy\/","name":"Informativa sulla privacy - Motor Genie","isPartOf":{"@id":"https:\/\/motorgenie.com\/it\/#website"},"datePublished":"2016-07-01T10:24:18+00:00","dateModified":"2024-01-02T21:20:33+00:00","breadcrumb":{"@id":"https:\/\/motorgenie.com\/it\/informativa-sulla-privacy\/#breadcrumb"},"inLanguage":"it-IT","potentialAction":[{"@type":"ReadAction","target":["https:\/\/motorgenie.com\/it\/informativa-sulla-privacy\/"]}]},{"@type":"BreadcrumbList","@id":"https:\/\/motorgenie.com\/it\/informativa-sulla-privacy\/#breadcrumb","itemListElement":[{"@type":"ListItem","position":1,"name":"Home","item":"https:\/\/motorgenie.com\/it\/casa\/"},{"@type":"ListItem","position":2,"name":"Informativa sulla privacy"}]},{"@type":"WebSite","@id":"https:\/\/motorgenie.com\/it\/#website","url":"https:\/\/motorgenie.com\/it\/","name":"Motor Genie","description":"","publisher":{"@id":"https:\/\/motorgenie.com\/it\/#organization"},"potentialAction":[{"@type":"SearchAction","target":{"@type":"EntryPoint","urlTemplate":"https:\/\/motorgenie.com\/it\/?s={search_term_string}"},"query-input":"required name=search_term_string"}],"inLanguage":"it-IT"},{"@type":"Organization","@id":"https:\/\/motorgenie.com\/it\/#organization","name":"Motor Genie","url":"https:\/\/motorgenie.com\/it\/","logo":{"@type":"ImageObject","inLanguage":"it-IT","@id":"https:\/\/motorgenie.com\/it\/#\/schema\/logo\/image\/","url":"https:\/\/motorgenie.com\/wp-content\/uploads\/2023\/11\/Untitled.jpeg","contentUrl":"https:\/\/motorgenie.com\/wp-content\/uploads\/2023\/11\/Untitled.jpeg","width":640,"height":640,"caption":"Motor Genie"},"image":{"@id":"https:\/\/motorgenie.com\/it\/#\/schema\/logo\/image\/"}}]}},"_links":{"self":[{"href":"https:\/\/motorgenie.com\/it\/wp-json\/wp\/v2\/pages\/1859","targetHints":{"allow":["GET"]}}],"collection":[{"href":"https:\/\/motorgenie.com\/it\/wp-json\/wp\/v2\/pages"}],"about":[{"href":"https:\/\/motorgenie.com\/it\/wp-json\/wp\/v2\/types\/page"}],"author":[{"embeddable":true,"href":"https:\/\/motorgenie.com\/it\/wp-json\/wp\/v2\/users\/1"}],"replies":[{"embeddable":true,"href":"https:\/\/motorgenie.com\/it\/wp-json\/wp\/v2\/comments?post=1859"}],"version-history":[{"count":5,"href":"https:\/\/motorgenie.com\/it\/wp-json\/wp\/v2\/pages\/1859\/revisions"}],"predecessor-version":[{"id":1895,"href":"https:\/\/motorgenie.com\/it\/wp-json\/wp\/v2\/pages\/1859\/revisions\/1895"}],"wp:attachment":[{"href":"https:\/\/motorgenie.com\/it\/wp-json\/wp\/v2\/media?parent=1859"}],"curies":[{"name":"wp","href":"https:\/\/api.w.org\/{rel}","templated":true}]}}