{"id":42908,"date":"2016-07-01T10:24:18","date_gmt":"2016-07-01T10:24:18","guid":{"rendered":"https:\/\/motorgenie.com\/politique-de-confidentialite\/"},"modified":"2024-07-09T14:55:20","modified_gmt":"2024-07-09T14:55:20","slug":"politique-de-confidentialite","status":"publish","type":"page","link":"https:\/\/motorgenie.com\/fr\/politique-de-confidentialite\/","title":{"rendered":"Politique de confidentialit\u00e9"},"content":{"rendered":"<p>[vc_row][vc_column][vc_row_inner][vc_column_inner][vc_column_text]<\/p>\n<div class=\"col-md-8 col-md-offset-2\">\n<p>Cette politique de confidentialit\u00e9 a \u00e9t\u00e9 \u00e9labor\u00e9e pour mieux servir ceux qui s&#8217;inqui\u00e8tent de la mani\u00e8re dont leurs &#8220;informations personnelles identifiables&#8221; (IPI) sont utilis\u00e9es en ligne. Les IPI, telles qu&#8217;elles sont utilis\u00e9es dans la l\u00e9gislation am\u00e9ricaine sur la protection de la vie priv\u00e9e et la s\u00e9curit\u00e9 de l&#8217;information, sont des informations qui peuvent \u00eatre utilis\u00e9es seules ou avec d&#8217;autres informations pour identifier, contacter ou localiser une seule personne, ou pour identifier une personne dans son contexte. Veuillez lire attentivement notre politique de confidentialit\u00e9 pour bien comprendre comment nous collectons, utilisons, prot\u00e9geons ou traitons vos informations personnellement identifiables conform\u00e9ment \u00e0 notre site web.<\/p>\n<p>&nbsp;<\/p>\n<h4>Quelles informations personnelles recueillons-nous aupr\u00e8s des personnes qui visitent notre blog, notre site web ou notre application ?<\/h4>\n<p>Lors d&#8217;une commande ou d&#8217;un enregistrement sur notre site, il peut vous \u00eatre demand\u00e9 de saisir votre nom, votre adresse \u00e9lectronique ou d&#8217;autres d\u00e9tails pour vous aider dans votre exp\u00e9rience.<\/p>\n<p>&nbsp;<\/p>\n<h4>Quand recueillons-nous des informations ?<\/h4>\n<p>Nous recueillons des informations aupr\u00e8s de vous lorsque vous vous inscrivez sur notre site, que vous vous abonnez \u00e0 un bulletin d&#8217;information ou que vous saisissez des informations sur notre site.<\/p>\n<p>&nbsp;<\/p>\n<h4>Comment utilisons-nous vos informations ?<\/h4>\n<p>Nous pouvons utiliser les informations que nous recueillons aupr\u00e8s de vous lorsque vous vous inscrivez, effectuez un achat, vous inscrivez \u00e0 notre bulletin d&#8217;information, r\u00e9pondez \u00e0 une enqu\u00eate ou \u00e0 une communication marketing, naviguez sur le site web ou utilisez certaines autres fonctions du site de la mani\u00e8re suivante :<\/p>\n<ul>\n<li>Pour personnaliser l&#8217;exp\u00e9rience de l&#8217;utilisateur et nous permettre de vous proposer le type de contenu et d&#8217;offres de produits qui vous int\u00e9ressent le plus.<\/li>\n<li>Pour nous permettre de mieux vous servir en r\u00e9pondant \u00e0 vos demandes de service \u00e0 la client\u00e8le.<\/li>\n<li>Pour envoyer des courriels p\u00e9riodiques concernant votre commande ou d&#8217;autres produits et services.<\/li>\n<\/ul>\n<p>&nbsp;<\/p>\n<h4>Comment prot\u00e9geons-nous les informations relatives aux visiteurs ?<\/h4>\n<p>Notre site web est r\u00e9guli\u00e8rement analys\u00e9 pour d\u00e9tecter les failles de s\u00e9curit\u00e9 et les vuln\u00e9rabilit\u00e9s connues afin de rendre votre visite sur notre site aussi s\u00fbre que possible.<\/p>\n<p>Nous proc\u00e9dons r\u00e9guli\u00e8rement \u00e0 des analyses de logiciels malveillants.<\/p>\n<p>Vos informations personnelles sont contenues dans des r\u00e9seaux s\u00e9curis\u00e9s et ne sont accessibles qu&#8217;\u00e0 un nombre limit\u00e9 de personnes disposant de droits d&#8217;acc\u00e8s sp\u00e9ciaux \u00e0 ces syst\u00e8mes et tenues de pr\u00e9server la confidentialit\u00e9 de ces informations. En outre, toutes les informations sensibles\/de cr\u00e9dit que vous fournissez sont crypt\u00e9es via la technologie Secure Socket Layer (SSL).<\/p>\n<p>Nous mettons en \u0153uvre une s\u00e9rie de mesures de s\u00e9curit\u00e9 lorsqu&#8217;un utilisateur saisit, soumet ou acc\u00e8de \u00e0 ses informations afin de pr\u00e9server la s\u00e9curit\u00e9 de vos donn\u00e9es personnelles.<\/p>\n<p>Toutes les transactions sont trait\u00e9es par l&#8217;interm\u00e9diaire d&#8217;un fournisseur de passerelle et ne sont pas stock\u00e9es ou trait\u00e9es sur nos serveurs.<\/p>\n<p>&nbsp;<\/p>\n<h4>Utilisons-nous des &#8220;cookies&#8221; ?<\/h4>\n<p>Oui. Les cookies sont de petits fichiers qu&#8217;un site ou son fournisseur de services transf\u00e8re sur le disque dur de votre ordinateur par l&#8217;interm\u00e9diaire de votre navigateur Web (si vous l&#8217;autorisez) et qui permet aux syst\u00e8mes du site ou du fournisseur de services de reconna\u00eetre votre navigateur et de capturer et m\u00e9moriser certaines informations. Par exemple, nous utilisons des cookies pour nous aider \u00e0 m\u00e9moriser et \u00e0 traiter les articles de votre panier d&#8217;achat. Elles sont \u00e9galement utilis\u00e9es pour nous aider \u00e0 comprendre vos pr\u00e9f\u00e9rences en fonction de vos activit\u00e9s pass\u00e9es ou pr\u00e9sentes sur le site, ce qui nous permet de vous fournir des services am\u00e9lior\u00e9s. Nous utilisons \u00e9galement des cookies pour nous aider \u00e0 compiler des donn\u00e9es globales sur le trafic et l&#8217;interaction sur le site afin de pouvoir offrir de meilleures exp\u00e9riences et de meilleurs outils \u00e0 l&#8217;avenir.<\/p>\n<p>&nbsp;<\/p>\n<h4>Nous utilisons des cookies pour :<\/h4>\n<p><strong>  Comprendre et enregistrer les pr\u00e9f\u00e9rences de l&#8217;utilisateur pour les visites ult\u00e9rieures.<\/strong><br \/>\nVous pouvez choisir que votre ordinateur vous avertisse chaque fois qu&#8217;un cookie est envoy\u00e9, ou vous pouvez choisir de d\u00e9sactiver tous les cookies. Vous pouvez le faire par le biais des param\u00e8tres de votre navigateur (comme Internet Explorer). Chaque navigateur \u00e9tant l\u00e9g\u00e8rement diff\u00e9rent, consultez le menu d&#8217;aide de votre navigateur pour savoir comment modifier vos cookies.<\/p>\n<p>Si vous d\u00e9sactivez les cookies, certaines fonctionnalit\u00e9s seront d\u00e9sactiv\u00e9es. Cela n&#8217;affectera pas l&#8217;exp\u00e9rience des utilisateurs qui rendent votre exp\u00e9rience du site plus efficace et certains de nos services ne fonctionneront pas correctement.<\/p>\n<p>Toutefois, vous pouvez toujours passer des commandes.<\/p>\n<p>&nbsp;<\/p>\n<h4>Divulgation aux tiers<\/h4>\n<p>Nous ne vendons pas, n&#8217;\u00e9changeons pas et ne transf\u00e9rons pas d&#8217;une autre mani\u00e8re \u00e0 des tiers vos informations personnelles identifiables.<\/p>\n<p>&nbsp;<\/p>\n<h4>Liens avec des tiers<\/h4>\n<p>Occasionnellement, \u00e0 notre discr\u00e9tion, nous pouvons inclure ou offrir des produits ou services de tiers sur notre site web. Ces sites tiers ont des politiques de confidentialit\u00e9 distinctes et ind\u00e9pendantes. Nous ne sommes donc pas responsables du contenu et des activit\u00e9s de ces sites. N\u00e9anmoins, nous cherchons \u00e0 prot\u00e9ger l&#8217;int\u00e9grit\u00e9 de notre site et nous accueillons volontiers tout commentaire sur ces sites.<\/p>\n<p>&nbsp;<\/p>\n<h4>Google<\/h4>\n<p>Les exigences de Google en mati\u00e8re de publicit\u00e9 peuvent \u00eatre r\u00e9sum\u00e9es par les principes de Google en mati\u00e8re de publicit\u00e9. Elles sont mises en place pour offrir une exp\u00e9rience positive aux utilisateurs.  <a href=\"https:\/\/support.google.com\/adwordspolicy\/answer\/1316548?hl=en\" target=\"_blank\" rel=\"noopener\"><a href=\"https:\/\/support.google.com\/adwordspolicy\/answer\/1316548?hl=en\">Lire les r\u00e8gles de Google en mati\u00e8re d&#8217;annonces<\/a><\/a><\/p>\n<p>Nous utilisons la publicit\u00e9 Google AdSense sur notre site web.<br \/>\nGoogle, en tant que fournisseur tiers, utilise des cookies pour diffuser des annonces sur notre site. L&#8217;utilisation par Google du cookie DART lui permet de diffuser des annonces \u00e0 nos utilisateurs en fonction de leur visite sur notre site et d&#8217;autres sites Internet. Les utilisateurs peuvent d\u00e9sactiver l&#8217;utilisation du cookie DART en consultant les r\u00e8gles de confidentialit\u00e9 du r\u00e9seau d&#8217;annonces et de contenu de Google.<\/p>\n<p>&nbsp;<\/p>\n<h4>Nous avons mis en \u0153uvre les mesures suivantes :<\/h4>\n<p><strong>Rapports sur les donn\u00e9es d\u00e9mographiques et les centres d&#8217;int\u00e9r\u00eat<\/strong><\/p>\n<p>Avec des fournisseurs tiers, tels que Google, nous utilisons des cookies de premi\u00e8re partie (tels que les cookies Google Analytics) et des cookies de tierce partie (tels que le cookie DoubleClick) ou d&#8217;autres identificateurs de tierce partie pour compiler des donn\u00e9es concernant les interactions des utilisateurs avec les impressions publicitaires et d&#8217;autres fonctions de service publicitaire en rapport avec notre site web.<\/p>\n<p><strong>Le droit de retrait :<\/strong><\/p>\n<p>Les utilisateurs peuvent d\u00e9finir leurs pr\u00e9f\u00e9rences en mati\u00e8re de publicit\u00e9 Google en utilisant la page Param\u00e8tres des annonces Google. Vous pouvez \u00e9galement d\u00e9sactiver cette option en visitant la page de d\u00e9sactivation de la Network Advertising Initiative ou en utilisant de mani\u00e8re permanente le module compl\u00e9mentaire Google Analytics Opt Out Browser.<\/p>\n<p>&nbsp;<\/p>\n<h4>Loi californienne sur la protection de la vie priv\u00e9e en ligne<\/h4>\n<p>La CalOPPA est la premi\u00e8re loi nationale \u00e0 exiger que les sites web commerciaux et les services en ligne publient une politique de confidentialit\u00e9. La port\u00e9e de la loi s&#8217;\u00e9tend bien au-del\u00e0 de la Californie et exige que toute personne ou entreprise aux \u00c9tats-Unis (et probablement dans le monde entier) qui exploite des sites web recueillant des informations personnellement identifiables aupr\u00e8s de consommateurs californiens publie sur son site web une politique de confidentialit\u00e9 bien visible indiquant exactement les informations recueillies et les personnes avec lesquelles elles sont partag\u00e9es, et qu&#8217;elle se conforme \u00e0 cette politique. &#8211; <a href=\"http:\/\/consumercal.org\/california-online-privacy-protection-act-caloppa\/#sthash.0FdRbT51.dpuf\" target=\"_blank\" rel=\"noopener\">Voir plus<\/a>.<\/p>\n<p>&nbsp;<\/p>\n<h4>Conform\u00e9ment \u00e0 la loi CalOPPA, nous acceptons ce qui suit :<\/h4>\n<p>Les utilisateurs peuvent visiter notre site de mani\u00e8re anonyme<\/p>\n<p>Une fois cette politique de confidentialit\u00e9 cr\u00e9\u00e9e, nous ajouterons un lien vers celle-ci sur notre page d&#8217;accueil ou, au minimum, sur la premi\u00e8re page importante apr\u00e8s avoir acc\u00e9d\u00e9 \u00e0 notre site web.<\/p>\n<p>Le lien vers notre politique de protection de la vie priv\u00e9e comprend le mot &#8220;Privacy&#8221; et peut \u00eatre facilement trouv\u00e9 sur la page sp\u00e9cifi\u00e9e ci-dessus.<br \/>\nLes utilisateurs seront inform\u00e9s de toute modification de la politique de confidentialit\u00e9 :<\/p>\n<p>&#8211; <strong>Sur<\/strong> notre page de politique de confidentialit\u00e9<\/p>\n<p>Les utilisateurs peuvent modifier leurs informations personnelles :<\/p>\n<p>&#8211; <strong>En<\/strong> nous envoyant un courriel<\/p>\n<p>&#8211; <strong>En<\/strong> se connectant \u00e0 leur compte<\/p>\n<p>&nbsp;<\/p>\n<h4>Comment notre site g\u00e8re-t-il les signaux &#8220;do not track&#8221; ?<\/h4>\n<p>Nous honorons les signaux &#8220;do not track&#8221; et &#8220;do not track&#8221;, ne pla\u00e7ons pas de cookies et n&#8217;utilisons pas de publicit\u00e9 lorsqu&#8217;un m\u00e9canisme de navigateur &#8220;Do Not Track&#8221; (DNT) est en place.<\/p>\n<p>&nbsp;<\/p>\n<h4>Notre site autorise-t-il le suivi comportemental par des tiers ?<\/h4>\n<p>Il est \u00e9galement important de noter que nous n&#8217;autorisons pas le suivi comportemental par des tiers.<\/p>\n<p>&nbsp;<\/p>\n<h4>COPPA (loi sur la protection de la vie priv\u00e9e des enfants en ligne)<\/h4>\n<p>En ce qui concerne la collecte d&#8217;informations personnelles aupr\u00e8s d&#8217;enfants de moins de 13 ans, la loi sur la protection de la vie priv\u00e9e des enfants en ligne (Children&#8217;s Online Privacy Protection Act &#8211; COPPA) permet aux parents de contr\u00f4ler la situation. La Federal Trade Commission, l&#8217;agence nationale de protection des consommateurs, veille \u00e0 l&#8217;application de la r\u00e8gle COPPA, qui pr\u00e9cise ce que les op\u00e9rateurs de sites web et de services en ligne doivent faire pour prot\u00e9ger la vie priv\u00e9e et la s\u00e9curit\u00e9 des enfants en ligne.<br \/>\nNous ne nous adressons pas sp\u00e9cifiquement aux enfants de moins de 13 ans.<\/p>\n<p>&nbsp;<\/p>\n<h4>Pratiques d&#8217;information \u00e9quitables<\/h4>\n<p>Les Fair Information Practices Principles constituent l&#8217;\u00e9pine dorsale de la l\u00e9gislation sur la protection de la vie priv\u00e9e aux \u00c9tats-Unis et les concepts qu&#8217;ils contiennent ont jou\u00e9 un r\u00f4le important dans l&#8217;\u00e9laboration des lois sur la protection des donn\u00e9es dans le monde entier. Il est essentiel de comprendre les principes des pratiques loyales en mati\u00e8re d&#8217;information et la mani\u00e8re dont ils doivent \u00eatre mis en \u0153uvre pour se conformer aux diverses lois sur la protection de la vie priv\u00e9e qui prot\u00e8gent les informations personnelles.<\/p>\n<h4>Afin d&#8217;\u00eatre en conformit\u00e9 avec les pratiques \u00e9quitables en mati\u00e8re d&#8217;information, nous prendrons les mesures suivantes en cas de violation de donn\u00e9es :<\/h4>\n<p>Nous informerons les utilisateurs par courrier \u00e9lectronique<\/p>\n<p>&#8211; <strong>Dans un d\u00e9lai d&#8217;<\/strong> un jour ouvrable<br \/>\nNous approuvons \u00e9galement le principe de recours individuel, qui exige que les personnes aient le droit de faire valoir des droits juridiquement ex\u00e9cutoires contre les collecteurs et les responsables du traitement des donn\u00e9es qui ne respectent pas la loi. Ce principe exige non seulement que les personnes disposent de droits opposables aux utilisateurs de donn\u00e9es, mais aussi qu&#8217;elles puissent s&#8217;adresser aux tribunaux ou \u00e0 une agence gouvernementale pour enqu\u00eater sur le non-respect des r\u00e8gles par les responsables du traitement des donn\u00e9es et\/ou engager des poursuites \u00e0 cet \u00e9gard.<\/p>\n<p>&nbsp;<\/p>\n<h4>Loi CAN SPAM<\/h4>\n<p>La loi CAN-SPAM fixe les r\u00e8gles applicables au courrier \u00e9lectronique commercial, \u00e9tablit des exigences pour les messages commerciaux, donne aux destinataires le droit de faire cesser l&#8217;envoi de courriers \u00e9lectroniques et pr\u00e9voit des sanctions s\u00e9v\u00e8res en cas d&#8217;infraction.<\/p>\n<p>&nbsp;<\/p>\n<h4>Nous recueillons votre adresse \u00e9lectronique afin de :<\/h4>\n<p>&#8211; <strong>Envoyer des<\/strong> informations, r\u00e9pondre \u00e0 des demandes de renseignements et\/ou \u00e0 d&#8217;autres demandes ou questions.<\/p>\n<p>&#8211; <strong>faire du marketing<\/strong> aupr\u00e8s de notre liste de diffusion ou continuer \u00e0 envoyer des courriels \u00e0 nos clients apr\u00e8s la transaction initiale<\/p>\n<p>&nbsp;<\/p>\n<h4>Pour \u00eatre en accord avec CANSPAM, nous acceptons ce qui suit :<\/h4>\n<p>&#8211; <strong>NE PAS<\/strong> utiliser de sujets ou d&#8217;adresses \u00e9lectroniques faux ou trompeurs<\/p>\n<p>&#8211; <strong>Identifier le<\/strong> message comme \u00e9tant une publicit\u00e9 d&#8217;une mani\u00e8re raisonnable<\/p>\n<p>&#8211; <strong>Inclure<\/strong> l&#8217;adresse physique du si\u00e8ge de notre entreprise ou de notre site<\/p>\n<p>&#8211; <strong>Contr\u00f4ler la<\/strong> conformit\u00e9 des services de marketing par courrier \u00e9lectronique de tiers, s&#8217;ils sont utilis\u00e9s.<\/p>\n<p>&#8211; <strong>Honorez<\/strong> rapidement <strong>les<\/strong> demandes d&#8217;opt-out\/de d\u00e9sabonnement<\/p>\n<p>&#8211; <strong>Permettre aux<\/strong> utilisateurs de se d\u00e9sinscrire en utilisant le lien situ\u00e9 au bas de chaque e-mail.<\/p>\n<p>&nbsp;<\/p>\n<h4>Si, \u00e0 tout moment, vous souhaitez vous d\u00e9sinscrire pour ne plus recevoir de courriers \u00e9lectroniques, vous pouvez nous envoyer un courrier \u00e9lectronique \u00e0 l&#8217;adresse suivante<\/h4>\n<p>&#8211; <strong>Suivez<\/strong> les instructions figurant au bas de chaque courriel.<\/p>\n<p>et nous vous retirerons rapidement de <strong> TOUTE <\/strong> correspondance.<\/p>\n<p>&nbsp;<\/p>\n<h4>Nous contacter<\/h4>\n<p>Si vous avez des questions concernant cette politique de confidentialit\u00e9, vous pouvez nous contacter en utilisant les informations ci-dessous.<\/p>\n<p>VOTRE ENTREPRISE<\/p>\n<p>ADRESSE 1<\/p>\n<p>ADRESSE 2<\/p>\n<p>VILLE, \u00c9TAT, CODE POSTAL<\/p>\n<\/div>\n<p>[\/vc_column_text][\/vc_column_inner][\/vc_row_inner][\/vc_column][\/vc_row]<\/p>\n","protected":false},"excerpt":{"rendered":"<p>[vc_row][vc_column][vc_row_inner][vc_column_inner][vc_column_text] Cette politique de confidentialit\u00e9 a \u00e9t\u00e9 \u00e9labor\u00e9e pour mieux servir ceux qui s&#8217;inqui\u00e8tent de la mani\u00e8re dont leurs &#8220;informations personnelles identifiables&#8221; (IPI) sont utilis\u00e9es en ligne. Les IPI, telles qu&#8217;elles sont utilis\u00e9es dans la l\u00e9gislation am\u00e9ricaine sur la protection de la vie priv\u00e9e et la s\u00e9curit\u00e9 de l&#8217;information, sont des informations qui peuvent \u00eatre [&hellip;]<\/p>\n","protected":false},"author":1,"featured_media":0,"parent":0,"menu_order":0,"comment_status":"closed","ping_status":"closed","template":"fullwidth-page.php","meta":{"footnotes":""},"class_list":["post-42908","page","type-page","status-publish","hentry"],"yoast_head":"<!-- This site is optimized with the Yoast SEO plugin v21.7 - https:\/\/yoast.com\/wordpress\/plugins\/seo\/ -->\n<title>Politique de confidentialit\u00e9 - Motor Genie<\/title>\n<meta name=\"robots\" content=\"index, follow, max-snippet:-1, max-image-preview:large, max-video-preview:-1\" \/>\n<link rel=\"canonical\" href=\"https:\/\/motorgenie.com\/fr\/politique-de-confidentialite\/\" \/>\n<meta property=\"og:locale\" content=\"fr_FR\" \/>\n<meta property=\"og:type\" content=\"article\" \/>\n<meta property=\"og:title\" content=\"Politique de confidentialit\u00e9 - Motor Genie\" \/>\n<meta property=\"og:description\" content=\"[vc_row][vc_column][vc_row_inner][vc_column_inner][vc_column_text] Cette politique de confidentialit\u00e9 a \u00e9t\u00e9 \u00e9labor\u00e9e pour mieux servir ceux qui s&#8217;inqui\u00e8tent de la mani\u00e8re dont leurs &#8220;informations personnelles identifiables&#8221; (IPI) sont utilis\u00e9es en ligne. Les IPI, telles qu&#8217;elles sont utilis\u00e9es dans la l\u00e9gislation am\u00e9ricaine sur la protection de la vie priv\u00e9e et la s\u00e9curit\u00e9 de l&#8217;information, sont des informations qui peuvent \u00eatre [&hellip;]\" \/>\n<meta property=\"og:url\" content=\"https:\/\/motorgenie.com\/fr\/politique-de-confidentialite\/\" \/>\n<meta property=\"og:site_name\" content=\"Motor Genie\" \/>\n<meta property=\"article:modified_time\" content=\"2024-07-09T14:55:20+00:00\" \/>\n<meta property=\"og:image\" content=\"https:\/\/motorgenie.com\/wp-content\/uploads\/2023\/11\/mg-splash.jpg\" \/>\n\t<meta property=\"og:image:width\" content=\"1200\" \/>\n\t<meta property=\"og:image:height\" content=\"630\" \/>\n\t<meta property=\"og:image:type\" content=\"image\/jpeg\" \/>\n<meta name=\"twitter:card\" content=\"summary_large_image\" \/>\n<meta name=\"twitter:label1\" content=\"Dur\u00e9e de lecture estim\u00e9e\" \/>\n\t<meta name=\"twitter:data1\" content=\"10 minutes\" \/>\n<script type=\"application\/ld+json\" class=\"yoast-schema-graph\">{\"@context\":\"https:\/\/schema.org\",\"@graph\":[{\"@type\":\"WebPage\",\"@id\":\"https:\/\/motorgenie.com\/fr\/politique-de-confidentialite\/\",\"url\":\"https:\/\/motorgenie.com\/fr\/politique-de-confidentialite\/\",\"name\":\"Politique de confidentialit\u00e9 - Motor Genie\",\"isPartOf\":{\"@id\":\"https:\/\/motorgenie.com\/fr\/#website\"},\"datePublished\":\"2016-07-01T10:24:18+00:00\",\"dateModified\":\"2024-07-09T14:55:20+00:00\",\"breadcrumb\":{\"@id\":\"https:\/\/motorgenie.com\/fr\/politique-de-confidentialite\/#breadcrumb\"},\"inLanguage\":\"fr-FR\",\"potentialAction\":[{\"@type\":\"ReadAction\",\"target\":[\"https:\/\/motorgenie.com\/fr\/politique-de-confidentialite\/\"]}]},{\"@type\":\"BreadcrumbList\",\"@id\":\"https:\/\/motorgenie.com\/fr\/politique-de-confidentialite\/#breadcrumb\",\"itemListElement\":[{\"@type\":\"ListItem\",\"position\":1,\"name\":\"Home\",\"item\":\"https:\/\/motorgenie.com\/fr\/accueil\/\"},{\"@type\":\"ListItem\",\"position\":2,\"name\":\"Politique de confidentialit\u00e9\"}]},{\"@type\":\"WebSite\",\"@id\":\"https:\/\/motorgenie.com\/fr\/#website\",\"url\":\"https:\/\/motorgenie.com\/fr\/\",\"name\":\"Motor Genie\",\"description\":\"\",\"publisher\":{\"@id\":\"https:\/\/motorgenie.com\/fr\/#organization\"},\"potentialAction\":[{\"@type\":\"SearchAction\",\"target\":{\"@type\":\"EntryPoint\",\"urlTemplate\":\"https:\/\/motorgenie.com\/fr\/?s={search_term_string}\"},\"query-input\":\"required name=search_term_string\"}],\"inLanguage\":\"fr-FR\"},{\"@type\":\"Organization\",\"@id\":\"https:\/\/motorgenie.com\/fr\/#organization\",\"name\":\"Motor Genie\",\"url\":\"https:\/\/motorgenie.com\/fr\/\",\"logo\":{\"@type\":\"ImageObject\",\"inLanguage\":\"fr-FR\",\"@id\":\"https:\/\/motorgenie.com\/fr\/#\/schema\/logo\/image\/\",\"url\":\"https:\/\/motorgenie.com\/wp-content\/uploads\/2023\/11\/Untitled.jpeg\",\"contentUrl\":\"https:\/\/motorgenie.com\/wp-content\/uploads\/2023\/11\/Untitled.jpeg\",\"width\":640,\"height\":640,\"caption\":\"Motor Genie\"},\"image\":{\"@id\":\"https:\/\/motorgenie.com\/fr\/#\/schema\/logo\/image\/\"}}]}<\/script>\n<!-- \/ Yoast SEO plugin. -->","yoast_head_json":{"title":"Politique de confidentialit\u00e9 - Motor Genie","robots":{"index":"index","follow":"follow","max-snippet":"max-snippet:-1","max-image-preview":"max-image-preview:large","max-video-preview":"max-video-preview:-1"},"canonical":"https:\/\/motorgenie.com\/fr\/politique-de-confidentialite\/","og_locale":"fr_FR","og_type":"article","og_title":"Politique de confidentialit\u00e9 - Motor Genie","og_description":"[vc_row][vc_column][vc_row_inner][vc_column_inner][vc_column_text] Cette politique de confidentialit\u00e9 a \u00e9t\u00e9 \u00e9labor\u00e9e pour mieux servir ceux qui s&#8217;inqui\u00e8tent de la mani\u00e8re dont leurs &#8220;informations personnelles identifiables&#8221; (IPI) sont utilis\u00e9es en ligne. Les IPI, telles qu&#8217;elles sont utilis\u00e9es dans la l\u00e9gislation am\u00e9ricaine sur la protection de la vie priv\u00e9e et la s\u00e9curit\u00e9 de l&#8217;information, sont des informations qui peuvent \u00eatre [&hellip;]","og_url":"https:\/\/motorgenie.com\/fr\/politique-de-confidentialite\/","og_site_name":"Motor Genie","article_modified_time":"2024-07-09T14:55:20+00:00","og_image":[{"width":1200,"height":630,"url":"https:\/\/motorgenie.com\/wp-content\/uploads\/2023\/11\/mg-splash.jpg","type":"image\/jpeg"}],"twitter_card":"summary_large_image","twitter_misc":{"Dur\u00e9e de lecture estim\u00e9e":"10 minutes"},"schema":{"@context":"https:\/\/schema.org","@graph":[{"@type":"WebPage","@id":"https:\/\/motorgenie.com\/fr\/politique-de-confidentialite\/","url":"https:\/\/motorgenie.com\/fr\/politique-de-confidentialite\/","name":"Politique de confidentialit\u00e9 - Motor Genie","isPartOf":{"@id":"https:\/\/motorgenie.com\/fr\/#website"},"datePublished":"2016-07-01T10:24:18+00:00","dateModified":"2024-07-09T14:55:20+00:00","breadcrumb":{"@id":"https:\/\/motorgenie.com\/fr\/politique-de-confidentialite\/#breadcrumb"},"inLanguage":"fr-FR","potentialAction":[{"@type":"ReadAction","target":["https:\/\/motorgenie.com\/fr\/politique-de-confidentialite\/"]}]},{"@type":"BreadcrumbList","@id":"https:\/\/motorgenie.com\/fr\/politique-de-confidentialite\/#breadcrumb","itemListElement":[{"@type":"ListItem","position":1,"name":"Home","item":"https:\/\/motorgenie.com\/fr\/accueil\/"},{"@type":"ListItem","position":2,"name":"Politique de confidentialit\u00e9"}]},{"@type":"WebSite","@id":"https:\/\/motorgenie.com\/fr\/#website","url":"https:\/\/motorgenie.com\/fr\/","name":"Motor Genie","description":"","publisher":{"@id":"https:\/\/motorgenie.com\/fr\/#organization"},"potentialAction":[{"@type":"SearchAction","target":{"@type":"EntryPoint","urlTemplate":"https:\/\/motorgenie.com\/fr\/?s={search_term_string}"},"query-input":"required name=search_term_string"}],"inLanguage":"fr-FR"},{"@type":"Organization","@id":"https:\/\/motorgenie.com\/fr\/#organization","name":"Motor Genie","url":"https:\/\/motorgenie.com\/fr\/","logo":{"@type":"ImageObject","inLanguage":"fr-FR","@id":"https:\/\/motorgenie.com\/fr\/#\/schema\/logo\/image\/","url":"https:\/\/motorgenie.com\/wp-content\/uploads\/2023\/11\/Untitled.jpeg","contentUrl":"https:\/\/motorgenie.com\/wp-content\/uploads\/2023\/11\/Untitled.jpeg","width":640,"height":640,"caption":"Motor Genie"},"image":{"@id":"https:\/\/motorgenie.com\/fr\/#\/schema\/logo\/image\/"}}]}},"_links":{"self":[{"href":"https:\/\/motorgenie.com\/fr\/wp-json\/wp\/v2\/pages\/42908","targetHints":{"allow":["GET"]}}],"collection":[{"href":"https:\/\/motorgenie.com\/fr\/wp-json\/wp\/v2\/pages"}],"about":[{"href":"https:\/\/motorgenie.com\/fr\/wp-json\/wp\/v2\/types\/page"}],"author":[{"embeddable":true,"href":"https:\/\/motorgenie.com\/fr\/wp-json\/wp\/v2\/users\/1"}],"replies":[{"embeddable":true,"href":"https:\/\/motorgenie.com\/fr\/wp-json\/wp\/v2\/comments?post=42908"}],"version-history":[{"count":2,"href":"https:\/\/motorgenie.com\/fr\/wp-json\/wp\/v2\/pages\/42908\/revisions"}],"predecessor-version":[{"id":42925,"href":"https:\/\/motorgenie.com\/fr\/wp-json\/wp\/v2\/pages\/42908\/revisions\/42925"}],"wp:attachment":[{"href":"https:\/\/motorgenie.com\/fr\/wp-json\/wp\/v2\/media?parent=42908"}],"curies":[{"name":"wp","href":"https:\/\/api.w.org\/{rel}","templated":true}]}}