{"id":1858,"date":"2016-07-01T10:24:18","date_gmt":"2016-07-01T10:24:18","guid":{"rendered":"https:\/\/motorgenie.com\/politica-de-privacidad\/"},"modified":"2024-01-02T21:20:31","modified_gmt":"2024-01-02T21:20:31","slug":"politica-de-privacidad","status":"publish","type":"page","link":"https:\/\/motorgenie.com\/es\/politica-de-privacidad\/","title":{"rendered":"Pol\u00edtica de privacidad"},"content":{"rendered":"<p>[vc_row][vc_column][vc_row_inner][vc_column_inner][vc_column_text]<\/p>\n<div class=\"col-md-8 col-md-offset-2\">\n<p>Esta pol\u00edtica de privacidad se ha elaborado para servir mejor a quienes se preocupan por el uso que se hace en l\u00ednea de su &#8220;informaci\u00f3n personal identificable&#8221; (IPI). La IIP, tal como se utiliza en la legislaci\u00f3n estadounidense sobre privacidad y seguridad de la informaci\u00f3n, es informaci\u00f3n que puede utilizarse por s\u00ed sola o con otra informaci\u00f3n para identificar, contactar o localizar a una sola persona, o para identificar a un individuo en su contexto. Le rogamos que lea atentamente nuestra pol\u00edtica de privacidad para comprender claramente c\u00f3mo recopilamos, utilizamos, protegemos o tratamos de cualquier otro modo su informaci\u00f3n de identificaci\u00f3n personal de acuerdo con nuestro sitio web.<\/p>\n<p>&nbsp;<\/p>\n<h4>\u00bfQu\u00e9 informaci\u00f3n personal recopilamos de las personas que visitan nuestro blog, sitio web o aplicaci\u00f3n?<\/h4>\n<p>Al realizar un pedido o registrarse en nuestro sitio, seg\u00fan proceda, es posible que se le pida que introduzca su nombre, direcci\u00f3n de correo electr\u00f3nico u otros datos que le ayuden en su experiencia.<\/p>\n<p>&nbsp;<\/p>\n<h4>\u00bfCu\u00e1ndo recopilamos informaci\u00f3n?<\/h4>\n<p>Recogemos informaci\u00f3n suya cuando se registra en nuestro sitio, se suscribe a un bolet\u00edn o introduce informaci\u00f3n en nuestro sitio.<\/p>\n<p>&nbsp;<\/p>\n<h4>\u00bfC\u00f3mo utilizamos su informaci\u00f3n?<\/h4>\n<p>Podemos utilizar la informaci\u00f3n que obtenemos de usted cuando se registra, realiza una compra, se suscribe a nuestro bolet\u00edn de noticias, responde a una encuesta o a una comunicaci\u00f3n de marketing, navega por el sitio web o utiliza algunas otras funciones del sitio de las siguientes maneras:<\/p>\n<ul>\n<li>Para personalizar la experiencia del usuario y permitirnos ofrecerle el tipo de contenidos y productos que m\u00e1s le interesan.<\/li>\n<li>Para permitirnos ofrecerle un mejor servicio al responder a sus solicitudes de atenci\u00f3n al cliente.<\/li>\n<li>Para enviar correos electr\u00f3nicos peri\u00f3dicos sobre su pedido u otros productos y servicios.<\/li>\n<\/ul>\n<p>&nbsp;<\/p>\n<h4>\u00bfC\u00f3mo protegemos la informaci\u00f3n de los visitantes?<\/h4>\n<p>Nuestro sitio web es escaneado peri\u00f3dicamente en busca de agujeros de seguridad y vulnerabilidades conocidas para que su visita a nuestro sitio sea lo m\u00e1s segura posible.<\/p>\n<p>Realizamos an\u00e1lisis peri\u00f3dicos de malware.<\/p>\n<p>Su informaci\u00f3n personal est\u00e1 contenida en redes seguras y s\u00f3lo es accesible por un n\u00famero limitado de personas que tienen derechos especiales de acceso a dichos sistemas y est\u00e1n obligadas a mantener la confidencialidad de la informaci\u00f3n. Adem\u00e1s, toda la informaci\u00f3n confidencial\/de cr\u00e9dito que facilite se encripta mediante la tecnolog\u00eda Secure Socket Layer (SSL).<\/p>\n<p>Aplicamos diversas medidas de seguridad cuando un usuario introduce, env\u00eda o accede a sus datos para mantener la seguridad de su informaci\u00f3n personal.<\/p>\n<p>Todas las transacciones se procesan a trav\u00e9s de un proveedor de pasarela y no se almacenan ni procesan en nuestros servidores.<\/p>\n<p>&nbsp;<\/p>\n<h4>\u00bfUtilizamos &#8220;cookies&#8221;?<\/h4>\n<p>S\u00ed. Las cookies son peque\u00f1os archivos que un sitio o su proveedor de servicios transfiere al disco duro de su ordenador a trav\u00e9s de su navegador web (si usted lo permite) y que permiten a los sistemas del sitio o del proveedor de servicios reconocer su navegador y capturar y recordar determinada informaci\u00f3n. Por ejemplo, utilizamos cookies para ayudarnos a recordar y procesar los art\u00edculos de su cesta de la compra. Tambi\u00e9n se utilizan para ayudarnos a comprender sus preferencias basadas en la actividad previa o actual del sitio, lo que nos permite ofrecerle servicios mejorados. Tambi\u00e9n utilizamos cookies para ayudarnos a recopilar datos agregados sobre el tr\u00e1fico y la interacci\u00f3n en el sitio, de modo que podamos ofrecer mejores experiencias y herramientas en el futuro.<\/p>\n<p>&nbsp;<\/p>\n<h4>Utilizamos cookies para:<\/h4>\n<p><strong>  Comprender y guardar las preferencias del usuario para futuras visitas.<\/strong><br \/>\nPuede elegir que su ordenador le avise cada vez que se env\u00ede una cookie, o puede elegir desactivar todas las cookies. Puede hacerlo a trav\u00e9s de la configuraci\u00f3n de su navegador (como Internet Explorer). Cada navegador es un poco diferente, as\u00ed que consulte el men\u00fa Ayuda de su navegador para conocer la forma correcta de modificar sus cookies.<\/p>\n<p>Si desactiva las cookies, algunas caracter\u00edsticas se desactivar\u00e1n No afectar\u00e1 a la experiencia de los usuarios que hacen que su experiencia en el sitio m\u00e1s eficiente y algunos de nuestros servicios no funcionar\u00e1n correctamente.<\/p>\n<p>No obstante, puede seguir haciendo pedidos .<\/p>\n<p>&nbsp;<\/p>\n<h4>Divulgaci\u00f3n a terceros<\/h4>\n<p>No vendemos, intercambiamos ni transferimos a terceros sus datos personales.<\/p>\n<p>&nbsp;<\/p>\n<h4>Enlaces de terceros<\/h4>\n<p>Ocasionalmente, a nuestra discreci\u00f3n, podemos incluir u ofrecer productos o servicios de terceros en nuestro sitio web. Estos sitios de terceros tienen pol\u00edticas de privacidad separadas e independientes. Por lo tanto, no tenemos ninguna responsabilidad sobre el contenido y las actividades de estos sitios enlazados. No obstante, tratamos de proteger la integridad de nuestro sitio y agradecemos cualquier comentario sobre estos sitios.<\/p>\n<p>&nbsp;<\/p>\n<h4>Google<\/h4>\n<p>Los requisitos publicitarios de Google pueden resumirse en los Principios publicitarios de Google. Se establecen para ofrecer una experiencia positiva a los usuarios.  <a href=\"https:\/\/support.google.com\/adwordspolicy\/answer\/1316548?hl=en\" target=\"_blank\" rel=\"noopener\">Pol\u00edtica de publicidad de Google<\/a><\/p>\n<p>Utilizamos publicidad de Google AdSense en nuestro sitio web.<br \/>\nGoogle, como proveedor de terceros, utiliza cookies para publicar anuncios en nuestro sitio. El uso que Google hace de la cookie de DART le permite ofrecer anuncios a nuestros usuarios basados en su visita a nuestro sitio y a otros sitios de Internet. Los usuarios pueden inhabilitar el uso de la cookie de DART visitando la pol\u00edtica de privacidad de la red de anuncios y contenidos de Google.<\/p>\n<p>&nbsp;<\/p>\n<h4>Hemos puesto en marcha lo siguiente:<\/h4>\n<p><strong>Informes demogr\u00e1ficos y de intereses<\/strong><\/p>\n<p>Nosotros, junto con terceros proveedores, como Google, utilizamos cookies de origen (como las cookies de Google Analytics) y cookies de terceros (como la cookie de DoubleClick) u otros identificadores de terceros para recopilar datos sobre las interacciones de los usuarios con las impresiones de anuncios y otras funciones de servicios publicitarios en relaci\u00f3n con nuestro sitio web.<\/p>\n<p><strong>No participar:<\/strong><\/p>\n<p>Los usuarios pueden establecer sus preferencias sobre el modo en que Google les env\u00eda publicidad a trav\u00e9s de la p\u00e1gina Configuraci\u00f3n de anuncios de Google. Alternativamente, puede optar por no participar visitando la p\u00e1gina de inhabilitaci\u00f3n de la Network Advertising Initiative o utilizando permanentemente el complemento de inhabilitaci\u00f3n para navegadores de Google Analytics.<\/p>\n<p>&nbsp;<\/p>\n<h4>Ley de Protecci\u00f3n de la Privacidad en L\u00ednea de California<\/h4>\n<p>CalOPPA es la primera ley estatal del pa\u00eds que obliga a los sitios web comerciales y a los servicios en l\u00ednea a publicar una pol\u00edtica de privacidad. El alcance de la ley se extiende mucho m\u00e1s all\u00e1 de California para exigir a cualquier persona o empresa de Estados Unidos (y posiblemente del mundo) que gestione sitios web que recojan informaci\u00f3n personal identificable de consumidores californianos que publique en su sitio web una pol\u00edtica de privacidad bien visible en la que se indique exactamente la informaci\u00f3n que se recoge y las personas con las que se comparte, y que cumpla esta pol\u00edtica. &#8211; <a href=\"http:\/\/consumercal.org\/california-online-privacy-protection-act-caloppa\/#sthash.0FdRbT51.dpuf\" target=\"_blank\" rel=\"noopener\">Ver m\u00e1s.<\/a><\/p>\n<p>&nbsp;<\/p>\n<h4>Seg\u00fan la CalOPPA estamos de acuerdo con lo siguiente:<\/h4>\n<p>Los usuarios pueden visitar nuestro sitio de forma an\u00f3nima<\/p>\n<p>Una vez creada esta pol\u00edtica de privacidad, a\u00f1adiremos un enlace a la misma en nuestra p\u00e1gina de inicio o, como m\u00ednimo, en la primera p\u00e1gina significativa tras entrar en nuestro sitio web.<\/p>\n<p>Nuestro enlace a la Pol\u00edtica de Privacidad incluye la palabra &#8220;Privacidad&#8221;, y puede encontrarse f\u00e1cilmente en la p\u00e1gina especificada anteriormente.<br \/>\nSe notificar\u00e1 a los usuarios cualquier cambio en la pol\u00edtica de privacidad:<\/p>\n<p>&#8211; <strong>En<\/strong> nuestra p\u00e1gina de Pol\u00edtica de privacidad<\/p>\n<p>Los usuarios pueden modificar sus datos personales:<\/p>\n<p>&#8211; <strong>Por<\/strong> correo electr\u00f3nico<\/p>\n<p>&#8211; Accediendo a su cuenta<\/p>\n<p>&nbsp;<\/p>\n<h4>\u00bfC\u00f3mo gestiona nuestro sitio las se\u00f1ales de no rastreo?<\/h4>\n<p>Honramos las se\u00f1ales de no rastreo y no rastreamos, plantamos cookies ni utilizamos publicidad cuando existe un mecanismo de no rastreo (DNT) en el navegador.<\/p>\n<p>&nbsp;<\/p>\n<h4>\u00bfPermite nuestro sitio el seguimiento del comportamiento por parte de terceros?<\/h4>\n<p>Tambi\u00e9n es importante se\u00f1alar que no permitimos el seguimiento del comportamiento por parte de terceros.<\/p>\n<p>&nbsp;<\/p>\n<h4>COPPA (Ley de Protecci\u00f3n de la Privacidad Infantil en Internet)<\/h4>\n<p>Cuando se trata de recopilar informaci\u00f3n personal de ni\u00f1os menores de 13 a\u00f1os, la Ley de Protecci\u00f3n de la Privacidad Infantil en Internet (COPPA) da el control a los padres. La Comisi\u00f3n Federal de Comercio, la agencia nacional de protecci\u00f3n del consumidor, hace cumplir la norma COPPA, que especifica lo que deben hacer los operadores de sitios web y servicios en l\u00ednea para proteger la intimidad y la seguridad de los ni\u00f1os en la red.<br \/>\nNo comercializamos espec\u00edficamente con ni\u00f1os menores de 13 a\u00f1os.<\/p>\n<p>&nbsp;<\/p>\n<h4>Pr\u00e1cticas informativas justas<\/h4>\n<p>Los Principios de Pr\u00e1cticas de Informaci\u00f3n Justas constituyen la columna vertebral de la legislaci\u00f3n sobre privacidad en Estados Unidos y los conceptos que incluyen han desempe\u00f1ado un papel importante en el desarrollo de las leyes de protecci\u00f3n de datos en todo el mundo. Comprender los Principios de Pr\u00e1cticas Leales de Informaci\u00f3n y c\u00f3mo deben aplicarse es fundamental para cumplir las diversas leyes de privacidad que protegen la informaci\u00f3n personal.<\/p>\n<h4>Para ajustarnos a las pr\u00e1cticas justas en materia de informaci\u00f3n, adoptaremos las siguientes medidas en caso de que se produzca una violaci\u00f3n de datos:<\/h4>\n<p>Notificaremos a los usuarios por correo electr\u00f3nico<\/p>\n<p>&#8211; <strong>En<\/strong> 1 d\u00eda laborable<br \/>\nTambi\u00e9n estamos de acuerdo con el principio de reparaci\u00f3n individual, que exige que las personas tengan derecho a ejercer derechos legalmente exigibles contra los recopiladores y procesadores de datos que no cumplan la ley. Este principio exige no s\u00f3lo que los particulares tengan derechos exigibles frente a los usuarios de datos, sino tambi\u00e9n que puedan recurrir a los tribunales o a una agencia gubernamental para investigar y\/o perseguir el incumplimiento por parte de los procesadores de datos.<\/p>\n<p>&nbsp;<\/p>\n<h4>Ley CAN SPAM<\/h4>\n<p>La Ley CAN-SPAM establece las normas para el correo electr\u00f3nico comercial, fija los requisitos que deben cumplir los mensajes comerciales, otorga a los destinatarios el derecho a impedir que se les env\u00eden correos electr\u00f3nicos y prev\u00e9 duras sanciones en caso de infracci\u00f3n.<\/p>\n<p>&nbsp;<\/p>\n<h4>Recopilamos su direcci\u00f3n de correo electr\u00f3nico para:<\/h4>\n<p>&#8211; <strong>Enviar<\/strong> informaci\u00f3n, responder a consultas y\/u otras solicitudes o preguntas.<\/p>\n<p>&#8211; <strong>Comercializar<\/strong> con nuestra lista de correo o seguir enviando correos electr\u00f3nicos a nuestros clientes despu\u00e9s de que se haya producido la transacci\u00f3n original.<\/p>\n<p>&nbsp;<\/p>\n<h4>Para estar en conformidad con CANSPAM estamos de acuerdo con lo siguiente:<\/h4>\n<p>&#8211; <strong>NO<\/strong> utilizar asuntos o direcciones de correo electr\u00f3nico falsos o enga\u00f1osos.<\/p>\n<p>&#8211; <strong>Identificar<\/strong> el mensaje como un anuncio de alguna manera razonable<\/p>\n<p>&#8211; <strong>Incluya<\/strong> la direcci\u00f3n f\u00edsica de la sede de nuestra empresa o centro<\/p>\n<p>&#8211; <strong>Supervisar<\/strong> el cumplimiento de los servicios de marketing por correo electr\u00f3nico de terceros, si se utilizan.<\/p>\n<p>&#8211; <strong>Atienda<\/strong> r\u00e1pidamente las solicitudes de baja<\/p>\n<p>&#8211; <strong>Permitir<\/strong> a los usuarios darse de baja utilizando el enlace que aparece en la parte inferior de cada correo electr\u00f3nico.<\/p>\n<p>&nbsp;<\/p>\n<h4>Si en cualquier momento desea darse de baja para no recibir m\u00e1s correos electr\u00f3nicos, puede enviarnos un correo electr\u00f3nico a<\/h4>\n<p>&#8211; <strong>Siga<\/strong> las instrucciones que figuran al final de cada correo electr\u00f3nico.<\/p>\n<p>y le eliminaremos r\u00e1pidamente de <strong> TODA la <\/strong> correspondencia.<\/p>\n<p>&nbsp;<\/p>\n<h4>Contacto<\/h4>\n<p>Si tiene alguna pregunta sobre esta pol\u00edtica de privacidad, puede ponerse en contacto con nosotros utilizando la informaci\u00f3n que figura a continuaci\u00f3n.<\/p>\n<p>SU EMPRESA<\/p>\n<p>DIRECCI\u00d3N 1<\/p>\n<p>DIRECCI\u00d3N 2<\/p>\n<p>CIUDAD, ESTADO, C\u00d3DIGO POSTAL<\/p>\n<\/div>\n<p>[\/vc_column_text][\/vc_column_inner][\/vc_row_inner][\/vc_column][\/vc_row]<\/p>\n","protected":false},"excerpt":{"rendered":"<p>[vc_row][vc_column][vc_row_inner][vc_column_inner][vc_column_text] Esta pol\u00edtica de privacidad se ha elaborado para servir mejor a quienes se preocupan por el uso que se hace en l\u00ednea de su &#8220;informaci\u00f3n personal identificable&#8221; (IPI). La IIP, tal como se utiliza en la legislaci\u00f3n estadounidense sobre privacidad y seguridad de la informaci\u00f3n, es informaci\u00f3n que puede utilizarse por s\u00ed sola o [&hellip;]<\/p>\n","protected":false},"author":1,"featured_media":0,"parent":0,"menu_order":0,"comment_status":"closed","ping_status":"closed","template":"fullwidth-page.php","meta":{"footnotes":""},"class_list":["post-1858","page","type-page","status-publish","hentry"],"yoast_head":"<!-- This site is optimized with the Yoast SEO plugin v21.7 - https:\/\/yoast.com\/wordpress\/plugins\/seo\/ -->\n<title>Pol\u00edtica de privacidad - Motor Genie<\/title>\n<meta name=\"robots\" content=\"index, follow, max-snippet:-1, max-image-preview:large, max-video-preview:-1\" \/>\n<link rel=\"canonical\" href=\"https:\/\/motorgenie.com\/es\/politica-de-privacidad\/\" \/>\n<meta property=\"og:locale\" content=\"es_ES\" \/>\n<meta property=\"og:type\" content=\"article\" \/>\n<meta property=\"og:title\" content=\"Pol\u00edtica de privacidad - Motor Genie\" \/>\n<meta property=\"og:description\" content=\"[vc_row][vc_column][vc_row_inner][vc_column_inner][vc_column_text] Esta pol\u00edtica de privacidad se ha elaborado para servir mejor a quienes se preocupan por el uso que se hace en l\u00ednea de su &#8220;informaci\u00f3n personal identificable&#8221; (IPI). La IIP, tal como se utiliza en la legislaci\u00f3n estadounidense sobre privacidad y seguridad de la informaci\u00f3n, es informaci\u00f3n que puede utilizarse por s\u00ed sola o [&hellip;]\" \/>\n<meta property=\"og:url\" content=\"https:\/\/motorgenie.com\/es\/politica-de-privacidad\/\" \/>\n<meta property=\"og:site_name\" content=\"Motor Genie\" \/>\n<meta property=\"article:modified_time\" content=\"2024-01-02T21:20:31+00:00\" \/>\n<meta property=\"og:image\" content=\"https:\/\/motorgenie.com\/wp-content\/uploads\/2023\/11\/mg-splash.jpg\" \/>\n\t<meta property=\"og:image:width\" content=\"1200\" \/>\n\t<meta property=\"og:image:height\" content=\"630\" \/>\n\t<meta property=\"og:image:type\" content=\"image\/jpeg\" \/>\n<meta name=\"twitter:card\" content=\"summary_large_image\" \/>\n<meta name=\"twitter:label1\" content=\"Tiempo de lectura\" \/>\n\t<meta name=\"twitter:data1\" content=\"10 minutos\" \/>\n<script type=\"application\/ld+json\" class=\"yoast-schema-graph\">{\"@context\":\"https:\/\/schema.org\",\"@graph\":[{\"@type\":\"WebPage\",\"@id\":\"https:\/\/motorgenie.com\/es\/politica-de-privacidad\/\",\"url\":\"https:\/\/motorgenie.com\/es\/politica-de-privacidad\/\",\"name\":\"Pol\u00edtica de privacidad - Motor Genie\",\"isPartOf\":{\"@id\":\"https:\/\/motorgenie.com\/es\/#website\"},\"datePublished\":\"2016-07-01T10:24:18+00:00\",\"dateModified\":\"2024-01-02T21:20:31+00:00\",\"breadcrumb\":{\"@id\":\"https:\/\/motorgenie.com\/es\/politica-de-privacidad\/#breadcrumb\"},\"inLanguage\":\"es\",\"potentialAction\":[{\"@type\":\"ReadAction\",\"target\":[\"https:\/\/motorgenie.com\/es\/politica-de-privacidad\/\"]}]},{\"@type\":\"BreadcrumbList\",\"@id\":\"https:\/\/motorgenie.com\/es\/politica-de-privacidad\/#breadcrumb\",\"itemListElement\":[{\"@type\":\"ListItem\",\"position\":1,\"name\":\"Home\",\"item\":\"https:\/\/motorgenie.com\/es\/inicio\/\"},{\"@type\":\"ListItem\",\"position\":2,\"name\":\"Pol\u00edtica de privacidad\"}]},{\"@type\":\"WebSite\",\"@id\":\"https:\/\/motorgenie.com\/es\/#website\",\"url\":\"https:\/\/motorgenie.com\/es\/\",\"name\":\"Motor Genie\",\"description\":\"\",\"publisher\":{\"@id\":\"https:\/\/motorgenie.com\/es\/#organization\"},\"potentialAction\":[{\"@type\":\"SearchAction\",\"target\":{\"@type\":\"EntryPoint\",\"urlTemplate\":\"https:\/\/motorgenie.com\/es\/?s={search_term_string}\"},\"query-input\":\"required name=search_term_string\"}],\"inLanguage\":\"es\"},{\"@type\":\"Organization\",\"@id\":\"https:\/\/motorgenie.com\/es\/#organization\",\"name\":\"Motor Genie\",\"url\":\"https:\/\/motorgenie.com\/es\/\",\"logo\":{\"@type\":\"ImageObject\",\"inLanguage\":\"es\",\"@id\":\"https:\/\/motorgenie.com\/es\/#\/schema\/logo\/image\/\",\"url\":\"https:\/\/motorgenie.com\/wp-content\/uploads\/2023\/11\/Untitled.jpeg\",\"contentUrl\":\"https:\/\/motorgenie.com\/wp-content\/uploads\/2023\/11\/Untitled.jpeg\",\"width\":640,\"height\":640,\"caption\":\"Motor Genie\"},\"image\":{\"@id\":\"https:\/\/motorgenie.com\/es\/#\/schema\/logo\/image\/\"}}]}<\/script>\n<!-- \/ Yoast SEO plugin. -->","yoast_head_json":{"title":"Pol\u00edtica de privacidad - Motor Genie","robots":{"index":"index","follow":"follow","max-snippet":"max-snippet:-1","max-image-preview":"max-image-preview:large","max-video-preview":"max-video-preview:-1"},"canonical":"https:\/\/motorgenie.com\/es\/politica-de-privacidad\/","og_locale":"es_ES","og_type":"article","og_title":"Pol\u00edtica de privacidad - Motor Genie","og_description":"[vc_row][vc_column][vc_row_inner][vc_column_inner][vc_column_text] Esta pol\u00edtica de privacidad se ha elaborado para servir mejor a quienes se preocupan por el uso que se hace en l\u00ednea de su &#8220;informaci\u00f3n personal identificable&#8221; (IPI). La IIP, tal como se utiliza en la legislaci\u00f3n estadounidense sobre privacidad y seguridad de la informaci\u00f3n, es informaci\u00f3n que puede utilizarse por s\u00ed sola o [&hellip;]","og_url":"https:\/\/motorgenie.com\/es\/politica-de-privacidad\/","og_site_name":"Motor Genie","article_modified_time":"2024-01-02T21:20:31+00:00","og_image":[{"width":1200,"height":630,"url":"https:\/\/motorgenie.com\/wp-content\/uploads\/2023\/11\/mg-splash.jpg","type":"image\/jpeg"}],"twitter_card":"summary_large_image","twitter_misc":{"Tiempo de lectura":"10 minutos"},"schema":{"@context":"https:\/\/schema.org","@graph":[{"@type":"WebPage","@id":"https:\/\/motorgenie.com\/es\/politica-de-privacidad\/","url":"https:\/\/motorgenie.com\/es\/politica-de-privacidad\/","name":"Pol\u00edtica de privacidad - Motor Genie","isPartOf":{"@id":"https:\/\/motorgenie.com\/es\/#website"},"datePublished":"2016-07-01T10:24:18+00:00","dateModified":"2024-01-02T21:20:31+00:00","breadcrumb":{"@id":"https:\/\/motorgenie.com\/es\/politica-de-privacidad\/#breadcrumb"},"inLanguage":"es","potentialAction":[{"@type":"ReadAction","target":["https:\/\/motorgenie.com\/es\/politica-de-privacidad\/"]}]},{"@type":"BreadcrumbList","@id":"https:\/\/motorgenie.com\/es\/politica-de-privacidad\/#breadcrumb","itemListElement":[{"@type":"ListItem","position":1,"name":"Home","item":"https:\/\/motorgenie.com\/es\/inicio\/"},{"@type":"ListItem","position":2,"name":"Pol\u00edtica de privacidad"}]},{"@type":"WebSite","@id":"https:\/\/motorgenie.com\/es\/#website","url":"https:\/\/motorgenie.com\/es\/","name":"Motor Genie","description":"","publisher":{"@id":"https:\/\/motorgenie.com\/es\/#organization"},"potentialAction":[{"@type":"SearchAction","target":{"@type":"EntryPoint","urlTemplate":"https:\/\/motorgenie.com\/es\/?s={search_term_string}"},"query-input":"required name=search_term_string"}],"inLanguage":"es"},{"@type":"Organization","@id":"https:\/\/motorgenie.com\/es\/#organization","name":"Motor Genie","url":"https:\/\/motorgenie.com\/es\/","logo":{"@type":"ImageObject","inLanguage":"es","@id":"https:\/\/motorgenie.com\/es\/#\/schema\/logo\/image\/","url":"https:\/\/motorgenie.com\/wp-content\/uploads\/2023\/11\/Untitled.jpeg","contentUrl":"https:\/\/motorgenie.com\/wp-content\/uploads\/2023\/11\/Untitled.jpeg","width":640,"height":640,"caption":"Motor Genie"},"image":{"@id":"https:\/\/motorgenie.com\/es\/#\/schema\/logo\/image\/"}}]}},"_links":{"self":[{"href":"https:\/\/motorgenie.com\/es\/wp-json\/wp\/v2\/pages\/1858","targetHints":{"allow":["GET"]}}],"collection":[{"href":"https:\/\/motorgenie.com\/es\/wp-json\/wp\/v2\/pages"}],"about":[{"href":"https:\/\/motorgenie.com\/es\/wp-json\/wp\/v2\/types\/page"}],"author":[{"embeddable":true,"href":"https:\/\/motorgenie.com\/es\/wp-json\/wp\/v2\/users\/1"}],"replies":[{"embeddable":true,"href":"https:\/\/motorgenie.com\/es\/wp-json\/wp\/v2\/comments?post=1858"}],"version-history":[{"count":5,"href":"https:\/\/motorgenie.com\/es\/wp-json\/wp\/v2\/pages\/1858\/revisions"}],"predecessor-version":[{"id":1893,"href":"https:\/\/motorgenie.com\/es\/wp-json\/wp\/v2\/pages\/1858\/revisions\/1893"}],"wp:attachment":[{"href":"https:\/\/motorgenie.com\/es\/wp-json\/wp\/v2\/media?parent=1858"}],"curies":[{"name":"wp","href":"https:\/\/api.w.org\/{rel}","templated":true}]}}