{"id":1903,"date":"2016-07-01T10:24:18","date_gmt":"2016-07-01T10:24:18","guid":{"rendered":"https:\/\/motorgenie.com\/datenschutzbestimmungen\/"},"modified":"2024-01-02T21:22:00","modified_gmt":"2024-01-02T21:22:00","slug":"datenschutzbestimmungen","status":"publish","type":"page","link":"https:\/\/motorgenie.com\/de\/datenschutzbestimmungen\/","title":{"rendered":"Datenschutzbestimmungen"},"content":{"rendered":"<p>[vc_row][vc_column][vc_row_inner][vc_column_inner][vc_column_text]<\/p>\n<div class=\"col-md-8 col-md-offset-2\">\n<p>Diese Datenschutzrichtlinie wurde erstellt, um denjenigen, die sich Gedanken dar\u00fcber machen, wie ihre &#8220;pers\u00f6nlich identifizierbaren Informationen&#8221; (PII) online verwendet werden, besser zu helfen. PII, wie sie im US-Datenschutzrecht und in der Informationssicherheit verwendet werden, sind Informationen, die allein oder zusammen mit anderen Informationen verwendet werden k\u00f6nnen, um eine einzelne Person zu identifizieren, zu kontaktieren oder ausfindig zu machen, oder um eine Person im Kontext zu identifizieren. Bitte lesen Sie unsere Datenschutzrichtlinien sorgf\u00e4ltig durch, um sich ein klares Bild davon zu machen, wie wir Ihre personenbezogenen Daten in \u00dcbereinstimmung mit unserer Website erfassen, verwenden, sch\u00fctzen oder anderweitig behandeln.<\/p>\n<p>&nbsp;<\/p>\n<h4>Welche pers\u00f6nlichen Daten sammeln wir von den Besuchern unseres Blogs, unserer Website oder unserer App?<\/h4>\n<p>Bei der Bestellung oder Registrierung auf unserer Website werden Sie gegebenenfalls aufgefordert, Ihren Namen, Ihre E-Mail-Adresse oder andere Details einzugeben, die Ihnen bei der Nutzung der Website helfen.<\/p>\n<p>&nbsp;<\/p>\n<h4>Wann sammeln wir Informationen?<\/h4>\n<p>Wir sammeln Informationen von Ihnen, wenn Sie sich auf unserer Website registrieren, einen Newsletter abonnieren oder Informationen auf unserer Website eingeben.<\/p>\n<p>&nbsp;<\/p>\n<h4>Wie verwenden wir Ihre Informationen?<\/h4>\n<p>Wir k\u00f6nnen die Informationen, die wir von Ihnen sammeln, wenn Sie sich registrieren, einen Kauf t\u00e4tigen, sich f\u00fcr unseren Newsletter anmelden, auf eine Umfrage oder Marketingmitteilung antworten, auf der Website surfen oder bestimmte andere Funktionen der Website nutzen, wie folgt verwenden:<\/p>\n<ul>\n<li>Um die Nutzererfahrung zu personalisieren und um uns zu erm\u00f6glichen, die Art von Inhalten und Produktangeboten zu liefern, an denen Sie am meisten interessiert sind.<\/li>\n<li>Damit wir Ihnen bei der Beantwortung Ihrer Kundendienstanfragen besser helfen k\u00f6nnen.<\/li>\n<li>Zum Versenden regelm\u00e4\u00dfiger E-Mails \u00fcber Ihre Bestellung oder andere Produkte und Dienstleistungen.<\/li>\n<\/ul>\n<p>&nbsp;<\/p>\n<h4>Wie sch\u00fctzen wir die Daten unserer Besucher?<\/h4>\n<p>Unsere Website wird regelm\u00e4\u00dfig auf Sicherheitsl\u00fccken und bekannte Schwachstellen \u00fcberpr\u00fcft, um Ihren Besuch auf unserer Website so sicher wie m\u00f6glich zu machen.<\/p>\n<p>Wir f\u00fchren regelm\u00e4\u00dfig Malware-Scans durch.<\/p>\n<p>Ihre pers\u00f6nlichen Daten befinden sich hinter gesicherten Netzen und sind nur einer begrenzten Anzahl von Personen zug\u00e4nglich, die \u00fcber besondere Zugangsrechte zu diesen Systemen verf\u00fcgen und zur Geheimhaltung der Daten verpflichtet sind. Dar\u00fcber hinaus werden alle sensiblen Daten und Kreditinformationen, die Sie uns zur Verf\u00fcgung stellen, \u00fcber die Secure Socket Layer (SSL)-Technologie verschl\u00fcsselt.<\/p>\n<p>Wir setzen eine Reihe von Sicherheitsma\u00dfnahmen ein, wenn ein Benutzer seine Daten eingibt, \u00fcbermittelt oder darauf zugreift, um die Sicherheit Ihrer pers\u00f6nlichen Daten zu gew\u00e4hrleisten.<\/p>\n<p>Alle Transaktionen werden \u00fcber einen Gateway-Anbieter abgewickelt und werden nicht auf unseren Servern gespeichert oder verarbeitet.<\/p>\n<p>&nbsp;<\/p>\n<h4>Verwenden wir &#8220;Cookies&#8221;?<\/h4>\n<p>Ja. Cookies sind kleine Dateien, die eine Website oder ihr Dienstanbieter \u00fcber Ihren Webbrowser auf die Festplatte Ihres Computers \u00fcbertr\u00e4gt (sofern Sie dies zulassen) und die es den Systemen der Website oder des Dienstanbieters erm\u00f6glichen, Ihren Browser zu erkennen und bestimmte Informationen zu erfassen und zu speichern. So verwenden wir beispielsweise Cookies, um uns an die Artikel in Ihrem Einkaufswagen zu erinnern und diese zu verarbeiten. Sie werden auch verwendet, um Ihre Pr\u00e4ferenzen auf der Grundlage fr\u00fcherer oder aktueller Website-Aktivit\u00e4ten zu verstehen, was es uns erm\u00f6glicht, Ihnen bessere Dienstleistungen zu bieten. Wir verwenden Cookies auch, um aggregierte Daten \u00fcber den Website-Verkehr und die Website-Interaktion zu sammeln, damit wir in Zukunft bessere Website-Erfahrungen und -Tools anbieten k\u00f6nnen.<\/p>\n<p>&nbsp;<\/p>\n<h4>Wir verwenden Cookies um:<\/h4>\n<p><strong>  Verstehen und speichern Sie die Pr\u00e4ferenzen der Nutzer f\u00fcr zuk\u00fcnftige Besuche.<\/strong><br \/>\nSie k\u00f6nnen w\u00e4hlen, ob Ihr Computer Sie jedes Mal warnen soll, wenn ein Cookie gesendet wird, oder ob Sie alle Cookies deaktivieren wollen. Sie tun dies \u00fcber die Einstellungen Ihres Browsers (z. B. Internet Explorer). Jeder Browser ist ein wenig anders, daher sollten Sie im Hilfemen\u00fc Ihres Browsers nachsehen, wie Sie Ihre Cookies korrekt \u00e4ndern k\u00f6nnen.<\/p>\n<p>Wenn Sie Cookies deaktivieren, werden einige Funktionen deaktiviert. Dies hat keinen Einfluss auf die Benutzererfahrung, die Ihre Website effizienter macht, und einige unserer Dienste werden nicht richtig funktionieren.<\/p>\n<p>Sie k\u00f6nnen jedoch weiterhin Bestellungen aufgeben.<\/p>\n<p>&nbsp;<\/p>\n<h4>Offenlegung gegen\u00fcber Dritten<\/h4>\n<p>Wir verkaufen, handeln oder \u00fcbertragen Ihre personenbezogenen Daten nicht an Dritte.<\/p>\n<p>&nbsp;<\/p>\n<h4>Links von Dritten<\/h4>\n<p>Gelegentlich k\u00f6nnen wir nach eigenem Ermessen Produkte oder Dienstleistungen Dritter in unsere Website aufnehmen oder anbieten. Diese Websites von Dritten haben separate und unabh\u00e4ngige Datenschutzrichtlinien. Wir \u00fcbernehmen daher keine Verantwortung oder Haftung f\u00fcr den Inhalt und die Aktivit\u00e4ten dieser verlinkten Seiten. Wir sind jedoch bestrebt, die Integrit\u00e4t unserer Website zu sch\u00fctzen und freuen uns \u00fcber jedes Feedback zu diesen Websites.<\/p>\n<p>&nbsp;<\/p>\n<h4>Google<\/h4>\n<p>Die Anforderungen von Google an die Werbung lassen sich in den Werbegrunds\u00e4tzen von Google zusammenfassen. Sie werden eingef\u00fchrt, um den Nutzern eine positive Erfahrung zu bieten.  <a href=\"https:\/\/support.google.com\/adwordspolicy\/answer\/1316548?hl=en\" target=\"_blank\" rel=\"noopener\">Lesen Sie die Google-Anzeigenrichtlinie<\/a><\/p>\n<p>Wir verwenden Google AdSense-Werbung auf unserer Website.<br \/>\nGoogle, als Drittanbieter, verwendet Cookies, um Anzeigen auf unserer Website zu schalten. Die Verwendung des DART-Cookies durch Google erm\u00f6glicht die Schaltung von Anzeigen f\u00fcr unsere Nutzer auf der Grundlage ihres Besuchs auf unserer Website und anderen Websites im Internet. Die Nutzer k\u00f6nnen die Verwendung des DART-Cookies deaktivieren, indem sie die Datenschutzbestimmungen des Google-Anzeigen- und Content-Netzwerks aufrufen.<\/p>\n<p>&nbsp;<\/p>\n<h4>Wir haben die folgenden Ma\u00dfnahmen ergriffen:<\/h4>\n<p><strong>Demografische Daten und Interessensberichte<\/strong><\/p>\n<p>Zusammen mit Drittanbietern wie Google verwenden wir Erstanbieter-Cookies (z. B. Google Analytics-Cookies) und Drittanbieter-Cookies (z. B. DoubleClick-Cookies) oder andere Drittanbieter-Identifikatoren, um Daten \u00fcber Nutzerinteraktionen mit Werbeeinblendungen und andere Anzeigendienstfunktionen im Zusammenhang mit unserer Website zu sammeln.<\/p>\n<p><strong>Abmeldung:<\/strong><\/p>\n<p>Die Nutzer k\u00f6nnen auf der Seite mit den Google-Anzeigeneinstellungen festlegen, wie Google f\u00fcr sie wirbt. Alternativ k\u00f6nnen Sie sich auf der Deaktivierungsseite der Werbenetzwerk-Initiative oder dauerhaft \u00fcber das Browser-Add-on Google Analytics Opt Out abmelden.<\/p>\n<p>&nbsp;<\/p>\n<h4>Kalifornisches Gesetz zum Schutz der Privatsph\u00e4re im Internet<\/h4>\n<p>CalOPPA ist das erste bundesstaatliche Gesetz, das kommerzielle Websites und Online-Dienste dazu verpflichtet, eine Datenschutzrichtlinie zu ver\u00f6ffentlichen. Der Geltungsbereich des Gesetzes geht weit \u00fcber Kalifornien hinaus und verpflichtet Personen oder Unternehmen in den Vereinigten Staaten (und m\u00f6glicherweise weltweit), die Websites betreiben, auf denen personenbezogene Daten von kalifornischen Verbrauchern erfasst werden, dazu, auf ihrer Website eine gut sichtbare Datenschutzerkl\u00e4rung zu ver\u00f6ffentlichen, in der genau angegeben wird, welche Daten erfasst werden und an welche Personen sie weitergegeben werden, und diese Datenschutzerkl\u00e4rung einzuhalten. &#8211; <a href=\"http:\/\/consumercal.org\/california-online-privacy-protection-act-caloppa\/#sthash.0FdRbT51.dpuf\" target=\"_blank\" rel=\"noopener\">Mehr sehen.<\/a><\/p>\n<p>&nbsp;<\/p>\n<h4>Gem\u00e4\u00df CalOPPA stimmen wir folgendem zu:<\/h4>\n<p>Benutzer k\u00f6nnen unsere Website anonym besuchen<\/p>\n<p>Sobald diese Datenschutzrichtlinie erstellt ist, werden wir einen Link zu ihr auf unserer Homepage oder zumindest auf der ersten wichtigen Seite nach dem Betreten unserer Website einf\u00fcgen.<\/p>\n<p>Der Link zu unserer Datenschutzrichtlinie enth\u00e4lt das Wort &#8220;Datenschutz&#8221; und kann leicht auf der oben genannten Seite gefunden werden.<br \/>\nDie Nutzer werden \u00fcber alle \u00c4nderungen der Datenschutzbestimmungen informiert:<\/p>\n<p>&#8211; <strong>Auf<\/strong> unserer Seite zum Datenschutz<\/p>\n<p>Die Nutzer k\u00f6nnen ihre pers\u00f6nlichen Daten \u00e4ndern:<\/p>\n<p>&#8211; <strong>Per<\/strong> E-Mail an uns<\/p>\n<p>&#8211; <strong>Indem sie<\/strong> sich bei ihrem Konto anmelden<\/p>\n<p>&nbsp;<\/p>\n<h4>Wie geht unsere Website mit &#8220;Do not track&#8221;-Signalen um?<\/h4>\n<p>Wir ehren &#8220;Do Not Track&#8221;-Signale und verfolgen nicht, setzen keine Cookies und verwenden keine Werbung, wenn ein &#8220;Do Not Track&#8221;-Browsermechanismus (DNT) aktiviert ist.<\/p>\n<p>&nbsp;<\/p>\n<h4>Erlaubt unsere Website das Tracking von Verhaltensdaten durch Dritte?<\/h4>\n<p>Es ist auch wichtig zu wissen, dass wir kein Verhaltenstracking durch Dritte zulassen.<\/p>\n<p>&nbsp;<\/p>\n<h4>COPPA (Gesetz zum Schutz der Privatsph\u00e4re von Kindern im Internet)<\/h4>\n<p>Wenn es um die Erfassung personenbezogener Daten von Kindern unter 13 Jahren geht, haben die Eltern nach dem Children&#8217;s Online Privacy Protection Act (COPPA) die Kontrolle. Die Federal Trade Commission, die nationale Verbraucherschutzbeh\u00f6rde, setzt die COPPA-Regel durch, in der festgelegt ist, was Betreiber von Websites und Online-Diensten tun m\u00fcssen, um die Privatsph\u00e4re und Sicherheit von Kindern im Internet zu sch\u00fctzen.<br \/>\nWir wenden uns nicht speziell an Kinder unter 13 Jahren.<\/p>\n<p>&nbsp;<\/p>\n<h4>Faire Informationspraktiken<\/h4>\n<p>Die Fair Information Practices Principles bilden das R\u00fcckgrat des Datenschutzrechts in den Vereinigten Staaten, und die darin enthaltenen Konzepte haben bei der Entwicklung von Datenschutzgesetzen auf der ganzen Welt eine wichtige Rolle gespielt. Das Verst\u00e4ndnis der Grunds\u00e4tze der fairen Informationspraxis und deren Umsetzung ist entscheidend f\u00fcr die Einhaltung der verschiedenen Datenschutzgesetze zum Schutz personenbezogener Daten.<\/p>\n<h4>Um den fairen Informationspraktiken gerecht zu werden, werden wir im Falle einer Datenverletzung die folgenden Ma\u00dfnahmen ergreifen:<\/h4>\n<p>Wir werden die Benutzer per E-Mail benachrichtigen<\/p>\n<p>&#8211; <strong>Innerhalb von<\/strong> 1 Arbeitstag<br \/>\nWir stimmen auch dem Grundsatz des individuellen Rechtsbehelfs zu, der vorsieht, dass Einzelpersonen das Recht haben, rechtlich durchsetzbare Anspr\u00fcche gegen Datenerheber und -verarbeiter geltend zu machen, die sich nicht an das Gesetz halten. Dieser Grundsatz erfordert nicht nur, dass Einzelpersonen einklagbare Rechte gegen\u00fcber Datennutzern haben, sondern auch, dass Einzelpersonen sich an Gerichte oder eine Regierungsbeh\u00f6rde wenden k\u00f6nnen, um die Nichteinhaltung der Vorschriften durch Datenverarbeiter zu untersuchen und\/oder zu verfolgen.<\/p>\n<p>&nbsp;<\/p>\n<h4>CAN SPAM-Gesetz<\/h4>\n<p>Der CAN-SPAM Act ist ein Gesetz, das die Regeln f\u00fcr kommerzielle E-Mails festlegt, Anforderungen f\u00fcr kommerzielle Nachrichten aufstellt, den Empf\u00e4ngern das Recht einr\u00e4umt, den Versand von E-Mails an sie zu unterbinden, und harte Strafen f\u00fcr Verst\u00f6\u00dfe vorsieht.<\/p>\n<p>&nbsp;<\/p>\n<h4>Wir erfassen Ihre E-Mail-Adresse, um:<\/h4>\n<p>&#8211; <strong>Versenden von<\/strong> Informationen, Beantworten von Anfragen und\/oder anderen Ersuchen oder Fragen.<\/p>\n<p>&#8211; <strong>Werbung<\/strong> f\u00fcr unsere Mailing-Liste oder das weitere Versenden von E-Mails an unsere Kunden, nachdem die urspr\u00fcngliche Transaktion stattgefunden hat<\/p>\n<p>&nbsp;<\/p>\n<h4>In \u00dcbereinstimmung mit CANSPAM erkl\u00e4ren wir uns mit den folgenden Punkten einverstanden:<\/h4>\n<p>&#8211; <strong>KEINE<\/strong> falschen oder irref\u00fchrenden Betreffe oder E-Mail-Adressen verwenden<\/p>\n<p>&#8211; die Nachricht auf angemessene Weise als Werbung zu <strong>identifizieren<\/strong> <\/p>\n<p>&#8211; <strong>Geben Sie<\/strong> die physische Adresse unseres Gesch\u00e4fts- oder Standortsitzes <strong>an<\/strong>.<\/p>\n<p>&#8211; <strong>\u00dcberwachen Sie<\/strong> E-Mail-Marketingdienste von Drittanbietern auf die Einhaltung der Vorschriften, falls solche genutzt werden.<\/p>\n<p>&#8211; Rasche <strong>Bearbeitung von<\/strong> Abmelde-\/Abbestellungsanfragen<\/p>\n<p>&#8211; <strong>Erm\u00f6glichen Sie es<\/strong> den Nutzern, sich \u00fcber einen Link am Ende jeder E-Mail abzumelden.<\/p>\n<p>&nbsp;<\/p>\n<h4>Wenn Sie den Erhalt zuk\u00fcnftiger E-Mails jederzeit abbestellen m\u00f6chten, k\u00f6nnen Sie uns eine E-Mail an<\/h4>\n<p>&#8211; <strong>Befolgen Sie<\/strong> die Anweisungen am Ende jeder E-Mail.<\/p>\n<p>und wir werden Sie umgehend aus dem <strong> gesamten <\/strong> Schriftverkehr entfernen.<\/p>\n<p>&nbsp;<\/p>\n<h4>Kontaktieren Sie uns<\/h4>\n<p>Wenn Sie Fragen zu dieser Datenschutzerkl\u00e4rung haben, k\u00f6nnen Sie sich mit uns in Verbindung setzen, indem Sie die nachstehenden Informationen verwenden.<\/p>\n<p>IHR UNTERNEHMEN<\/p>\n<p>ADRESSE 1<\/p>\n<p>ADRESSE 2<\/p>\n<p>STADT, BUNDESLAND, POSTLEITZAHL<\/p>\n<\/div>\n<p>[\/vc_column_text][\/vc_column_inner][\/vc_row_inner][\/vc_column][\/vc_row]<\/p>\n","protected":false},"excerpt":{"rendered":"<p>[vc_row][vc_column][vc_row_inner][vc_column_inner][vc_column_text] Diese Datenschutzrichtlinie wurde erstellt, um denjenigen, die sich Gedanken dar\u00fcber machen, wie ihre &#8220;pers\u00f6nlich identifizierbaren Informationen&#8221; (PII) online verwendet werden, besser zu helfen. PII, wie sie im US-Datenschutzrecht und in der Informationssicherheit verwendet werden, sind Informationen, die allein oder zusammen mit anderen Informationen verwendet werden k\u00f6nnen, um eine einzelne Person zu identifizieren, zu kontaktieren [&hellip;]<\/p>\n","protected":false},"author":1,"featured_media":0,"parent":0,"menu_order":0,"comment_status":"closed","ping_status":"closed","template":"fullwidth-page.php","meta":{"footnotes":""},"class_list":["post-1903","page","type-page","status-publish","hentry"],"yoast_head":"<!-- This site is optimized with the Yoast SEO plugin v21.7 - https:\/\/yoast.com\/wordpress\/plugins\/seo\/ -->\n<title>Datenschutzbestimmungen - Motor Genie<\/title>\n<meta name=\"robots\" content=\"index, follow, max-snippet:-1, max-image-preview:large, max-video-preview:-1\" \/>\n<link rel=\"canonical\" href=\"https:\/\/motorgenie.com\/de\/datenschutzbestimmungen\/\" \/>\n<meta property=\"og:locale\" content=\"de_DE\" \/>\n<meta property=\"og:type\" content=\"article\" \/>\n<meta property=\"og:title\" content=\"Datenschutzbestimmungen - Motor Genie\" \/>\n<meta property=\"og:description\" content=\"[vc_row][vc_column][vc_row_inner][vc_column_inner][vc_column_text] Diese Datenschutzrichtlinie wurde erstellt, um denjenigen, die sich Gedanken dar\u00fcber machen, wie ihre &#8220;pers\u00f6nlich identifizierbaren Informationen&#8221; (PII) online verwendet werden, besser zu helfen. PII, wie sie im US-Datenschutzrecht und in der Informationssicherheit verwendet werden, sind Informationen, die allein oder zusammen mit anderen Informationen verwendet werden k\u00f6nnen, um eine einzelne Person zu identifizieren, zu kontaktieren [&hellip;]\" \/>\n<meta property=\"og:url\" content=\"https:\/\/motorgenie.com\/de\/datenschutzbestimmungen\/\" \/>\n<meta property=\"og:site_name\" content=\"Motor Genie\" \/>\n<meta property=\"article:modified_time\" content=\"2024-01-02T21:22:00+00:00\" \/>\n<meta property=\"og:image\" content=\"https:\/\/motorgenie.com\/wp-content\/uploads\/2023\/11\/mg-splash.jpg\" \/>\n\t<meta property=\"og:image:width\" content=\"1200\" \/>\n\t<meta property=\"og:image:height\" content=\"630\" \/>\n\t<meta property=\"og:image:type\" content=\"image\/jpeg\" \/>\n<meta name=\"twitter:card\" content=\"summary_large_image\" \/>\n<meta name=\"twitter:label1\" content=\"Gesch\u00e4tzte Lesezeit\" \/>\n\t<meta name=\"twitter:data1\" content=\"9\u00a0Minuten\" \/>\n<script type=\"application\/ld+json\" class=\"yoast-schema-graph\">{\"@context\":\"https:\/\/schema.org\",\"@graph\":[{\"@type\":\"WebPage\",\"@id\":\"https:\/\/motorgenie.com\/de\/datenschutzbestimmungen\/\",\"url\":\"https:\/\/motorgenie.com\/de\/datenschutzbestimmungen\/\",\"name\":\"Datenschutzbestimmungen - Motor Genie\",\"isPartOf\":{\"@id\":\"https:\/\/motorgenie.com\/de\/#website\"},\"datePublished\":\"2016-07-01T10:24:18+00:00\",\"dateModified\":\"2024-01-02T21:22:00+00:00\",\"breadcrumb\":{\"@id\":\"https:\/\/motorgenie.com\/de\/datenschutzbestimmungen\/#breadcrumb\"},\"inLanguage\":\"de\",\"potentialAction\":[{\"@type\":\"ReadAction\",\"target\":[\"https:\/\/motorgenie.com\/de\/datenschutzbestimmungen\/\"]}]},{\"@type\":\"BreadcrumbList\",\"@id\":\"https:\/\/motorgenie.com\/de\/datenschutzbestimmungen\/#breadcrumb\",\"itemListElement\":[{\"@type\":\"ListItem\",\"position\":1,\"name\":\"Home\",\"item\":\"https:\/\/motorgenie.com\/de\/startseite\/\"},{\"@type\":\"ListItem\",\"position\":2,\"name\":\"Datenschutzbestimmungen\"}]},{\"@type\":\"WebSite\",\"@id\":\"https:\/\/motorgenie.com\/de\/#website\",\"url\":\"https:\/\/motorgenie.com\/de\/\",\"name\":\"Motor Genie\",\"description\":\"\",\"publisher\":{\"@id\":\"https:\/\/motorgenie.com\/de\/#organization\"},\"potentialAction\":[{\"@type\":\"SearchAction\",\"target\":{\"@type\":\"EntryPoint\",\"urlTemplate\":\"https:\/\/motorgenie.com\/de\/?s={search_term_string}\"},\"query-input\":\"required name=search_term_string\"}],\"inLanguage\":\"de\"},{\"@type\":\"Organization\",\"@id\":\"https:\/\/motorgenie.com\/de\/#organization\",\"name\":\"Motor Genie\",\"url\":\"https:\/\/motorgenie.com\/de\/\",\"logo\":{\"@type\":\"ImageObject\",\"inLanguage\":\"de\",\"@id\":\"https:\/\/motorgenie.com\/de\/#\/schema\/logo\/image\/\",\"url\":\"https:\/\/motorgenie.com\/wp-content\/uploads\/2023\/11\/Untitled.jpeg\",\"contentUrl\":\"https:\/\/motorgenie.com\/wp-content\/uploads\/2023\/11\/Untitled.jpeg\",\"width\":640,\"height\":640,\"caption\":\"Motor Genie\"},\"image\":{\"@id\":\"https:\/\/motorgenie.com\/de\/#\/schema\/logo\/image\/\"}}]}<\/script>\n<!-- \/ Yoast SEO plugin. -->","yoast_head_json":{"title":"Datenschutzbestimmungen - Motor Genie","robots":{"index":"index","follow":"follow","max-snippet":"max-snippet:-1","max-image-preview":"max-image-preview:large","max-video-preview":"max-video-preview:-1"},"canonical":"https:\/\/motorgenie.com\/de\/datenschutzbestimmungen\/","og_locale":"de_DE","og_type":"article","og_title":"Datenschutzbestimmungen - Motor Genie","og_description":"[vc_row][vc_column][vc_row_inner][vc_column_inner][vc_column_text] Diese Datenschutzrichtlinie wurde erstellt, um denjenigen, die sich Gedanken dar\u00fcber machen, wie ihre &#8220;pers\u00f6nlich identifizierbaren Informationen&#8221; (PII) online verwendet werden, besser zu helfen. PII, wie sie im US-Datenschutzrecht und in der Informationssicherheit verwendet werden, sind Informationen, die allein oder zusammen mit anderen Informationen verwendet werden k\u00f6nnen, um eine einzelne Person zu identifizieren, zu kontaktieren [&hellip;]","og_url":"https:\/\/motorgenie.com\/de\/datenschutzbestimmungen\/","og_site_name":"Motor Genie","article_modified_time":"2024-01-02T21:22:00+00:00","og_image":[{"width":1200,"height":630,"url":"https:\/\/motorgenie.com\/wp-content\/uploads\/2023\/11\/mg-splash.jpg","type":"image\/jpeg"}],"twitter_card":"summary_large_image","twitter_misc":{"Gesch\u00e4tzte Lesezeit":"9\u00a0Minuten"},"schema":{"@context":"https:\/\/schema.org","@graph":[{"@type":"WebPage","@id":"https:\/\/motorgenie.com\/de\/datenschutzbestimmungen\/","url":"https:\/\/motorgenie.com\/de\/datenschutzbestimmungen\/","name":"Datenschutzbestimmungen - Motor Genie","isPartOf":{"@id":"https:\/\/motorgenie.com\/de\/#website"},"datePublished":"2016-07-01T10:24:18+00:00","dateModified":"2024-01-02T21:22:00+00:00","breadcrumb":{"@id":"https:\/\/motorgenie.com\/de\/datenschutzbestimmungen\/#breadcrumb"},"inLanguage":"de","potentialAction":[{"@type":"ReadAction","target":["https:\/\/motorgenie.com\/de\/datenschutzbestimmungen\/"]}]},{"@type":"BreadcrumbList","@id":"https:\/\/motorgenie.com\/de\/datenschutzbestimmungen\/#breadcrumb","itemListElement":[{"@type":"ListItem","position":1,"name":"Home","item":"https:\/\/motorgenie.com\/de\/startseite\/"},{"@type":"ListItem","position":2,"name":"Datenschutzbestimmungen"}]},{"@type":"WebSite","@id":"https:\/\/motorgenie.com\/de\/#website","url":"https:\/\/motorgenie.com\/de\/","name":"Motor Genie","description":"","publisher":{"@id":"https:\/\/motorgenie.com\/de\/#organization"},"potentialAction":[{"@type":"SearchAction","target":{"@type":"EntryPoint","urlTemplate":"https:\/\/motorgenie.com\/de\/?s={search_term_string}"},"query-input":"required name=search_term_string"}],"inLanguage":"de"},{"@type":"Organization","@id":"https:\/\/motorgenie.com\/de\/#organization","name":"Motor Genie","url":"https:\/\/motorgenie.com\/de\/","logo":{"@type":"ImageObject","inLanguage":"de","@id":"https:\/\/motorgenie.com\/de\/#\/schema\/logo\/image\/","url":"https:\/\/motorgenie.com\/wp-content\/uploads\/2023\/11\/Untitled.jpeg","contentUrl":"https:\/\/motorgenie.com\/wp-content\/uploads\/2023\/11\/Untitled.jpeg","width":640,"height":640,"caption":"Motor Genie"},"image":{"@id":"https:\/\/motorgenie.com\/de\/#\/schema\/logo\/image\/"}}]}},"_links":{"self":[{"href":"https:\/\/motorgenie.com\/de\/wp-json\/wp\/v2\/pages\/1903","targetHints":{"allow":["GET"]}}],"collection":[{"href":"https:\/\/motorgenie.com\/de\/wp-json\/wp\/v2\/pages"}],"about":[{"href":"https:\/\/motorgenie.com\/de\/wp-json\/wp\/v2\/types\/page"}],"author":[{"embeddable":true,"href":"https:\/\/motorgenie.com\/de\/wp-json\/wp\/v2\/users\/1"}],"replies":[{"embeddable":true,"href":"https:\/\/motorgenie.com\/de\/wp-json\/wp\/v2\/comments?post=1903"}],"version-history":[{"count":10,"href":"https:\/\/motorgenie.com\/de\/wp-json\/wp\/v2\/pages\/1903\/revisions"}],"predecessor-version":[{"id":2013,"href":"https:\/\/motorgenie.com\/de\/wp-json\/wp\/v2\/pages\/1903\/revisions\/2013"}],"wp:attachment":[{"href":"https:\/\/motorgenie.com\/de\/wp-json\/wp\/v2\/media?parent=1903"}],"curies":[{"name":"wp","href":"https:\/\/api.w.org\/{rel}","templated":true}]}}